{"id":2164,"date":"2023-11-13T09:45:24","date_gmt":"2023-11-13T08:45:24","guid":{"rendered":"https:\/\/preprod.henri-vins.ch\/balade-e-bike-vigne\/"},"modified":"2023-12-11T10:57:28","modified_gmt":"2023-12-11T09:57:28","slug":"ebike-weinberge","status":"publish","type":"page","link":"https:\/\/preprod.henri-vins.ch\/de\/ebike-weinberge\/","title":{"rendered":"E-Bike durch die Weinberge"},"content":{"rendered":"\n\n<section class=\"gut-block gut-hero bg-color-none with-bg-img\" >\n            <div class=\"bg-img\">\n            <img loading=\"lazy\" decoding=\"async\" width=\"1920\" height=\"580\" src=\"https:\/\/preprod.henri-vins.ch\/wp-content\/uploads\/sites\/2\/2023\/11\/ebike-vigne-badouxtheque-vins-henri-badoux-aigle-Copie.jpg\" class=\"attachment-banner size-banner\" alt=\"Balade en bike \u00e0 travers les vignes de la Maison Henri Badoux \u00e0 Aigle.\" srcset=\"https:\/\/preprod.henri-vins.ch\/wp-content\/uploads\/sites\/2\/2023\/11\/ebike-vigne-badouxtheque-vins-henri-badoux-aigle-Copie.jpg 1920w, https:\/\/preprod.henri-vins.ch\/wp-content\/uploads\/sites\/2\/2023\/11\/ebike-vigne-badouxtheque-vins-henri-badoux-aigle-Copie-300x91.jpg 300w, https:\/\/preprod.henri-vins.ch\/wp-content\/uploads\/sites\/2\/2023\/11\/ebike-vigne-badouxtheque-vins-henri-badoux-aigle-Copie-1024x309.jpg 1024w, https:\/\/preprod.henri-vins.ch\/wp-content\/uploads\/sites\/2\/2023\/11\/ebike-vigne-badouxtheque-vins-henri-badoux-aigle-Copie-768x232.jpg 768w, https:\/\/preprod.henri-vins.ch\/wp-content\/uploads\/sites\/2\/2023\/11\/ebike-vigne-badouxtheque-vins-henri-badoux-aigle-Copie-1536x464.jpg 1536w\" sizes=\"(max-width: 1920px) 100vw, 1920px\" \/>        <\/div>\n        \n    <div class=\"wrap\">\n        <ul class=\"breadcrumb\">\n    <li>\n        <a href=\"https:\/\/preprod.henri-vins.ch\/de\/\">Accueil<\/a>\n    <\/li>\n\n    \n    \n    <li>\n        <span class=\"current\">E-Bike durch die Weinberge<\/span>\n    <\/li>\n<\/ul>        \n        <div class=\"content\">\n            <h1 class=\"block-title title-big\">\n                                    E-Bike durch die Weinberge                            <\/h1>\n\n            \n                            <div class=\"cta-container\">\n                    <a href=\"mailto:info@henri-badoux.ch\" target=\"_blank\" class=\"btn\">Buchungsanfrage<\/a>\n                <\/div>\n                    <\/div>\n    <\/div>\n\n    <button type=\"button\" class=\"btn cts\">Scroll<\/button>\n<\/section>\n\n\n\n<section class=\"gut-block gut-texte centered-text bg-color-none\" >\n    <div class=\"wrap\">\n        <div class=\"block-texte wysiwyg-content\">\n            <h2 style=\"text-align: center\">Erleben Sie eine einzigartige Weintourismus-Erfahrung in der BadouxTh\u00e8que in Yvorne<\/h2>\n<p style=\"text-align: center\">Um den Reichtum der Weinberge von Aigle zu entdecken, f\u00fchrt das Maison Henri Badoux die Radfahrer mit dem Ebike mitten durch die Weinberge. Mit Blick auf die Weinberge k\u00f6nnen die Henri-Weine zusammen mit regionalen Produkten verkostet werden.<\/p>\n        <\/div>\n    <\/div>\n<\/section>\n\n\n\n<section class=\"gut-block gut-texte  bg-color-jaune\" >\n    <div class=\"wrap\">\n        <div class=\"block-texte wysiwyg-content\">\n            <p>Ausgestattet mit einem E-Bike machen Sie gemeinsam mit einem Guide von Henri Badoux eine gem\u00fctliche Fahrradtour durch die Weinberge von Aigle und Yvorne. So erleben Sie den Reichtum unserer Rebsorten entlang der zehn Kilometer langen Strecke hautnah mit.<\/p>\n<p>&nbsp;<\/p>\n<div class=\"cms-page__block-paragraph-right\">\n<p>Im Preis inbegriffen ist die Verkostung unserer Weine direkt neben dem Ch\u00e2teau d\u2019Aigle. Nach der sportlichen Aktivit\u00e4t in unseren Weinbergen lassen Sie den Tag bei einer Mahlzeit in unserer <a href=\"https:\/\/www.group-events.ch\/la-badouxtheque\/\" target=\"_blank\" rel=\"noopener\">BadouxTh\u00e8que<\/a> ausklingen. Die E-Bike-Tour bieten wir ebenfalls als Abendausflug mit anschliessender Degustation an.<\/p>\n<\/div>\n<h3>Dienstleistungen und Preise<\/h3>\n<ul>\n<li>Dauer der Aktivit\u00e4t: 4 Stunden<\/li>\n<li>Gef\u00fchrte Tour<\/li>\n<li>Elektrofahrrad und Helm<\/li>\n<li>Aperitif in den Weinbergen<\/li>\n<li>Essen in der BadouxTh\u00e8que<\/li>\n<li>CHF 150.- pro Person<\/li>\n<\/ul>\n<h3>Praktische Informationen<\/h3>\n<ul>\n<li>Angebot f\u00fcr Gruppen ab 6 Personen<\/li>\n<li>Kommentare auf Deutsch, Franz\u00f6sisch oder Englisch<\/li>\n<li>Besuch nur auf Vorbestellung<\/li>\n<li>Gratisparkpl\u00e4tze vorhanden<\/li>\n<\/ul>\n<p>&nbsp;<\/p>\n        <\/div>\n    <\/div>\n<\/section>","protected":false},"excerpt":{"rendered":"","protected":false},"author":14,"featured_media":1086,"parent":0,"menu_order":0,"comment_status":"closed","ping_status":"closed","template":"","meta":{"_acf_changed":false,"inline_featured_image":false,"footnotes":""},"acf":[],"yoast_head":"<!-- This site is optimized with the Yoast SEO plugin v24.5 - https:\/\/yoast.com\/wordpress\/plugins\/seo\/ -->\n<title>4 Aktivit\u00e4ten Weintourismus : E-Bike und Weinprobe | Weine Henri Badoux<\/title>\n<meta name=\"description\" content=\"Entdecken Sie die Weinberge von Aigle und Yvorne mit dem E-Bike in Begleitung eines Spezialisten f\u00fcr die Welt der Weinreben und probieren Sie ein Glas Wein von Henri Badoux in der BadouxTh\u00e8que.\" \/>\n<meta name=\"robots\" content=\"noindex, follow, max-snippet:-1, max-image-preview:large, max-video-preview:-1\" \/>\n<meta property=\"og:locale\" content=\"de_DE\" \/>\n<meta property=\"og:type\" content=\"article\" \/>\n<meta property=\"og:title\" content=\"4 Aktivit\u00e4ten Weintourismus : E-Bike und Weinprobe | Weine Henri Badoux\" \/>\n<meta property=\"og:description\" content=\"Entdecken Sie die Weinberge von Aigle und Yvorne mit dem E-Bike in Begleitung eines Spezialisten f\u00fcr die Welt der Weinreben und probieren Sie ein Glas Wein von Henri Badoux in der BadouxTh\u00e8que.\" \/>\n<meta property=\"og:url\" content=\"https:\/\/preprod.henri-vins.ch\/de\/ebike-weinberge\/\" \/>\n<meta property=\"og:site_name\" content=\"Henri\" \/>\n<meta property=\"article:modified_time\" content=\"2023-12-11T09:57:28+00:00\" \/>\n<meta property=\"og:image\" content=\"https:\/\/preprod.henri-vins.ch\/wp-content\/uploads\/sites\/2\/2023\/10\/experience-oeno-tourisme-vins-henri-badoux-balde-ebike-vigne.jpg\" \/>\n\t<meta property=\"og:image:width\" content=\"610\" \/>\n\t<meta property=\"og:image:height\" content=\"610\" \/>\n\t<meta property=\"og:image:type\" content=\"image\/jpeg\" \/>\n<meta name=\"twitter:card\" content=\"summary_large_image\" \/>\n<script type=\"application\/ld+json\" class=\"yoast-schema-graph\">{\"@context\":\"https:\/\/schema.org\",\"@graph\":[{\"@type\":\"WebPage\",\"@id\":\"https:\/\/preprod.henri-vins.ch\/de\/ebike-weinberge\/\",\"url\":\"https:\/\/preprod.henri-vins.ch\/de\/ebike-weinberge\/\",\"name\":\"4 Aktivit\u00e4ten Weintourismus : E-Bike und Weinprobe | Weine Henri Badoux\",\"isPartOf\":{\"@id\":\"https:\/\/preprod.henri-vins.ch\/de\/#website\"},\"primaryImageOfPage\":{\"@id\":\"https:\/\/preprod.henri-vins.ch\/de\/ebike-weinberge\/#primaryimage\"},\"image\":{\"@id\":\"https:\/\/preprod.henri-vins.ch\/de\/ebike-weinberge\/#primaryimage\"},\"thumbnailUrl\":\"https:\/\/preprod.henri-vins.ch\/wp-content\/uploads\/sites\/2\/2023\/10\/experience-oeno-tourisme-vins-henri-badoux-balde-ebike-vigne.jpg\",\"datePublished\":\"2023-11-13T08:45:24+00:00\",\"dateModified\":\"2023-12-11T09:57:28+00:00\",\"description\":\"Entdecken Sie die Weinberge von Aigle und Yvorne mit dem E-Bike in Begleitung eines Spezialisten f\u00fcr die Welt der Weinreben und probieren Sie ein Glas Wein von Henri Badoux in der BadouxTh\u00e8que.\",\"breadcrumb\":{\"@id\":\"https:\/\/preprod.henri-vins.ch\/de\/ebike-weinberge\/#breadcrumb\"},\"inLanguage\":\"de\",\"potentialAction\":[{\"@type\":\"ReadAction\",\"target\":[\"https:\/\/preprod.henri-vins.ch\/de\/ebike-weinberge\/\"]}]},{\"@type\":\"ImageObject\",\"inLanguage\":\"de\",\"@id\":\"https:\/\/preprod.henri-vins.ch\/de\/ebike-weinberge\/#primaryimage\",\"url\":\"https:\/\/preprod.henri-vins.ch\/wp-content\/uploads\/sites\/2\/2023\/10\/experience-oeno-tourisme-vins-henri-badoux-balde-ebike-vigne.jpg\",\"contentUrl\":\"https:\/\/preprod.henri-vins.ch\/wp-content\/uploads\/sites\/2\/2023\/10\/experience-oeno-tourisme-vins-henri-badoux-balde-ebike-vigne.jpg\",\"width\":610,\"height\":610,\"caption\":\"Balade en e-bike \u00e0 travers les vignes, face au Ch\u00e2teau d'Aigle pour une d\u00e9gustation de vin.\"},{\"@type\":\"BreadcrumbList\",\"@id\":\"https:\/\/preprod.henri-vins.ch\/de\/ebike-weinberge\/#breadcrumb\",\"itemListElement\":[{\"@type\":\"ListItem\",\"position\":1,\"name\":\"Accueil\",\"item\":\"https:\/\/preprod.henri-vins.ch\/de\/\"},{\"@type\":\"ListItem\",\"position\":2,\"name\":\"E-Bike durch die Weinberge\"}]},{\"@type\":\"WebSite\",\"@id\":\"https:\/\/preprod.henri-vins.ch\/de\/#website\",\"url\":\"https:\/\/preprod.henri-vins.ch\/de\/\",\"name\":\"Henri\",\"description\":\"\",\"publisher\":{\"@id\":\"https:\/\/preprod.henri-vins.ch\/de\/#organization\"},\"potentialAction\":[{\"@type\":\"SearchAction\",\"target\":{\"@type\":\"EntryPoint\",\"urlTemplate\":\"https:\/\/preprod.henri-vins.ch\/de\/?s={search_term_string}\"},\"query-input\":{\"@type\":\"PropertyValueSpecification\",\"valueRequired\":true,\"valueName\":\"search_term_string\"}}],\"inLanguage\":\"de\"},{\"@type\":\"Organization\",\"@id\":\"https:\/\/preprod.henri-vins.ch\/de\/#organization\",\"name\":\"Henri\",\"url\":\"https:\/\/preprod.henri-vins.ch\/de\/\",\"logo\":{\"@type\":\"ImageObject\",\"inLanguage\":\"de\",\"@id\":\"https:\/\/preprod.henri-vins.ch\/de\/#\/schema\/logo\/image\/\",\"url\":\"https:\/\/preprod.henri-vins.ch\/wp-content\/uploads\/sites\/2\/2023\/09\/logo-henri.svg\",\"contentUrl\":\"https:\/\/preprod.henri-vins.ch\/wp-content\/uploads\/sites\/2\/2023\/09\/logo-henri.svg\",\"width\":89,\"height\":20,\"caption\":\"Henri\"},\"image\":{\"@id\":\"https:\/\/preprod.henri-vins.ch\/de\/#\/schema\/logo\/image\/\"}}]}<\/script>\n<!-- \/ Yoast SEO plugin. -->","yoast_head_json":{"title":"4 Aktivit\u00e4ten Weintourismus : E-Bike und Weinprobe | Weine Henri Badoux","description":"Entdecken Sie die Weinberge von Aigle und Yvorne mit dem E-Bike in Begleitung eines Spezialisten f\u00fcr die Welt der Weinreben und probieren Sie ein Glas Wein von Henri Badoux in der BadouxTh\u00e8que.","robots":{"index":"noindex","follow":"follow","max-snippet":"max-snippet:-1","max-image-preview":"max-image-preview:large","max-video-preview":"max-video-preview:-1"},"og_locale":"de_DE","og_type":"article","og_title":"4 Aktivit\u00e4ten Weintourismus : E-Bike und Weinprobe | Weine Henri Badoux","og_description":"Entdecken Sie die Weinberge von Aigle und Yvorne mit dem E-Bike in Begleitung eines Spezialisten f\u00fcr die Welt der Weinreben und probieren Sie ein Glas Wein von Henri Badoux in der BadouxTh\u00e8que.","og_url":"https:\/\/preprod.henri-vins.ch\/de\/ebike-weinberge\/","og_site_name":"Henri","article_modified_time":"2023-12-11T09:57:28+00:00","og_image":[{"width":610,"height":610,"url":"https:\/\/preprod.henri-vins.ch\/wp-content\/uploads\/sites\/2\/2023\/10\/experience-oeno-tourisme-vins-henri-badoux-balde-ebike-vigne.jpg","type":"image\/jpeg"}],"twitter_card":"summary_large_image","schema":{"@context":"https:\/\/schema.org","@graph":[{"@type":"WebPage","@id":"https:\/\/preprod.henri-vins.ch\/de\/ebike-weinberge\/","url":"https:\/\/preprod.henri-vins.ch\/de\/ebike-weinberge\/","name":"4 Aktivit\u00e4ten Weintourismus : E-Bike und Weinprobe | Weine Henri Badoux","isPartOf":{"@id":"https:\/\/preprod.henri-vins.ch\/de\/#website"},"primaryImageOfPage":{"@id":"https:\/\/preprod.henri-vins.ch\/de\/ebike-weinberge\/#primaryimage"},"image":{"@id":"https:\/\/preprod.henri-vins.ch\/de\/ebike-weinberge\/#primaryimage"},"thumbnailUrl":"https:\/\/preprod.henri-vins.ch\/wp-content\/uploads\/sites\/2\/2023\/10\/experience-oeno-tourisme-vins-henri-badoux-balde-ebike-vigne.jpg","datePublished":"2023-11-13T08:45:24+00:00","dateModified":"2023-12-11T09:57:28+00:00","description":"Entdecken Sie die Weinberge von Aigle und Yvorne mit dem E-Bike in Begleitung eines Spezialisten f\u00fcr die Welt der Weinreben und probieren Sie ein Glas Wein von Henri Badoux in der BadouxTh\u00e8que.","breadcrumb":{"@id":"https:\/\/preprod.henri-vins.ch\/de\/ebike-weinberge\/#breadcrumb"},"inLanguage":"de","potentialAction":[{"@type":"ReadAction","target":["https:\/\/preprod.henri-vins.ch\/de\/ebike-weinberge\/"]}]},{"@type":"ImageObject","inLanguage":"de","@id":"https:\/\/preprod.henri-vins.ch\/de\/ebike-weinberge\/#primaryimage","url":"https:\/\/preprod.henri-vins.ch\/wp-content\/uploads\/sites\/2\/2023\/10\/experience-oeno-tourisme-vins-henri-badoux-balde-ebike-vigne.jpg","contentUrl":"https:\/\/preprod.henri-vins.ch\/wp-content\/uploads\/sites\/2\/2023\/10\/experience-oeno-tourisme-vins-henri-badoux-balde-ebike-vigne.jpg","width":610,"height":610,"caption":"Balade en e-bike \u00e0 travers les vignes, face au Ch\u00e2teau d'Aigle pour une d\u00e9gustation de vin."},{"@type":"BreadcrumbList","@id":"https:\/\/preprod.henri-vins.ch\/de\/ebike-weinberge\/#breadcrumb","itemListElement":[{"@type":"ListItem","position":1,"name":"Accueil","item":"https:\/\/preprod.henri-vins.ch\/de\/"},{"@type":"ListItem","position":2,"name":"E-Bike durch die Weinberge"}]},{"@type":"WebSite","@id":"https:\/\/preprod.henri-vins.ch\/de\/#website","url":"https:\/\/preprod.henri-vins.ch\/de\/","name":"Henri","description":"","publisher":{"@id":"https:\/\/preprod.henri-vins.ch\/de\/#organization"},"potentialAction":[{"@type":"SearchAction","target":{"@type":"EntryPoint","urlTemplate":"https:\/\/preprod.henri-vins.ch\/de\/?s={search_term_string}"},"query-input":{"@type":"PropertyValueSpecification","valueRequired":true,"valueName":"search_term_string"}}],"inLanguage":"de"},{"@type":"Organization","@id":"https:\/\/preprod.henri-vins.ch\/de\/#organization","name":"Henri","url":"https:\/\/preprod.henri-vins.ch\/de\/","logo":{"@type":"ImageObject","inLanguage":"de","@id":"https:\/\/preprod.henri-vins.ch\/de\/#\/schema\/logo\/image\/","url":"https:\/\/preprod.henri-vins.ch\/wp-content\/uploads\/sites\/2\/2023\/09\/logo-henri.svg","contentUrl":"https:\/\/preprod.henri-vins.ch\/wp-content\/uploads\/sites\/2\/2023\/09\/logo-henri.svg","width":89,"height":20,"caption":"Henri"},"image":{"@id":"https:\/\/preprod.henri-vins.ch\/de\/#\/schema\/logo\/image\/"}}]}},"_links":{"self":[{"href":"https:\/\/preprod.henri-vins.ch\/de\/wp-json\/wp\/v2\/pages\/2164"}],"collection":[{"href":"https:\/\/preprod.henri-vins.ch\/de\/wp-json\/wp\/v2\/pages"}],"about":[{"href":"https:\/\/preprod.henri-vins.ch\/de\/wp-json\/wp\/v2\/types\/page"}],"author":[{"embeddable":true,"href":"https:\/\/preprod.henri-vins.ch\/de\/wp-json\/wp\/v2\/users\/14"}],"replies":[{"embeddable":true,"href":"https:\/\/preprod.henri-vins.ch\/de\/wp-json\/wp\/v2\/comments?post=2164"}],"version-history":[{"count":10,"href":"https:\/\/preprod.henri-vins.ch\/de\/wp-json\/wp\/v2\/pages\/2164\/revisions"}],"predecessor-version":[{"id":3224,"href":"https:\/\/preprod.henri-vins.ch\/de\/wp-json\/wp\/v2\/pages\/2164\/revisions\/3224"}],"wp:featuredmedia":[{"embeddable":true,"href":"https:\/\/preprod.henri-vins.ch\/de\/wp-json\/wp\/v2\/media\/1086"}],"wp:attachment":[{"href":"https:\/\/preprod.henri-vins.ch\/de\/wp-json\/wp\/v2\/media?parent=2164"}],"curies":[{"name":"wp","href":"https:\/\/api.w.org\/{rel}","templated":true}]}}