{"id":2192,"date":"2023-11-13T09:58:50","date_gmt":"2023-11-13T08:58:50","guid":{"rendered":"https:\/\/preprod.henri-vins.ch\/randonnee-vignes\/"},"modified":"2023-12-11T08:53:38","modified_gmt":"2023-12-11T07:53:38","slug":"spaziergang-weinreben","status":"publish","type":"page","link":"https:\/\/preprod.henri-vins.ch\/de\/spaziergang-weinreben\/","title":{"rendered":"Spaziergang zwischen den Weinreben"},"content":{"rendered":"\n\n<section class=\"gut-block gut-hero bg-color-none with-bg-img\" >\n            <div class=\"bg-img\">\n            <img loading=\"lazy\" decoding=\"async\" width=\"1920\" height=\"580\" src=\"https:\/\/preprod.henri-vins.ch\/wp-content\/uploads\/sites\/2\/2023\/11\/balade-vigne-badouxtheque-henri-badoux-vins-aigle.jpg\" class=\"attachment-banner size-banner\" alt=\"Randonn\u00e9es dans le vignoble de la Maison Henri Badoux.\" srcset=\"https:\/\/preprod.henri-vins.ch\/wp-content\/uploads\/sites\/2\/2023\/11\/balade-vigne-badouxtheque-henri-badoux-vins-aigle.jpg 1920w, https:\/\/preprod.henri-vins.ch\/wp-content\/uploads\/sites\/2\/2023\/11\/balade-vigne-badouxtheque-henri-badoux-vins-aigle-300x91.jpg 300w, https:\/\/preprod.henri-vins.ch\/wp-content\/uploads\/sites\/2\/2023\/11\/balade-vigne-badouxtheque-henri-badoux-vins-aigle-1024x309.jpg 1024w, https:\/\/preprod.henri-vins.ch\/wp-content\/uploads\/sites\/2\/2023\/11\/balade-vigne-badouxtheque-henri-badoux-vins-aigle-768x232.jpg 768w, https:\/\/preprod.henri-vins.ch\/wp-content\/uploads\/sites\/2\/2023\/11\/balade-vigne-badouxtheque-henri-badoux-vins-aigle-1536x464.jpg 1536w\" sizes=\"(max-width: 1920px) 100vw, 1920px\" \/>        <\/div>\n        \n    <div class=\"wrap\">\n        <ul class=\"breadcrumb\">\n    <li>\n        <a href=\"https:\/\/preprod.henri-vins.ch\/de\/\">Accueil<\/a>\n    <\/li>\n\n    \n    \n    <li>\n        <span class=\"current\">Spaziergang zwischen den Weinreben<\/span>\n    <\/li>\n<\/ul>        \n        <div class=\"content\">\n            <h1 class=\"block-title title-big\">\n                                    Spaziergang zwischen den Weinreben                            <\/h1>\n\n            \n                            <div class=\"cta-container\">\n                    <a href=\"mailto:info@henri-badoux.ch\" target=\"_blank\" class=\"btn\">Buchungsanfrage<\/a>\n                <\/div>\n                    <\/div>\n    <\/div>\n\n    <button type=\"button\" class=\"btn cts\">Scroll<\/button>\n<\/section>\n\n\n\n<section class=\"gut-block gut-texte  bg-color-none\" >\n    <div class=\"wrap\">\n        <div class=\"block-texte wysiwyg-content\">\n            <h2 style=\"text-align: center\">Erleben Sie eine einzigartige Weintourismus-Erfahrung in der BadouxTh\u00e8que in Yvorne<\/h2>\n<p style=\"text-align: center\">W\u00e4hrend des\u00a0Spaziergangs erfreuen Sie sich an der pr\u00e4chtigen Landschaft und erhalten Informationen zur Arbeit der Winzer des Hause <a href=\"https:\/\/www.henri-badoux.ch\/de\/\" target=\"_blank\" rel=\"noopener\">Henri Badoux<\/a> im Jahresverlauf. Je nach Jahreszeit k\u00f6nnen Sie die Trauben von Henri Weine auch direkt vom Rebstock pfl\u00fccken und kosten.<\/p>\n        <\/div>\n    <\/div>\n<\/section>\n\n\n\n<section class=\"gut-block gut-texte  bg-color-jaune\" >\n    <div class=\"wrap\">\n        <div class=\"block-texte wysiwyg-content\">\n            <div class=\"cms-page__block-paragraph-left\">\n<p>Dank unserer kompetenten Guides erfahren Sie bei einem gem\u00fctlichen Spaziergang durch die Weinberge von Aigle und Yvorne mehr \u00fcber unsere Arbeit. Die L\u00e4nge und die Dauer des Spaziergangs gestalten Sie nach Ihren W\u00fcnschen und Bed\u00fcrfnissen selbst mit.<\/p>\n<\/div>\n<p>&nbsp;<\/p>\n<div class=\"cms-page__block-paragraph-right\">\n<p>Je nach Jahreszeit bieten wir verschiedene Routen an, um die Weinregion von Henri Badoux kennenzulernen. Sie haben zus\u00e4tzlich die M\u00f6glichkeit, w\u00e4hrend des Spaziergangs unsere Trauben vor Ort zu probieren oder bei der Arbeit an den Weinreben gleich selbst Hand anzulegen. Den Spaziergang k\u00f6nnen Sie mit einem Aperitif neben dem Ch\u00e2teau d\u2019Aigle oder mit einer Mahlzeit in unserer <a href=\"https:\/\/www.group-events.ch\/la-badouxtheque\/\" target=\"_blank\" rel=\"noopener\">BadouxTh\u00e8que<\/a> abschliessen.<\/p>\n<\/div>\n<h3>Dienstleistungen und Preise<\/h3>\n<ul>\n<li>Dauer der Aktivit\u00e4t: 2 Stunden<\/li>\n<li>Gef\u00fchrte Tour<\/li>\n<li>Aperitif in den Weinbergen<\/li>\n<li>CHF 30.- pro Person<\/li>\n<\/ul>\n<h3>Praktische Informationen<\/h3>\n<ul>\n<li>Angebot f\u00fcr Gruppen ab 8 Personen<\/li>\n<li>Besuch nur auf Vorbestellung<\/li>\n<li>Gratisparkpl\u00e4tze vorhande<\/li>\n<\/ul>\n        <\/div>\n    <\/div>\n<\/section>","protected":false},"excerpt":{"rendered":"","protected":false},"author":14,"featured_media":1082,"parent":0,"menu_order":0,"comment_status":"closed","ping_status":"closed","template":"","meta":{"_acf_changed":false,"inline_featured_image":false,"footnotes":""},"acf":[],"yoast_head":"<!-- This site is optimized with the Yoast SEO plugin v24.5 - https:\/\/yoast.com\/wordpress\/plugins\/seo\/ -->\n<title>4 Weintourismus-Aktivit\u00e4ten: Spaziergang zwischen den Weinreben | Weine Henri Badoux<\/title>\n<meta name=\"description\" content=\"Entdecken Sie die Weinberge von Aigle und Yvorne bei einem Spaziergang durch die Weinberge und erfahren Sie alles \u00fcber die Arbeit im Weinberg, bevor Sie in der BadouxTh\u00e8que ein Glas Wein von Henri Badoux genie\u00dfen.\" \/>\n<meta name=\"robots\" content=\"noindex, follow, max-snippet:-1, max-image-preview:large, max-video-preview:-1\" \/>\n<meta property=\"og:locale\" content=\"de_DE\" \/>\n<meta property=\"og:type\" content=\"article\" \/>\n<meta property=\"og:title\" content=\"4 Weintourismus-Aktivit\u00e4ten: Spaziergang zwischen den Weinreben | Weine Henri Badoux\" \/>\n<meta property=\"og:description\" content=\"Entdecken Sie die Weinberge von Aigle und Yvorne bei einem Spaziergang durch die Weinberge und erfahren Sie alles \u00fcber die Arbeit im Weinberg, bevor Sie in der BadouxTh\u00e8que ein Glas Wein von Henri Badoux genie\u00dfen.\" \/>\n<meta property=\"og:url\" content=\"https:\/\/preprod.henri-vins.ch\/de\/spaziergang-weinreben\/\" \/>\n<meta property=\"og:site_name\" content=\"Henri\" \/>\n<meta property=\"article:modified_time\" content=\"2023-12-11T07:53:38+00:00\" \/>\n<meta property=\"og:image\" content=\"https:\/\/preprod.henri-vins.ch\/wp-content\/uploads\/sites\/2\/2023\/10\/experience-oeno-tourisme-vin-henri-badoux-aigle-balade-vigne.jpg\" \/>\n\t<meta property=\"og:image:width\" content=\"610\" \/>\n\t<meta property=\"og:image:height\" content=\"610\" \/>\n\t<meta property=\"og:image:type\" content=\"image\/jpeg\" \/>\n<meta name=\"twitter:card\" content=\"summary_large_image\" \/>\n<script type=\"application\/ld+json\" class=\"yoast-schema-graph\">{\"@context\":\"https:\/\/schema.org\",\"@graph\":[{\"@type\":\"WebPage\",\"@id\":\"https:\/\/preprod.henri-vins.ch\/de\/spaziergang-weinreben\/\",\"url\":\"https:\/\/preprod.henri-vins.ch\/de\/spaziergang-weinreben\/\",\"name\":\"4 Weintourismus-Aktivit\u00e4ten: Spaziergang zwischen den Weinreben | Weine Henri Badoux\",\"isPartOf\":{\"@id\":\"https:\/\/preprod.henri-vins.ch\/de\/#website\"},\"primaryImageOfPage\":{\"@id\":\"https:\/\/preprod.henri-vins.ch\/de\/spaziergang-weinreben\/#primaryimage\"},\"image\":{\"@id\":\"https:\/\/preprod.henri-vins.ch\/de\/spaziergang-weinreben\/#primaryimage\"},\"thumbnailUrl\":\"https:\/\/preprod.henri-vins.ch\/wp-content\/uploads\/sites\/2\/2023\/10\/experience-oeno-tourisme-vin-henri-badoux-aigle-balade-vigne.jpg\",\"datePublished\":\"2023-11-13T08:58:50+00:00\",\"dateModified\":\"2023-12-11T07:53:38+00:00\",\"description\":\"Entdecken Sie die Weinberge von Aigle und Yvorne bei einem Spaziergang durch die Weinberge und erfahren Sie alles \u00fcber die Arbeit im Weinberg, bevor Sie in der BadouxTh\u00e8que ein Glas Wein von Henri Badoux genie\u00dfen.\",\"breadcrumb\":{\"@id\":\"https:\/\/preprod.henri-vins.ch\/de\/spaziergang-weinreben\/#breadcrumb\"},\"inLanguage\":\"de\",\"potentialAction\":[{\"@type\":\"ReadAction\",\"target\":[\"https:\/\/preprod.henri-vins.ch\/de\/spaziergang-weinreben\/\"]}]},{\"@type\":\"ImageObject\",\"inLanguage\":\"de\",\"@id\":\"https:\/\/preprod.henri-vins.ch\/de\/spaziergang-weinreben\/#primaryimage\",\"url\":\"https:\/\/preprod.henri-vins.ch\/wp-content\/uploads\/sites\/2\/2023\/10\/experience-oeno-tourisme-vin-henri-badoux-aigle-balade-vigne.jpg\",\"contentUrl\":\"https:\/\/preprod.henri-vins.ch\/wp-content\/uploads\/sites\/2\/2023\/10\/experience-oeno-tourisme-vin-henri-badoux-aigle-balade-vigne.jpg\",\"width\":610,\"height\":610,\"caption\":\"Balade dans les vignes de la Maison Henri Badoux \u00e0 Aigle.\"},{\"@type\":\"BreadcrumbList\",\"@id\":\"https:\/\/preprod.henri-vins.ch\/de\/spaziergang-weinreben\/#breadcrumb\",\"itemListElement\":[{\"@type\":\"ListItem\",\"position\":1,\"name\":\"Accueil\",\"item\":\"https:\/\/preprod.henri-vins.ch\/de\/\"},{\"@type\":\"ListItem\",\"position\":2,\"name\":\"Spaziergang zwischen den Weinreben\"}]},{\"@type\":\"WebSite\",\"@id\":\"https:\/\/preprod.henri-vins.ch\/de\/#website\",\"url\":\"https:\/\/preprod.henri-vins.ch\/de\/\",\"name\":\"Henri\",\"description\":\"\",\"publisher\":{\"@id\":\"https:\/\/preprod.henri-vins.ch\/de\/#organization\"},\"potentialAction\":[{\"@type\":\"SearchAction\",\"target\":{\"@type\":\"EntryPoint\",\"urlTemplate\":\"https:\/\/preprod.henri-vins.ch\/de\/?s={search_term_string}\"},\"query-input\":{\"@type\":\"PropertyValueSpecification\",\"valueRequired\":true,\"valueName\":\"search_term_string\"}}],\"inLanguage\":\"de\"},{\"@type\":\"Organization\",\"@id\":\"https:\/\/preprod.henri-vins.ch\/de\/#organization\",\"name\":\"Henri\",\"url\":\"https:\/\/preprod.henri-vins.ch\/de\/\",\"logo\":{\"@type\":\"ImageObject\",\"inLanguage\":\"de\",\"@id\":\"https:\/\/preprod.henri-vins.ch\/de\/#\/schema\/logo\/image\/\",\"url\":\"https:\/\/preprod.henri-vins.ch\/wp-content\/uploads\/sites\/2\/2023\/09\/logo-henri.svg\",\"contentUrl\":\"https:\/\/preprod.henri-vins.ch\/wp-content\/uploads\/sites\/2\/2023\/09\/logo-henri.svg\",\"width\":89,\"height\":20,\"caption\":\"Henri\"},\"image\":{\"@id\":\"https:\/\/preprod.henri-vins.ch\/de\/#\/schema\/logo\/image\/\"}}]}<\/script>\n<!-- \/ Yoast SEO plugin. -->","yoast_head_json":{"title":"4 Weintourismus-Aktivit\u00e4ten: Spaziergang zwischen den Weinreben | Weine Henri Badoux","description":"Entdecken Sie die Weinberge von Aigle und Yvorne bei einem Spaziergang durch die Weinberge und erfahren Sie alles \u00fcber die Arbeit im Weinberg, bevor Sie in der BadouxTh\u00e8que ein Glas Wein von Henri Badoux genie\u00dfen.","robots":{"index":"noindex","follow":"follow","max-snippet":"max-snippet:-1","max-image-preview":"max-image-preview:large","max-video-preview":"max-video-preview:-1"},"og_locale":"de_DE","og_type":"article","og_title":"4 Weintourismus-Aktivit\u00e4ten: Spaziergang zwischen den Weinreben | Weine Henri Badoux","og_description":"Entdecken Sie die Weinberge von Aigle und Yvorne bei einem Spaziergang durch die Weinberge und erfahren Sie alles \u00fcber die Arbeit im Weinberg, bevor Sie in der BadouxTh\u00e8que ein Glas Wein von Henri Badoux genie\u00dfen.","og_url":"https:\/\/preprod.henri-vins.ch\/de\/spaziergang-weinreben\/","og_site_name":"Henri","article_modified_time":"2023-12-11T07:53:38+00:00","og_image":[{"width":610,"height":610,"url":"https:\/\/preprod.henri-vins.ch\/wp-content\/uploads\/sites\/2\/2023\/10\/experience-oeno-tourisme-vin-henri-badoux-aigle-balade-vigne.jpg","type":"image\/jpeg"}],"twitter_card":"summary_large_image","schema":{"@context":"https:\/\/schema.org","@graph":[{"@type":"WebPage","@id":"https:\/\/preprod.henri-vins.ch\/de\/spaziergang-weinreben\/","url":"https:\/\/preprod.henri-vins.ch\/de\/spaziergang-weinreben\/","name":"4 Weintourismus-Aktivit\u00e4ten: Spaziergang zwischen den Weinreben | Weine Henri Badoux","isPartOf":{"@id":"https:\/\/preprod.henri-vins.ch\/de\/#website"},"primaryImageOfPage":{"@id":"https:\/\/preprod.henri-vins.ch\/de\/spaziergang-weinreben\/#primaryimage"},"image":{"@id":"https:\/\/preprod.henri-vins.ch\/de\/spaziergang-weinreben\/#primaryimage"},"thumbnailUrl":"https:\/\/preprod.henri-vins.ch\/wp-content\/uploads\/sites\/2\/2023\/10\/experience-oeno-tourisme-vin-henri-badoux-aigle-balade-vigne.jpg","datePublished":"2023-11-13T08:58:50+00:00","dateModified":"2023-12-11T07:53:38+00:00","description":"Entdecken Sie die Weinberge von Aigle und Yvorne bei einem Spaziergang durch die Weinberge und erfahren Sie alles \u00fcber die Arbeit im Weinberg, bevor Sie in der BadouxTh\u00e8que ein Glas Wein von Henri Badoux genie\u00dfen.","breadcrumb":{"@id":"https:\/\/preprod.henri-vins.ch\/de\/spaziergang-weinreben\/#breadcrumb"},"inLanguage":"de","potentialAction":[{"@type":"ReadAction","target":["https:\/\/preprod.henri-vins.ch\/de\/spaziergang-weinreben\/"]}]},{"@type":"ImageObject","inLanguage":"de","@id":"https:\/\/preprod.henri-vins.ch\/de\/spaziergang-weinreben\/#primaryimage","url":"https:\/\/preprod.henri-vins.ch\/wp-content\/uploads\/sites\/2\/2023\/10\/experience-oeno-tourisme-vin-henri-badoux-aigle-balade-vigne.jpg","contentUrl":"https:\/\/preprod.henri-vins.ch\/wp-content\/uploads\/sites\/2\/2023\/10\/experience-oeno-tourisme-vin-henri-badoux-aigle-balade-vigne.jpg","width":610,"height":610,"caption":"Balade dans les vignes de la Maison Henri Badoux \u00e0 Aigle."},{"@type":"BreadcrumbList","@id":"https:\/\/preprod.henri-vins.ch\/de\/spaziergang-weinreben\/#breadcrumb","itemListElement":[{"@type":"ListItem","position":1,"name":"Accueil","item":"https:\/\/preprod.henri-vins.ch\/de\/"},{"@type":"ListItem","position":2,"name":"Spaziergang zwischen den Weinreben"}]},{"@type":"WebSite","@id":"https:\/\/preprod.henri-vins.ch\/de\/#website","url":"https:\/\/preprod.henri-vins.ch\/de\/","name":"Henri","description":"","publisher":{"@id":"https:\/\/preprod.henri-vins.ch\/de\/#organization"},"potentialAction":[{"@type":"SearchAction","target":{"@type":"EntryPoint","urlTemplate":"https:\/\/preprod.henri-vins.ch\/de\/?s={search_term_string}"},"query-input":{"@type":"PropertyValueSpecification","valueRequired":true,"valueName":"search_term_string"}}],"inLanguage":"de"},{"@type":"Organization","@id":"https:\/\/preprod.henri-vins.ch\/de\/#organization","name":"Henri","url":"https:\/\/preprod.henri-vins.ch\/de\/","logo":{"@type":"ImageObject","inLanguage":"de","@id":"https:\/\/preprod.henri-vins.ch\/de\/#\/schema\/logo\/image\/","url":"https:\/\/preprod.henri-vins.ch\/wp-content\/uploads\/sites\/2\/2023\/09\/logo-henri.svg","contentUrl":"https:\/\/preprod.henri-vins.ch\/wp-content\/uploads\/sites\/2\/2023\/09\/logo-henri.svg","width":89,"height":20,"caption":"Henri"},"image":{"@id":"https:\/\/preprod.henri-vins.ch\/de\/#\/schema\/logo\/image\/"}}]}},"_links":{"self":[{"href":"https:\/\/preprod.henri-vins.ch\/de\/wp-json\/wp\/v2\/pages\/2192"}],"collection":[{"href":"https:\/\/preprod.henri-vins.ch\/de\/wp-json\/wp\/v2\/pages"}],"about":[{"href":"https:\/\/preprod.henri-vins.ch\/de\/wp-json\/wp\/v2\/types\/page"}],"author":[{"embeddable":true,"href":"https:\/\/preprod.henri-vins.ch\/de\/wp-json\/wp\/v2\/users\/14"}],"replies":[{"embeddable":true,"href":"https:\/\/preprod.henri-vins.ch\/de\/wp-json\/wp\/v2\/comments?post=2192"}],"version-history":[{"count":3,"href":"https:\/\/preprod.henri-vins.ch\/de\/wp-json\/wp\/v2\/pages\/2192\/revisions"}],"predecessor-version":[{"id":2206,"href":"https:\/\/preprod.henri-vins.ch\/de\/wp-json\/wp\/v2\/pages\/2192\/revisions\/2206"}],"wp:featuredmedia":[{"embeddable":true,"href":"https:\/\/preprod.henri-vins.ch\/de\/wp-json\/wp\/v2\/media\/1082"}],"wp:attachment":[{"href":"https:\/\/preprod.henri-vins.ch\/de\/wp-json\/wp\/v2\/media?parent=2192"}],"curies":[{"name":"wp","href":"https:\/\/api.w.org\/{rel}","templated":true}]}}