{"id":2198,"date":"2023-11-13T08:34:59","date_gmt":"2023-11-13T07:34:59","guid":{"rendered":"https:\/\/preprod.henri-vins.ch\/visite-de-cave-et-degustation\/"},"modified":"2023-11-23T10:09:12","modified_gmt":"2023-11-23T09:09:12","slug":"kellerbesichtigung-degustation","status":"publish","type":"page","link":"https:\/\/preprod.henri-vins.ch\/de\/kellerbesichtigung-degustation\/","title":{"rendered":"Kellerbesichtigung und Degustation"},"content":{"rendered":"\n\n<section class=\"gut-block gut-hero bg-color-none with-bg-img\" >\n            <div class=\"bg-img\">\n            <img loading=\"lazy\" decoding=\"async\" width=\"1920\" height=\"580\" src=\"https:\/\/preprod.henri-vins.ch\/wp-content\/uploads\/sites\/2\/2023\/11\/visite-cave-badouxtheque-vins-henri-badoux-aigle-Copie.jpg\" class=\"attachment-banner size-banner\" alt=\"D\u00e9gustation de vin \u00e0 la cuve lors des visites de cave de la maison Henri Badoux.\" srcset=\"https:\/\/preprod.henri-vins.ch\/wp-content\/uploads\/sites\/2\/2023\/11\/visite-cave-badouxtheque-vins-henri-badoux-aigle-Copie.jpg 1920w, https:\/\/preprod.henri-vins.ch\/wp-content\/uploads\/sites\/2\/2023\/11\/visite-cave-badouxtheque-vins-henri-badoux-aigle-Copie-300x91.jpg 300w, https:\/\/preprod.henri-vins.ch\/wp-content\/uploads\/sites\/2\/2023\/11\/visite-cave-badouxtheque-vins-henri-badoux-aigle-Copie-1024x309.jpg 1024w, https:\/\/preprod.henri-vins.ch\/wp-content\/uploads\/sites\/2\/2023\/11\/visite-cave-badouxtheque-vins-henri-badoux-aigle-Copie-768x232.jpg 768w, https:\/\/preprod.henri-vins.ch\/wp-content\/uploads\/sites\/2\/2023\/11\/visite-cave-badouxtheque-vins-henri-badoux-aigle-Copie-1536x464.jpg 1536w\" sizes=\"(max-width: 1920px) 100vw, 1920px\" \/>        <\/div>\n        \n    <div class=\"wrap\">\n        <ul class=\"breadcrumb\">\n    <li>\n        <a href=\"https:\/\/preprod.henri-vins.ch\/de\/\">Accueil<\/a>\n    <\/li>\n\n    \n    \n    <li>\n        <span class=\"current\">Kellerbesichtigung und Degustation<\/span>\n    <\/li>\n<\/ul>        \n        <div class=\"content\">\n            <h1 class=\"block-title title-big\">\n                                    Kellerbesichtigung und Degustation                            <\/h1>\n\n            \n                            <div class=\"cta-container\">\n                    <a href=\"mailto:info@henri-badoux.ch\" target=\"_blank\" class=\"btn\">Buchungsanfrage<\/a>\n                <\/div>\n                    <\/div>\n    <\/div>\n\n    <button type=\"button\" class=\"btn cts\">Scroll<\/button>\n<\/section>\n\n\n\n<section class=\"gut-block gut-texte  bg-color-none\" >\n    <div class=\"wrap\">\n        <div class=\"block-texte wysiwyg-content\">\n            <h2 style=\"text-align: center\">Erleben Sie eine einzigartige Weintourismus-Erfahrung in der BadouxTh\u00e8que in Yvorne<\/h2>\n<p>Beim Besuch unserer\u00a0Kellerei erleben die Liebhaber der Henri-Weine die Entstehung der Crus und treffen <a href=\"https:\/\/www.henri-badoux.ch\/de\/\">Henri Badoux<\/a> Kellermeister und Winz<strong>er<\/strong>, die sich hinter unseren legend\u00e4ren Flaschen verbergen. Zum Abschluss der Besichtigung k\u00f6nnen Sie unsere Crus in Verbindung mit lokalen P\u00f6kelspezialit\u00e4ten verkosten<\/p>\n        <\/div>\n    <\/div>\n<\/section>\n\n\n\n<section class=\"gut-block gut-texte  bg-color-jaune\" >\n    <div class=\"wrap\">\n        <div class=\"block-texte wysiwyg-content\">\n            <div class=\"cms-page__block-paragraph-left\">\n<p>Zwischen Edelstahltanks und Eichenf\u00e4ssern entf\u00fchren Sie unsere Kellermeister in die magische Welt der Weinherstellung. Geniessen Sie spannende Einblicke in die Herstellung unserer Weine und lernen Sie die Menschen kennen, die hinter jeder Weinflasche aus dem Hause Henri Badoux stehen.<\/p>\n<p>&nbsp;<\/p>\n<\/div>\n<div class=\"cms-page__block-paragraph-right\">\n<p>Nach dem Rundgang bieten wir Ihnen eine Weinverkostung in der <a href=\"https:\/\/www.group-events.ch\/la-badouxtheque\/\" target=\"_blank\" rel=\"noopener\">BadouxTh\u00e8que<\/a> an. Erleben Sie die Vielfalt der Henri Badoux Weine und lassen Sie sich von unseren legend\u00e4ren Weissweinen aus Chasselas-Trauben verf\u00fchren. Oder entdecken Sie unsere Rotwein- und Ros\u00e9-Spezialit\u00e4ten sowie die prickelnden neuen Schaumweine von Henri Badoux.<\/p>\n<\/div>\n<h3>Dienstleistungen und Preise<\/h3>\n<ul>\n<li>Dauer der Aktivit\u00e4t: 90 Minuten<\/li>\n<li>Gef\u00fchrte Besichtigung und Verkostung von 5 Weinen<\/li>\n<li>CHF 19.- pro Person<\/li>\n<\/ul>\n<h3>Praktische Informationen<\/h3>\n<ul>\n<li>Angebot f\u00fcr Gruppen ab 8 Personen<\/li>\n<li>Kommentare auf Deutsch, Franz\u00f6sisch oder Englisch<\/li>\n<li>Besuch nur auf Vorbestellung<\/li>\n<li>Gratisparkpl\u00e4tze vorhanden<\/li>\n<\/ul>\n<p>&nbsp;<\/p>\n        <\/div>\n    <\/div>\n<\/section>","protected":false},"excerpt":{"rendered":"","protected":false},"author":14,"featured_media":1084,"parent":0,"menu_order":0,"comment_status":"closed","ping_status":"closed","template":"","meta":{"_acf_changed":false,"inline_featured_image":false,"footnotes":""},"acf":[],"yoast_head":"<!-- This site is optimized with the Yoast SEO plugin v24.5 - https:\/\/yoast.com\/wordpress\/plugins\/seo\/ -->\n<title>4 Weintourismus-Aktivit\u00e4ten: Verkostung | Weine Henri Badoux<\/title>\n<meta name=\"description\" content=\"Entdecken Sie die Weinkeller des Hauses Henri Badoux in Yvorne, inmitten der Weinberge. Die Besichtigung wird mit einer Weinprobe der Henri-Weine in der BadouxTh\u00e8que fortgesetzt.\" \/>\n<meta name=\"robots\" content=\"noindex, follow, max-snippet:-1, max-image-preview:large, max-video-preview:-1\" \/>\n<meta property=\"og:locale\" content=\"de_DE\" \/>\n<meta property=\"og:type\" content=\"article\" \/>\n<meta property=\"og:title\" content=\"4 Weintourismus-Aktivit\u00e4ten: Verkostung | Weine Henri Badoux\" \/>\n<meta property=\"og:description\" content=\"Entdecken Sie die Weinkeller des Hauses Henri Badoux in Yvorne, inmitten der Weinberge. Die Besichtigung wird mit einer Weinprobe der Henri-Weine in der BadouxTh\u00e8que fortgesetzt.\" \/>\n<meta property=\"og:url\" content=\"https:\/\/preprod.henri-vins.ch\/de\/kellerbesichtigung-degustation\/\" \/>\n<meta property=\"og:site_name\" content=\"Henri\" \/>\n<meta property=\"article:modified_time\" content=\"2023-11-23T09:09:12+00:00\" \/>\n<meta property=\"og:image\" content=\"https:\/\/preprod.henri-vins.ch\/wp-content\/uploads\/sites\/2\/2023\/10\/experience-oeno-tourisme-vin-henri-badoux-aigle-visite-cave.jpg\" \/>\n\t<meta property=\"og:image:width\" content=\"610\" \/>\n\t<meta property=\"og:image:height\" content=\"610\" \/>\n\t<meta property=\"og:image:type\" content=\"image\/jpeg\" \/>\n<meta name=\"twitter:card\" content=\"summary_large_image\" \/>\n<script type=\"application\/ld+json\" class=\"yoast-schema-graph\">{\"@context\":\"https:\/\/schema.org\",\"@graph\":[{\"@type\":\"WebPage\",\"@id\":\"https:\/\/preprod.henri-vins.ch\/de\/kellerbesichtigung-degustation\/\",\"url\":\"https:\/\/preprod.henri-vins.ch\/de\/kellerbesichtigung-degustation\/\",\"name\":\"4 Weintourismus-Aktivit\u00e4ten: Verkostung | Weine Henri Badoux\",\"isPartOf\":{\"@id\":\"https:\/\/preprod.henri-vins.ch\/de\/#website\"},\"primaryImageOfPage\":{\"@id\":\"https:\/\/preprod.henri-vins.ch\/de\/kellerbesichtigung-degustation\/#primaryimage\"},\"image\":{\"@id\":\"https:\/\/preprod.henri-vins.ch\/de\/kellerbesichtigung-degustation\/#primaryimage\"},\"thumbnailUrl\":\"https:\/\/preprod.henri-vins.ch\/wp-content\/uploads\/sites\/2\/2023\/10\/experience-oeno-tourisme-vin-henri-badoux-aigle-visite-cave.jpg\",\"datePublished\":\"2023-11-13T07:34:59+00:00\",\"dateModified\":\"2023-11-23T09:09:12+00:00\",\"description\":\"Entdecken Sie die Weinkeller des Hauses Henri Badoux in Yvorne, inmitten der Weinberge. Die Besichtigung wird mit einer Weinprobe der Henri-Weine in der BadouxTh\u00e8que fortgesetzt.\",\"breadcrumb\":{\"@id\":\"https:\/\/preprod.henri-vins.ch\/de\/kellerbesichtigung-degustation\/#breadcrumb\"},\"inLanguage\":\"de\",\"potentialAction\":[{\"@type\":\"ReadAction\",\"target\":[\"https:\/\/preprod.henri-vins.ch\/de\/kellerbesichtigung-degustation\/\"]}]},{\"@type\":\"ImageObject\",\"inLanguage\":\"de\",\"@id\":\"https:\/\/preprod.henri-vins.ch\/de\/kellerbesichtigung-degustation\/#primaryimage\",\"url\":\"https:\/\/preprod.henri-vins.ch\/wp-content\/uploads\/sites\/2\/2023\/10\/experience-oeno-tourisme-vin-henri-badoux-aigle-visite-cave.jpg\",\"contentUrl\":\"https:\/\/preprod.henri-vins.ch\/wp-content\/uploads\/sites\/2\/2023\/10\/experience-oeno-tourisme-vin-henri-badoux-aigle-visite-cave.jpg\",\"width\":610,\"height\":610,\"caption\":\"Visite des caves de la Maison Henri Badoux \u00e0 Aigle.\"},{\"@type\":\"BreadcrumbList\",\"@id\":\"https:\/\/preprod.henri-vins.ch\/de\/kellerbesichtigung-degustation\/#breadcrumb\",\"itemListElement\":[{\"@type\":\"ListItem\",\"position\":1,\"name\":\"Accueil\",\"item\":\"https:\/\/preprod.henri-vins.ch\/de\/\"},{\"@type\":\"ListItem\",\"position\":2,\"name\":\"Kellerbesichtigung und Degustation\"}]},{\"@type\":\"WebSite\",\"@id\":\"https:\/\/preprod.henri-vins.ch\/de\/#website\",\"url\":\"https:\/\/preprod.henri-vins.ch\/de\/\",\"name\":\"Henri\",\"description\":\"\",\"publisher\":{\"@id\":\"https:\/\/preprod.henri-vins.ch\/de\/#organization\"},\"potentialAction\":[{\"@type\":\"SearchAction\",\"target\":{\"@type\":\"EntryPoint\",\"urlTemplate\":\"https:\/\/preprod.henri-vins.ch\/de\/?s={search_term_string}\"},\"query-input\":{\"@type\":\"PropertyValueSpecification\",\"valueRequired\":true,\"valueName\":\"search_term_string\"}}],\"inLanguage\":\"de\"},{\"@type\":\"Organization\",\"@id\":\"https:\/\/preprod.henri-vins.ch\/de\/#organization\",\"name\":\"Henri\",\"url\":\"https:\/\/preprod.henri-vins.ch\/de\/\",\"logo\":{\"@type\":\"ImageObject\",\"inLanguage\":\"de\",\"@id\":\"https:\/\/preprod.henri-vins.ch\/de\/#\/schema\/logo\/image\/\",\"url\":\"https:\/\/preprod.henri-vins.ch\/wp-content\/uploads\/sites\/2\/2023\/09\/logo-henri.svg\",\"contentUrl\":\"https:\/\/preprod.henri-vins.ch\/wp-content\/uploads\/sites\/2\/2023\/09\/logo-henri.svg\",\"width\":89,\"height\":20,\"caption\":\"Henri\"},\"image\":{\"@id\":\"https:\/\/preprod.henri-vins.ch\/de\/#\/schema\/logo\/image\/\"}}]}<\/script>\n<!-- \/ Yoast SEO plugin. -->","yoast_head_json":{"title":"4 Weintourismus-Aktivit\u00e4ten: Verkostung | Weine Henri Badoux","description":"Entdecken Sie die Weinkeller des Hauses Henri Badoux in Yvorne, inmitten der Weinberge. Die Besichtigung wird mit einer Weinprobe der Henri-Weine in der BadouxTh\u00e8que fortgesetzt.","robots":{"index":"noindex","follow":"follow","max-snippet":"max-snippet:-1","max-image-preview":"max-image-preview:large","max-video-preview":"max-video-preview:-1"},"og_locale":"de_DE","og_type":"article","og_title":"4 Weintourismus-Aktivit\u00e4ten: Verkostung | Weine Henri Badoux","og_description":"Entdecken Sie die Weinkeller des Hauses Henri Badoux in Yvorne, inmitten der Weinberge. Die Besichtigung wird mit einer Weinprobe der Henri-Weine in der BadouxTh\u00e8que fortgesetzt.","og_url":"https:\/\/preprod.henri-vins.ch\/de\/kellerbesichtigung-degustation\/","og_site_name":"Henri","article_modified_time":"2023-11-23T09:09:12+00:00","og_image":[{"width":610,"height":610,"url":"https:\/\/preprod.henri-vins.ch\/wp-content\/uploads\/sites\/2\/2023\/10\/experience-oeno-tourisme-vin-henri-badoux-aigle-visite-cave.jpg","type":"image\/jpeg"}],"twitter_card":"summary_large_image","schema":{"@context":"https:\/\/schema.org","@graph":[{"@type":"WebPage","@id":"https:\/\/preprod.henri-vins.ch\/de\/kellerbesichtigung-degustation\/","url":"https:\/\/preprod.henri-vins.ch\/de\/kellerbesichtigung-degustation\/","name":"4 Weintourismus-Aktivit\u00e4ten: Verkostung | Weine Henri Badoux","isPartOf":{"@id":"https:\/\/preprod.henri-vins.ch\/de\/#website"},"primaryImageOfPage":{"@id":"https:\/\/preprod.henri-vins.ch\/de\/kellerbesichtigung-degustation\/#primaryimage"},"image":{"@id":"https:\/\/preprod.henri-vins.ch\/de\/kellerbesichtigung-degustation\/#primaryimage"},"thumbnailUrl":"https:\/\/preprod.henri-vins.ch\/wp-content\/uploads\/sites\/2\/2023\/10\/experience-oeno-tourisme-vin-henri-badoux-aigle-visite-cave.jpg","datePublished":"2023-11-13T07:34:59+00:00","dateModified":"2023-11-23T09:09:12+00:00","description":"Entdecken Sie die Weinkeller des Hauses Henri Badoux in Yvorne, inmitten der Weinberge. Die Besichtigung wird mit einer Weinprobe der Henri-Weine in der BadouxTh\u00e8que fortgesetzt.","breadcrumb":{"@id":"https:\/\/preprod.henri-vins.ch\/de\/kellerbesichtigung-degustation\/#breadcrumb"},"inLanguage":"de","potentialAction":[{"@type":"ReadAction","target":["https:\/\/preprod.henri-vins.ch\/de\/kellerbesichtigung-degustation\/"]}]},{"@type":"ImageObject","inLanguage":"de","@id":"https:\/\/preprod.henri-vins.ch\/de\/kellerbesichtigung-degustation\/#primaryimage","url":"https:\/\/preprod.henri-vins.ch\/wp-content\/uploads\/sites\/2\/2023\/10\/experience-oeno-tourisme-vin-henri-badoux-aigle-visite-cave.jpg","contentUrl":"https:\/\/preprod.henri-vins.ch\/wp-content\/uploads\/sites\/2\/2023\/10\/experience-oeno-tourisme-vin-henri-badoux-aigle-visite-cave.jpg","width":610,"height":610,"caption":"Visite des caves de la Maison Henri Badoux \u00e0 Aigle."},{"@type":"BreadcrumbList","@id":"https:\/\/preprod.henri-vins.ch\/de\/kellerbesichtigung-degustation\/#breadcrumb","itemListElement":[{"@type":"ListItem","position":1,"name":"Accueil","item":"https:\/\/preprod.henri-vins.ch\/de\/"},{"@type":"ListItem","position":2,"name":"Kellerbesichtigung und Degustation"}]},{"@type":"WebSite","@id":"https:\/\/preprod.henri-vins.ch\/de\/#website","url":"https:\/\/preprod.henri-vins.ch\/de\/","name":"Henri","description":"","publisher":{"@id":"https:\/\/preprod.henri-vins.ch\/de\/#organization"},"potentialAction":[{"@type":"SearchAction","target":{"@type":"EntryPoint","urlTemplate":"https:\/\/preprod.henri-vins.ch\/de\/?s={search_term_string}"},"query-input":{"@type":"PropertyValueSpecification","valueRequired":true,"valueName":"search_term_string"}}],"inLanguage":"de"},{"@type":"Organization","@id":"https:\/\/preprod.henri-vins.ch\/de\/#organization","name":"Henri","url":"https:\/\/preprod.henri-vins.ch\/de\/","logo":{"@type":"ImageObject","inLanguage":"de","@id":"https:\/\/preprod.henri-vins.ch\/de\/#\/schema\/logo\/image\/","url":"https:\/\/preprod.henri-vins.ch\/wp-content\/uploads\/sites\/2\/2023\/09\/logo-henri.svg","contentUrl":"https:\/\/preprod.henri-vins.ch\/wp-content\/uploads\/sites\/2\/2023\/09\/logo-henri.svg","width":89,"height":20,"caption":"Henri"},"image":{"@id":"https:\/\/preprod.henri-vins.ch\/de\/#\/schema\/logo\/image\/"}}]}},"_links":{"self":[{"href":"https:\/\/preprod.henri-vins.ch\/de\/wp-json\/wp\/v2\/pages\/2198"}],"collection":[{"href":"https:\/\/preprod.henri-vins.ch\/de\/wp-json\/wp\/v2\/pages"}],"about":[{"href":"https:\/\/preprod.henri-vins.ch\/de\/wp-json\/wp\/v2\/types\/page"}],"author":[{"embeddable":true,"href":"https:\/\/preprod.henri-vins.ch\/de\/wp-json\/wp\/v2\/users\/14"}],"replies":[{"embeddable":true,"href":"https:\/\/preprod.henri-vins.ch\/de\/wp-json\/wp\/v2\/comments?post=2198"}],"version-history":[{"count":3,"href":"https:\/\/preprod.henri-vins.ch\/de\/wp-json\/wp\/v2\/pages\/2198\/revisions"}],"predecessor-version":[{"id":2203,"href":"https:\/\/preprod.henri-vins.ch\/de\/wp-json\/wp\/v2\/pages\/2198\/revisions\/2203"}],"wp:featuredmedia":[{"embeddable":true,"href":"https:\/\/preprod.henri-vins.ch\/de\/wp-json\/wp\/v2\/media\/1084"}],"wp:attachment":[{"href":"https:\/\/preprod.henri-vins.ch\/de\/wp-json\/wp\/v2\/media?parent=2198"}],"curies":[{"name":"wp","href":"https:\/\/api.w.org\/{rel}","templated":true}]}}