{"id":2362,"date":"2023-09-06T11:43:20","date_gmt":"2023-09-06T09:43:20","guid":{"rendered":"https:\/\/preprod.henri-vins.ch\/marque-henri-vins-suisse\/"},"modified":"2023-12-05T15:24:15","modified_gmt":"2023-12-05T14:24:15","slug":"marke","status":"publish","type":"page","link":"https:\/\/preprod.henri-vins.ch\/de\/marke\/","title":{"rendered":"Marke Henri"},"content":{"rendered":"\n\n<section class=\"gut-block gut-hero bg-color-none with-bg-img\" >\n            <div class=\"bg-img\">\n            <img loading=\"lazy\" decoding=\"async\" width=\"1920\" height=\"580\" src=\"https:\/\/preprod.henri-vins.ch\/wp-content\/uploads\/sites\/2\/2023\/10\/bouteilles-vins-suisse-henri-badoux-aigle.jpg\" class=\"attachment-banner size-banner\" alt=\"Bouteilles de vin blancs et rouges suisses de la Maison Henri Badoux.\" srcset=\"https:\/\/preprod.henri-vins.ch\/wp-content\/uploads\/sites\/2\/2023\/10\/bouteilles-vins-suisse-henri-badoux-aigle.jpg 1920w, https:\/\/preprod.henri-vins.ch\/wp-content\/uploads\/sites\/2\/2023\/10\/bouteilles-vins-suisse-henri-badoux-aigle-300x91.jpg 300w, https:\/\/preprod.henri-vins.ch\/wp-content\/uploads\/sites\/2\/2023\/10\/bouteilles-vins-suisse-henri-badoux-aigle-1024x309.jpg 1024w, https:\/\/preprod.henri-vins.ch\/wp-content\/uploads\/sites\/2\/2023\/10\/bouteilles-vins-suisse-henri-badoux-aigle-768x232.jpg 768w, https:\/\/preprod.henri-vins.ch\/wp-content\/uploads\/sites\/2\/2023\/10\/bouteilles-vins-suisse-henri-badoux-aigle-1536x464.jpg 1536w\" sizes=\"(max-width: 1920px) 100vw, 1920px\" \/>        <\/div>\n        \n    <div class=\"wrap\">\n        <ul class=\"breadcrumb\">\n    <li>\n        <a href=\"https:\/\/preprod.henri-vins.ch\/de\/\">Accueil<\/a>\n    <\/li>\n\n    \n    \n    <li>\n        <span class=\"current\">Marke Henri<\/span>\n    <\/li>\n<\/ul>        \n        <div class=\"content\">\n            <h1 class=\"block-title title-big\">\n                                    Wer ist Henri&nbsp;?                            <\/h1>\n\n            \n                    <\/div>\n    <\/div>\n\n    <button type=\"button\" class=\"btn cts\">Scroll<\/button>\n<\/section>\n\n\n\n<section class=\"gut-block gut-texte  bg-color-none\" >\n    <div class=\"wrap\">\n        <div class=\"block-texte wysiwyg-content\">\n            <h2 style=\"text-align: center\">Ready to discover<\/h2>\n<p style=\"text-align: center\">Zielgruppe der<strong>\u00a0Marke Henri<\/strong>\u00a0sind kreative, wissbegierige Weinliebhaber mit einer Extraportion Entdeckergeist. Mit ihrer Auswahl von <a href=\"https:\/\/preprod.henri-vins.ch\/de\/weine\/\">Weinen<\/a>, die vielfach\u00a0<strong>\u00fcberraschen<\/strong> und prinzipiell anspruchsvoll sind, bricht sie mit etablierten Konventionen. Mit\u00a0<strong>Courage<\/strong>\u00a0und Leidenschaft begeistert Henri eine neue Generation von Weinaficionados.<\/p>\n        <\/div>\n    <\/div>\n<\/section>\n\n\n\n<section class=\"gut-block gut-contenu-50-50 disposition-left bg-color-jaune\" >\n    <div class=\"wrap\">\n                    <div class=\"img\">\n                <img loading=\"lazy\" decoding=\"async\" width=\"1920\" height=\"980\" src=\"https:\/\/preprod.henri-vins.ch\/wp-content\/uploads\/sites\/2\/2023\/09\/Ambiance_Gamaret_garanoir3_1920x980.webp\" class=\"attachment-banner size-banner\" alt=\"\" srcset=\"https:\/\/preprod.henri-vins.ch\/wp-content\/uploads\/sites\/2\/2023\/09\/Ambiance_Gamaret_garanoir3_1920x980.webp 1920w, https:\/\/preprod.henri-vins.ch\/wp-content\/uploads\/sites\/2\/2023\/09\/Ambiance_Gamaret_garanoir3_1920x980-300x153.webp 300w, https:\/\/preprod.henri-vins.ch\/wp-content\/uploads\/sites\/2\/2023\/09\/Ambiance_Gamaret_garanoir3_1920x980-1024x523.webp 1024w, https:\/\/preprod.henri-vins.ch\/wp-content\/uploads\/sites\/2\/2023\/09\/Ambiance_Gamaret_garanoir3_1920x980-768x392.webp 768w, https:\/\/preprod.henri-vins.ch\/wp-content\/uploads\/sites\/2\/2023\/09\/Ambiance_Gamaret_garanoir3_1920x980-1536x784.webp 1536w\" sizes=\"(max-width: 1920px) 100vw, 1920px\" \/>            <\/div>\n        \n        <div class=\"content\">\n                            <h3 class=\"block-title title-h2\">\n                    Henri, wie Henri Badoux                <\/h3>\n            \n                            <div class=\"block-texte wysiwyg-content light\">\n                    <p>Der j\u00fcngste Spross aus dem Hause Henri Badoux ist nach dem Gr\u00fcnder des Labels benannt, dessen Innovationsfreude bis heute pr\u00e4sent ist.<\/p>\n<p><strong>2021<\/strong><br \/>\nEinf\u00fchrung der Marke und erste Flaschenabf\u00fcllung<\/p>\n<p><strong>2022<\/strong><br \/>\nLimited Edition: Mara<br \/>\nNeu: Assemblage Gamaret\/Garanoir<\/p>\n<p><strong>2023<br \/>\n<\/strong><span data-sheets-formula-bar-text-style=\"font-size:13px;color:#000000;font-weight:normal;text-decoration:none;font-family:'Arial';font-style:normal;text-decoration-skip-ink:none;\">Nouveaut\u00e9: Galotta<\/span><\/p>\n                <\/div>\n            \n                    <\/div>\n    <\/div>\n<\/section>\n\n\n\n<section class=\"gut-block gut-contenu-50-50 disposition-right bg-color-none\" >\n    <div class=\"wrap\">\n                    <div class=\"img\">\n                <img loading=\"lazy\" decoding=\"async\" width=\"1920\" height=\"980\" src=\"https:\/\/preprod.henri-vins.ch\/wp-content\/uploads\/sites\/2\/2023\/09\/Ambiance_Prosecco_rosato_1920x980.webp\" class=\"attachment-banner size-banner\" alt=\"\" srcset=\"https:\/\/preprod.henri-vins.ch\/wp-content\/uploads\/sites\/2\/2023\/09\/Ambiance_Prosecco_rosato_1920x980.webp 1920w, https:\/\/preprod.henri-vins.ch\/wp-content\/uploads\/sites\/2\/2023\/09\/Ambiance_Prosecco_rosato_1920x980-300x153.webp 300w, https:\/\/preprod.henri-vins.ch\/wp-content\/uploads\/sites\/2\/2023\/09\/Ambiance_Prosecco_rosato_1920x980-1024x523.webp 1024w, https:\/\/preprod.henri-vins.ch\/wp-content\/uploads\/sites\/2\/2023\/09\/Ambiance_Prosecco_rosato_1920x980-768x392.webp 768w, https:\/\/preprod.henri-vins.ch\/wp-content\/uploads\/sites\/2\/2023\/09\/Ambiance_Prosecco_rosato_1920x980-1536x784.webp 1536w\" sizes=\"(max-width: 1920px) 100vw, 1920px\" \/>            <\/div>\n        \n        <div class=\"content\">\n                            <h3 class=\"block-title title-h2\">\n                    Ready to innovate                <\/h3>\n            \n                            <div class=\"block-texte wysiwyg-content light\">\n                    <p><strong>Innovation und Differenzierung<\/strong>&nbsp;: Diese Begriffe pr\u00e4gen den Alltag der jungen \u00d6nologin <a href=\"https:\/\/preprod.henri-vins.ch\/de\/winemaker-marjorie-bonvin\/\"><strong>Marjorie Bonvin<\/strong>.<\/a><\/p>\n<p>Unsere Winemakerin arbeitet am Puls des Marktes und vermag uns mit ihrem Interesse an innovativen Trends immer wieder aufs Neue zu verbl\u00fcffen: Galotta, Mara, Vin Orange oder gar Blanc de Noir \u2026<\/p>\n<p>Erstaunliche Kreationen f\u00fcr leidenschaftliche Degustationen und mutige Pairings<\/p>\n                <\/div>\n            \n                            <div class=\"cta-container\">\n                    <a href=\"https:\/\/preprod.henri-vins.ch\/de\/weine\/\" target=\"_self\" class=\"btn\">Entdecken Sie alle Weine<\/a>\n                <\/div>\n                    <\/div>\n    <\/div>\n<\/section>\n\n\n\n<section class=\"gut-block gut-contenu-50-50 disposition-left bg-color-jaune\" >\n    <div class=\"wrap\">\n                    <div class=\"img\">\n                <img loading=\"lazy\" decoding=\"async\" width=\"1920\" height=\"980\" src=\"https:\/\/preprod.henri-vins.ch\/wp-content\/uploads\/sites\/2\/2023\/09\/Ambiance_HENRI_1908_blanc1_1920x980.webp\" class=\"attachment-banner size-banner\" alt=\"\" srcset=\"https:\/\/preprod.henri-vins.ch\/wp-content\/uploads\/sites\/2\/2023\/09\/Ambiance_HENRI_1908_blanc1_1920x980.webp 1920w, https:\/\/preprod.henri-vins.ch\/wp-content\/uploads\/sites\/2\/2023\/09\/Ambiance_HENRI_1908_blanc1_1920x980-300x153.webp 300w, https:\/\/preprod.henri-vins.ch\/wp-content\/uploads\/sites\/2\/2023\/09\/Ambiance_HENRI_1908_blanc1_1920x980-1024x523.webp 1024w, https:\/\/preprod.henri-vins.ch\/wp-content\/uploads\/sites\/2\/2023\/09\/Ambiance_HENRI_1908_blanc1_1920x980-768x392.webp 768w, https:\/\/preprod.henri-vins.ch\/wp-content\/uploads\/sites\/2\/2023\/09\/Ambiance_HENRI_1908_blanc1_1920x980-1536x784.webp 1536w\" sizes=\"(max-width: 1920px) 100vw, 1920px\" \/>            <\/div>\n        \n        <div class=\"content\">\n                            <h3 class=\"block-title title-h2\">\n                    Ready to meet                <\/h3>\n            \n                            <div class=\"block-texte wysiwyg-content light\">\n                    <p>Vielleicht bei einem improvisierten\u00a0<strong>Picknick<\/strong>, w\u00e4hrend eines Asia-Kochkurses oder eines <strong>Spaziergangs<\/strong> durch den\u00a0Weinberg? Alle Anl\u00e4sse bieten die Gelegenheit f\u00fcr\u00a0Begegnungen!<\/p>\n<p>Im Fall von Henri tauscht man sich mit <strong>Weinkennern<\/strong> aus, die unsere Leidenschaften teilen. Man trifft und unterh\u00e4lt sich.<\/p>\n                <\/div>\n            \n                            <div class=\"cta-container\">\n                    <a href=\"https:\/\/preprod.henri-vins.ch\/de\/wo-henri-weine-verkosten\/\" target=\"_self\" class=\"btn\">Sich treffen<\/a>\n                <\/div>\n                    <\/div>\n    <\/div>\n<\/section>","protected":false},"excerpt":{"rendered":"","protected":false},"author":1,"featured_media":1516,"parent":0,"menu_order":0,"comment_status":"closed","ping_status":"closed","template":"","meta":{"_acf_changed":false,"inline_featured_image":false,"footnotes":""},"acf":[],"yoast_head":"<!-- This site is optimized with the Yoast SEO plugin v24.5 - https:\/\/yoast.com\/wordpress\/plugins\/seo\/ -->\n<title>Marke Henri - Schweizer Weine - Badoux Aigle<\/title>\n<meta name=\"description\" content=\"Entdecken Sie die neue Schweizer Weinmarke Henri aus dem Hause Badoux in Aigle.\" \/>\n<meta name=\"robots\" content=\"noindex, follow, max-snippet:-1, max-image-preview:large, max-video-preview:-1\" \/>\n<meta property=\"og:locale\" content=\"de_DE\" \/>\n<meta property=\"og:type\" content=\"article\" \/>\n<meta property=\"og:title\" content=\"Marke Henri - Schweizer Weine - Badoux Aigle\" \/>\n<meta property=\"og:description\" content=\"Entdecken Sie die neue Schweizer Weinmarke Henri aus dem Hause Badoux in Aigle.\" \/>\n<meta property=\"og:url\" content=\"https:\/\/preprod.henri-vins.ch\/de\/marke\/\" \/>\n<meta property=\"og:site_name\" content=\"Henri\" \/>\n<meta property=\"article:modified_time\" content=\"2023-12-05T14:24:15+00:00\" \/>\n<meta property=\"og:image\" content=\"https:\/\/preprod.henri-vins.ch\/wp-content\/uploads\/sites\/2\/2023\/11\/vins-suisses-henri-badoux-aigle.jpg\" \/>\n\t<meta property=\"og:image:width\" content=\"420\" \/>\n\t<meta property=\"og:image:height\" content=\"420\" \/>\n\t<meta property=\"og:image:type\" content=\"image\/jpeg\" \/>\n<meta name=\"twitter:card\" content=\"summary_large_image\" \/>\n<script type=\"application\/ld+json\" class=\"yoast-schema-graph\">{\"@context\":\"https:\/\/schema.org\",\"@graph\":[{\"@type\":\"WebPage\",\"@id\":\"https:\/\/preprod.henri-vins.ch\/de\/marke\/\",\"url\":\"https:\/\/preprod.henri-vins.ch\/de\/marke\/\",\"name\":\"Marke Henri - Schweizer Weine - Badoux Aigle\",\"isPartOf\":{\"@id\":\"https:\/\/preprod.henri-vins.ch\/de\/#website\"},\"primaryImageOfPage\":{\"@id\":\"https:\/\/preprod.henri-vins.ch\/de\/marke\/#primaryimage\"},\"image\":{\"@id\":\"https:\/\/preprod.henri-vins.ch\/de\/marke\/#primaryimage\"},\"thumbnailUrl\":\"https:\/\/preprod.henri-vins.ch\/wp-content\/uploads\/sites\/2\/2023\/11\/vins-suisses-henri-badoux-aigle.jpg\",\"datePublished\":\"2023-09-06T09:43:20+00:00\",\"dateModified\":\"2023-12-05T14:24:15+00:00\",\"description\":\"Entdecken Sie die neue Schweizer Weinmarke Henri aus dem Hause Badoux in Aigle.\",\"breadcrumb\":{\"@id\":\"https:\/\/preprod.henri-vins.ch\/de\/marke\/#breadcrumb\"},\"inLanguage\":\"de\",\"potentialAction\":[{\"@type\":\"ReadAction\",\"target\":[\"https:\/\/preprod.henri-vins.ch\/de\/marke\/\"]}]},{\"@type\":\"ImageObject\",\"inLanguage\":\"de\",\"@id\":\"https:\/\/preprod.henri-vins.ch\/de\/marke\/#primaryimage\",\"url\":\"https:\/\/preprod.henri-vins.ch\/wp-content\/uploads\/sites\/2\/2023\/11\/vins-suisses-henri-badoux-aigle.jpg\",\"contentUrl\":\"https:\/\/preprod.henri-vins.ch\/wp-content\/uploads\/sites\/2\/2023\/11\/vins-suisses-henri-badoux-aigle.jpg\",\"width\":420,\"height\":420,\"caption\":\"Bouteilles de vins suisses de la Maison Henri Badoux \u00e0 Aigle.\"},{\"@type\":\"BreadcrumbList\",\"@id\":\"https:\/\/preprod.henri-vins.ch\/de\/marke\/#breadcrumb\",\"itemListElement\":[{\"@type\":\"ListItem\",\"position\":1,\"name\":\"Accueil\",\"item\":\"https:\/\/preprod.henri-vins.ch\/de\/\"},{\"@type\":\"ListItem\",\"position\":2,\"name\":\"Marke Henri\"}]},{\"@type\":\"WebSite\",\"@id\":\"https:\/\/preprod.henri-vins.ch\/de\/#website\",\"url\":\"https:\/\/preprod.henri-vins.ch\/de\/\",\"name\":\"Henri\",\"description\":\"\",\"publisher\":{\"@id\":\"https:\/\/preprod.henri-vins.ch\/de\/#organization\"},\"potentialAction\":[{\"@type\":\"SearchAction\",\"target\":{\"@type\":\"EntryPoint\",\"urlTemplate\":\"https:\/\/preprod.henri-vins.ch\/de\/?s={search_term_string}\"},\"query-input\":{\"@type\":\"PropertyValueSpecification\",\"valueRequired\":true,\"valueName\":\"search_term_string\"}}],\"inLanguage\":\"de\"},{\"@type\":\"Organization\",\"@id\":\"https:\/\/preprod.henri-vins.ch\/de\/#organization\",\"name\":\"Henri\",\"url\":\"https:\/\/preprod.henri-vins.ch\/de\/\",\"logo\":{\"@type\":\"ImageObject\",\"inLanguage\":\"de\",\"@id\":\"https:\/\/preprod.henri-vins.ch\/de\/#\/schema\/logo\/image\/\",\"url\":\"https:\/\/preprod.henri-vins.ch\/wp-content\/uploads\/sites\/2\/2023\/09\/logo-henri.svg\",\"contentUrl\":\"https:\/\/preprod.henri-vins.ch\/wp-content\/uploads\/sites\/2\/2023\/09\/logo-henri.svg\",\"width\":89,\"height\":20,\"caption\":\"Henri\"},\"image\":{\"@id\":\"https:\/\/preprod.henri-vins.ch\/de\/#\/schema\/logo\/image\/\"}}]}<\/script>\n<!-- \/ Yoast SEO plugin. -->","yoast_head_json":{"title":"Marke Henri - Schweizer Weine - Badoux Aigle","description":"Entdecken Sie die neue Schweizer Weinmarke Henri aus dem Hause Badoux in Aigle.","robots":{"index":"noindex","follow":"follow","max-snippet":"max-snippet:-1","max-image-preview":"max-image-preview:large","max-video-preview":"max-video-preview:-1"},"og_locale":"de_DE","og_type":"article","og_title":"Marke Henri - Schweizer Weine - Badoux Aigle","og_description":"Entdecken Sie die neue Schweizer Weinmarke Henri aus dem Hause Badoux in Aigle.","og_url":"https:\/\/preprod.henri-vins.ch\/de\/marke\/","og_site_name":"Henri","article_modified_time":"2023-12-05T14:24:15+00:00","og_image":[{"width":420,"height":420,"url":"https:\/\/preprod.henri-vins.ch\/wp-content\/uploads\/sites\/2\/2023\/11\/vins-suisses-henri-badoux-aigle.jpg","type":"image\/jpeg"}],"twitter_card":"summary_large_image","schema":{"@context":"https:\/\/schema.org","@graph":[{"@type":"WebPage","@id":"https:\/\/preprod.henri-vins.ch\/de\/marke\/","url":"https:\/\/preprod.henri-vins.ch\/de\/marke\/","name":"Marke Henri - Schweizer Weine - Badoux Aigle","isPartOf":{"@id":"https:\/\/preprod.henri-vins.ch\/de\/#website"},"primaryImageOfPage":{"@id":"https:\/\/preprod.henri-vins.ch\/de\/marke\/#primaryimage"},"image":{"@id":"https:\/\/preprod.henri-vins.ch\/de\/marke\/#primaryimage"},"thumbnailUrl":"https:\/\/preprod.henri-vins.ch\/wp-content\/uploads\/sites\/2\/2023\/11\/vins-suisses-henri-badoux-aigle.jpg","datePublished":"2023-09-06T09:43:20+00:00","dateModified":"2023-12-05T14:24:15+00:00","description":"Entdecken Sie die neue Schweizer Weinmarke Henri aus dem Hause Badoux in Aigle.","breadcrumb":{"@id":"https:\/\/preprod.henri-vins.ch\/de\/marke\/#breadcrumb"},"inLanguage":"de","potentialAction":[{"@type":"ReadAction","target":["https:\/\/preprod.henri-vins.ch\/de\/marke\/"]}]},{"@type":"ImageObject","inLanguage":"de","@id":"https:\/\/preprod.henri-vins.ch\/de\/marke\/#primaryimage","url":"https:\/\/preprod.henri-vins.ch\/wp-content\/uploads\/sites\/2\/2023\/11\/vins-suisses-henri-badoux-aigle.jpg","contentUrl":"https:\/\/preprod.henri-vins.ch\/wp-content\/uploads\/sites\/2\/2023\/11\/vins-suisses-henri-badoux-aigle.jpg","width":420,"height":420,"caption":"Bouteilles de vins suisses de la Maison Henri Badoux \u00e0 Aigle."},{"@type":"BreadcrumbList","@id":"https:\/\/preprod.henri-vins.ch\/de\/marke\/#breadcrumb","itemListElement":[{"@type":"ListItem","position":1,"name":"Accueil","item":"https:\/\/preprod.henri-vins.ch\/de\/"},{"@type":"ListItem","position":2,"name":"Marke Henri"}]},{"@type":"WebSite","@id":"https:\/\/preprod.henri-vins.ch\/de\/#website","url":"https:\/\/preprod.henri-vins.ch\/de\/","name":"Henri","description":"","publisher":{"@id":"https:\/\/preprod.henri-vins.ch\/de\/#organization"},"potentialAction":[{"@type":"SearchAction","target":{"@type":"EntryPoint","urlTemplate":"https:\/\/preprod.henri-vins.ch\/de\/?s={search_term_string}"},"query-input":{"@type":"PropertyValueSpecification","valueRequired":true,"valueName":"search_term_string"}}],"inLanguage":"de"},{"@type":"Organization","@id":"https:\/\/preprod.henri-vins.ch\/de\/#organization","name":"Henri","url":"https:\/\/preprod.henri-vins.ch\/de\/","logo":{"@type":"ImageObject","inLanguage":"de","@id":"https:\/\/preprod.henri-vins.ch\/de\/#\/schema\/logo\/image\/","url":"https:\/\/preprod.henri-vins.ch\/wp-content\/uploads\/sites\/2\/2023\/09\/logo-henri.svg","contentUrl":"https:\/\/preprod.henri-vins.ch\/wp-content\/uploads\/sites\/2\/2023\/09\/logo-henri.svg","width":89,"height":20,"caption":"Henri"},"image":{"@id":"https:\/\/preprod.henri-vins.ch\/de\/#\/schema\/logo\/image\/"}}]}},"_links":{"self":[{"href":"https:\/\/preprod.henri-vins.ch\/de\/wp-json\/wp\/v2\/pages\/2362"}],"collection":[{"href":"https:\/\/preprod.henri-vins.ch\/de\/wp-json\/wp\/v2\/pages"}],"about":[{"href":"https:\/\/preprod.henri-vins.ch\/de\/wp-json\/wp\/v2\/types\/page"}],"author":[{"embeddable":true,"href":"https:\/\/preprod.henri-vins.ch\/de\/wp-json\/wp\/v2\/users\/1"}],"replies":[{"embeddable":true,"href":"https:\/\/preprod.henri-vins.ch\/de\/wp-json\/wp\/v2\/comments?post=2362"}],"version-history":[{"count":10,"href":"https:\/\/preprod.henri-vins.ch\/de\/wp-json\/wp\/v2\/pages\/2362\/revisions"}],"predecessor-version":[{"id":3068,"href":"https:\/\/preprod.henri-vins.ch\/de\/wp-json\/wp\/v2\/pages\/2362\/revisions\/3068"}],"wp:featuredmedia":[{"embeddable":true,"href":"https:\/\/preprod.henri-vins.ch\/de\/wp-json\/wp\/v2\/media\/1516"}],"wp:attachment":[{"href":"https:\/\/preprod.henri-vins.ch\/de\/wp-json\/wp\/v2\/media?parent=2362"}],"curies":[{"name":"wp","href":"https:\/\/api.w.org\/{rel}","templated":true}]}}