{"id":2366,"date":"2023-11-07T11:30:07","date_gmt":"2023-11-07T10:30:07","guid":{"rendered":"https:\/\/preprod.henri-vins.ch\/winemaker-marjorie-bonvin\/"},"modified":"2023-12-05T15:28:24","modified_gmt":"2023-12-05T14:28:24","slug":"winemaker-marjorie-bonvin","status":"publish","type":"page","link":"https:\/\/preprod.henri-vins.ch\/de\/winemaker-marjorie-bonvin\/","title":{"rendered":"Winemaker"},"content":{"rendered":"\n\n<section class=\"gut-block gut-hero bg-color-none with-bg-img\" >\n            <div class=\"bg-img\">\n            <img loading=\"lazy\" decoding=\"async\" width=\"1920\" height=\"580\" src=\"https:\/\/preprod.henri-vins.ch\/wp-content\/uploads\/sites\/2\/2023\/11\/marjorie-bonvin-oenologue-henri-badoux-aigle.jpg\" class=\"attachment-banner size-banner\" alt=\"Marjorie Bonvin, l&#039;Oenologue de la Maison Henri Badoux, dans le chai \u00e0 barrique.\" srcset=\"https:\/\/preprod.henri-vins.ch\/wp-content\/uploads\/sites\/2\/2023\/11\/marjorie-bonvin-oenologue-henri-badoux-aigle.jpg 1920w, https:\/\/preprod.henri-vins.ch\/wp-content\/uploads\/sites\/2\/2023\/11\/marjorie-bonvin-oenologue-henri-badoux-aigle-300x91.jpg 300w, https:\/\/preprod.henri-vins.ch\/wp-content\/uploads\/sites\/2\/2023\/11\/marjorie-bonvin-oenologue-henri-badoux-aigle-1024x309.jpg 1024w, https:\/\/preprod.henri-vins.ch\/wp-content\/uploads\/sites\/2\/2023\/11\/marjorie-bonvin-oenologue-henri-badoux-aigle-768x232.jpg 768w, https:\/\/preprod.henri-vins.ch\/wp-content\/uploads\/sites\/2\/2023\/11\/marjorie-bonvin-oenologue-henri-badoux-aigle-1536x464.jpg 1536w\" sizes=\"(max-width: 1920px) 100vw, 1920px\" \/>        <\/div>\n        \n    <div class=\"wrap\">\n        <ul class=\"breadcrumb\">\n    <li>\n        <a href=\"https:\/\/preprod.henri-vins.ch\/de\/\">Accueil<\/a>\n    <\/li>\n\n    \n    \n    <li>\n        <span class=\"current\">Winemaker<\/span>\n    <\/li>\n<\/ul>        \n        <div class=\"content\">\n            <h1 class=\"block-title title-big\">\n                                    Marjorie Bonvin <br> Winemaker                            <\/h1>\n\n                            <div class=\"block-intro wysiwyg-content\">\n                    <h4><\/h4>\n                <\/div>\n            \n                    <\/div>\n    <\/div>\n\n    <button type=\"button\" class=\"btn cts\">Scroll<\/button>\n<\/section>\n\n\n\n<section class=\"gut-block gut-temoignages-slider bg-color-none\" >\n    <div class=\"wrap\">\n        <div class=\"block-header\">\n                            <h2 class=\"block-title title-big\">\n                    Die Leidenschaft f\u00fcr Wein                <\/h2>\n                    <\/div>\n        \n        <div class=\"swiper\">\n            <button type=\"button\" class=\"swiper-btn swiper-btn-prev\" aria-label=\"T\u00e9moignage pr\u00e9c\u00e9dent\"><span class=\"icon icon-chevron-left\" aria-hidden=\"true\"><\/span><\/button>\n            <button type=\"button\" class=\"swiper-btn swiper-btn-next\" aria-label=\"T\u00e9moignage suivant\"><span class=\"icon icon-chevron-right\" aria-hidden=\"true\"><\/span><\/button>\n            \n            <div class=\"swiper-wrapper\">\n                                    <div class=\"swiper-slide\">\n                                                    <figure class=\"item\">\n                                                                    <figcaption>Marjorie Bonvin<\/figcaption>\n                                    \n                                                                    <blockquote class=\"wysiwyg-content\">\n                                        <p>In das Berufsbild des <strong>\u00d6nologen <\/strong>habe ich mich beim Anblick meines <strong>Grossvaters<\/strong> bei seiner Arbeit im Weinberg verliebt. Sein Engagement in Zusammenhang mit seinem Beruf und seine <strong>Leidenschaft<\/strong> haben mich fasziniert. Heute habe ich die<strong> Gelegenhei<\/strong>t, Weine aus innovativen und gewagten Rebsorten zu schaffen, die f\u00fcr Menschen mit einer Extraportion Entdeckergeist und Freude an geselligen Momenten bestimmt sind. Eine meiner Priorit\u00e4ten ist es, die <strong>Rebanlagen<\/strong> stets mit R\u00fccksicht auf die Natur zu bearbeiten, um sie so ins Zentrum meiner Aufmerksamkeit zu stellen.<\/p>\n                                    <\/blockquote>\n                                                            <\/figure>\n                                            <\/div>\n                            <\/div>\n        <\/div>\n    <\/div>\n<\/section>\n\n\n\n<section class=\"gut-block gut-contenu-50-50 disposition-left bg-color-jaune\" >\n    <div class=\"wrap\">\n                    <div class=\"img\">\n                <img loading=\"lazy\" decoding=\"async\" width=\"610\" height=\"610\" src=\"https:\/\/preprod.henri-vins.ch\/wp-content\/uploads\/sites\/2\/2023\/11\/marjorie-bonvin-oenologue-henri-badoux-aigle-vin.jpg\" class=\"attachment-banner size-banner\" alt=\"Marjorie Bonvin Oenologue de la Maison Henri Badoux.\" srcset=\"https:\/\/preprod.henri-vins.ch\/wp-content\/uploads\/sites\/2\/2023\/11\/marjorie-bonvin-oenologue-henri-badoux-aigle-vin.jpg 610w, https:\/\/preprod.henri-vins.ch\/wp-content\/uploads\/sites\/2\/2023\/11\/marjorie-bonvin-oenologue-henri-badoux-aigle-vin-300x300.jpg 300w, https:\/\/preprod.henri-vins.ch\/wp-content\/uploads\/sites\/2\/2023\/11\/marjorie-bonvin-oenologue-henri-badoux-aigle-vin-150x150.jpg 150w\" sizes=\"(max-width: 610px) 100vw, 610px\" \/>            <\/div>\n        \n        <div class=\"content\">\n                            <h3 class=\"block-title title-h2\">\n                    Marjorie, die Passionierte                <\/h3>\n            \n                            <div class=\"block-texte wysiwyg-content light\">\n                    <p>Das Herz unserer \u00d6nologin<strong>\u00a0Marjorie Bonvin<\/strong>\u00a0schl\u00e4gt seit fr\u00fchester Kindheit f\u00fcr die Weinwirtschaft. Bereits als Kleinkind lief sie mit ihrem Grossvater kreuz und quer durch die <strong>Rebanlagen<\/strong>. Er war es auch, der ihr seine Liebe f\u00fcr die Natur und die Bearbeitung des Bodens vermittelte. Zusammen durchstreiften sie die kleinen Pfade zwischen den Rebst\u00f6cken auf der Suche nach den allerbesten Trauben, um diese anschliessend mit h\u00f6chster Sorgfalt zu lesen.<\/p>\n                <\/div>\n            \n                    <\/div>\n    <\/div>\n<\/section>\n\n\n\n<section class=\"gut-block gut-contenu-50-50 disposition-right bg-color-none\" >\n    <div class=\"wrap\">\n                    <div class=\"img\">\n                <img loading=\"lazy\" decoding=\"async\" width=\"610\" height=\"610\" src=\"https:\/\/preprod.henri-vins.ch\/wp-content\/uploads\/sites\/2\/2023\/11\/marjorie-bonvin-oenologue-vin-henri-badoux-aigle.jpg\" class=\"attachment-banner size-banner\" alt=\"Marjorie Bonvin, Oenologue de la Maison Henri Badoux, au coeur des vignes.\" srcset=\"https:\/\/preprod.henri-vins.ch\/wp-content\/uploads\/sites\/2\/2023\/11\/marjorie-bonvin-oenologue-vin-henri-badoux-aigle.jpg 610w, https:\/\/preprod.henri-vins.ch\/wp-content\/uploads\/sites\/2\/2023\/11\/marjorie-bonvin-oenologue-vin-henri-badoux-aigle-300x300.jpg 300w, https:\/\/preprod.henri-vins.ch\/wp-content\/uploads\/sites\/2\/2023\/11\/marjorie-bonvin-oenologue-vin-henri-badoux-aigle-150x150.jpg 150w\" sizes=\"(max-width: 610px) 100vw, 610px\" \/>            <\/div>\n        \n        <div class=\"content\">\n                            <h3 class=\"block-title title-h2\">\n                    Alle Etappen der Ausbildung                <\/h3>\n            \n                            <div class=\"block-texte wysiwyg-content light\">\n                    <p>Gleich nach Abschluss ihres EFZ als <strong>Winzerin<\/strong> und Weintechnologin absolvierte sie auch die Berufspr\u00fcfung (BP) sowie die H\u00f6here Fachpr\u00fcfung (HFP) im Bereich Weintechnologie. Seit 2011 \u00fcberwacht Marjorie als unsere <strong>Winemakerin<\/strong> die Entstehung der verschiedenen Crus des Maison <a href=\"https:\/\/www.henri-badoux.ch\/de\/\" target=\"_blank\" rel=\"noopener\">Henri Badoux<\/a>. Im Mai 2021 \u00fcbernahm sie die Leitung der Abteilungen Produktion, Vinifikation und \u00d6nologie.<\/p>\n                <\/div>\n            \n                    <\/div>\n    <\/div>\n<\/section>\n\n\n\n<section class=\"gut-block gut-contenu-50-50 disposition-left bg-color-jaune\" >\n    <div class=\"wrap\">\n                    <div class=\"img\">\n                <img loading=\"lazy\" decoding=\"async\" width=\"610\" height=\"610\" src=\"https:\/\/preprod.henri-vins.ch\/wp-content\/uploads\/sites\/2\/2023\/11\/oenologue-marjorie-bonvin-vin-henri-badoux-aigle.jpg\" class=\"attachment-banner size-banner\" alt=\"Marjorie Bonvi Oenologue Maison Henri Badoux, dans le chai \u00e0 barrique.\" srcset=\"https:\/\/preprod.henri-vins.ch\/wp-content\/uploads\/sites\/2\/2023\/11\/oenologue-marjorie-bonvin-vin-henri-badoux-aigle.jpg 610w, https:\/\/preprod.henri-vins.ch\/wp-content\/uploads\/sites\/2\/2023\/11\/oenologue-marjorie-bonvin-vin-henri-badoux-aigle-300x300.jpg 300w, https:\/\/preprod.henri-vins.ch\/wp-content\/uploads\/sites\/2\/2023\/11\/oenologue-marjorie-bonvin-vin-henri-badoux-aigle-150x150.jpg 150w\" sizes=\"(max-width: 610px) 100vw, 610px\" \/>            <\/div>\n        \n        <div class=\"content\">\n                            <h3 class=\"block-title title-h2\">\n                    Schweizer Ehrungen                <\/h3>\n            \n                            <div class=\"block-texte wysiwyg-content light\">\n                    <p>Marjorie Bonvin herausragendes Talent wurde bereits mehrfach ausgezeichnet. So etwa wurde das Maison Henri Badoux beim <a href=\"https:\/\/www.vinea.ch\/grand-prix-du-vin-suisse\/\" target=\"_blank\" rel=\"noopener\"><strong>Grand Prix du Vin Suisse<\/strong><\/a> ausgezeichnet, beim Weinwettbewerb <a href=\"https:\/\/www.mondialduchasselas.com\/\" target=\"_blank\" rel=\"noopener\">Mondial du Chasselas<\/a> ausgew\u00e4hlt, und kam beim <a href=\"https:\/\/concoursmondial.com\/fr\/\" target=\"_blank\" rel=\"noopener\">Concours Mondial de Bruxelles<\/a> unter die <strong>Top 3<\/strong> der besten Ros\u00e9weine.<\/p>\n                <\/div>\n            \n                    <\/div>\n    <\/div>\n<\/section>\n\n\n\n<section class=\"gut-block gut-produits bg-color-none\" >\n    <div class=\"wrap\">\n                    <div class=\"block-header\">\n                                    <h3 class=\"block-title title-big\">Ihre Weine &#8222;Coup de c\u0153ur&#8220; \u2014 Ihre Weine &#8222;Coup de c\u0153ur&#8220; \u2014 Ihre Weine &#8222;Coup de c\u0153ur&#8220; \u2014 Ihre Weine &#8222;Coup de c\u0153ur&#8220;<\/h3>\n                            <\/div>\n                \n        <div class=\"container\">\n                            \n\n<article class=\"preview-vin post-2366 page type-page status-publish has-post-thumbnail hentry\">\n\t<div class=\"preview-header\">\n\t\t<h3 class=\"preview-title\"><a href=\"https:\/\/preprod.henri-vins.ch\/de\/wein\/henri-vin-orange\/\">Henri Vin Orange<\/a><\/h3>\n\t\t\n\t\t\t\t\t<p class=\"preview-category\">Weisswein<\/p>\n\t\t\t<\/div>\n\t\t\n\t\t\t<a href=\"https:\/\/preprod.henri-vins.ch\/de\/wein\/henri-vin-orange\/\" class=\"preview-img\">\n\t\t\t<img loading=\"lazy\" decoding=\"async\" width=\"152\" height=\"536\" src=\"https:\/\/preprod.henri-vins.ch\/wp-content\/uploads\/sites\/2\/2023\/09\/Packshot_HENRI_Chasselas_vin_orange.webp\" class=\"attachment-large size-large\" alt=\"Bouteille de vin blanc Henri Orange, de la Maison Henri Badoux \u00e0 Aigle.\" srcset=\"https:\/\/preprod.henri-vins.ch\/wp-content\/uploads\/sites\/2\/2023\/09\/Packshot_HENRI_Chasselas_vin_orange.webp 152w, https:\/\/preprod.henri-vins.ch\/wp-content\/uploads\/sites\/2\/2023\/09\/Packshot_HENRI_Chasselas_vin_orange-85x300.webp 85w\" sizes=\"(max-width: 152px) 100vw, 152px\" \/>\t\t<\/a>\n\t\t\n\t<div class=\"preview-cta\">\n\t\t<a href=\"https:\/\/preprod.henri-vins.ch\/de\/wein\/henri-vin-orange\/\" class=\"btn\">Entdecken<\/a>\n\t<\/div>\n<\/article>\n                            \n\n<article class=\"preview-vin post-2366 page type-page status-publish has-post-thumbnail hentry\">\n\t<div class=\"preview-header\">\n\t\t<h3 class=\"preview-title\"><a href=\"https:\/\/preprod.henri-vins.ch\/de\/wein\/henri-galotta\/\">Henri Galotta<\/a><\/h3>\n\t\t\n\t\t\t\t\t<p class=\"preview-category\">Rotwein<\/p>\n\t\t\t<\/div>\n\t\t\n\t\t\t<a href=\"https:\/\/preprod.henri-vins.ch\/de\/wein\/henri-galotta\/\" class=\"preview-img\">\n\t\t\t<img loading=\"lazy\" decoding=\"async\" width=\"152\" height=\"536\" src=\"https:\/\/preprod.henri-vins.ch\/wp-content\/uploads\/sites\/2\/2023\/10\/vin-henri-galotta-chablais-badoux-aigle.jpg\" class=\"attachment-large size-large\" alt=\"Bouteille de vin rouge suisse (Chablais AOC) Henri Galotta, de la Maison Henri Badoux \u00e0 Aigle.\" srcset=\"https:\/\/preprod.henri-vins.ch\/wp-content\/uploads\/sites\/2\/2023\/10\/vin-henri-galotta-chablais-badoux-aigle.jpg 152w, https:\/\/preprod.henri-vins.ch\/wp-content\/uploads\/sites\/2\/2023\/10\/vin-henri-galotta-chablais-badoux-aigle-85x300.jpg 85w\" sizes=\"(max-width: 152px) 100vw, 152px\" \/>\t\t<\/a>\n\t\t\n\t<div class=\"preview-cta\">\n\t\t<a href=\"https:\/\/preprod.henri-vins.ch\/de\/wein\/henri-galotta\/\" class=\"btn\">Entdecken<\/a>\n\t<\/div>\n<\/article>\n                            \n\n<article class=\"preview-vin post-2366 page type-page status-publish has-post-thumbnail hentry\">\n\t<div class=\"preview-header\">\n\t\t<h3 class=\"preview-title\"><a href=\"https:\/\/preprod.henri-vins.ch\/de\/wein\/henri-blanc-de-noir\/\">Henri Blanc de Noir<\/a><\/h3>\n\t\t\n\t\t\t\t\t<p class=\"preview-category\">Ros\u00e9wein<\/p>\n\t\t\t<\/div>\n\t\t\n\t\t\t<a href=\"https:\/\/preprod.henri-vins.ch\/de\/wein\/henri-blanc-de-noir\/\" class=\"preview-img\">\n\t\t\t<img loading=\"lazy\" decoding=\"async\" width=\"152\" height=\"536\" src=\"https:\/\/preprod.henri-vins.ch\/wp-content\/uploads\/sites\/2\/2023\/09\/Packshot_HENRI_Blanc_de_noir.webp\" class=\"attachment-large size-large\" alt=\"Bouteille de vin ros\u00e9 Henri Blanc de Noir, de la Maison Henri Badoux \u00e0 Aigle.\" srcset=\"https:\/\/preprod.henri-vins.ch\/wp-content\/uploads\/sites\/2\/2023\/09\/Packshot_HENRI_Blanc_de_noir.webp 152w, https:\/\/preprod.henri-vins.ch\/wp-content\/uploads\/sites\/2\/2023\/09\/Packshot_HENRI_Blanc_de_noir-85x300.webp 85w\" sizes=\"(max-width: 152px) 100vw, 152px\" \/>\t\t<\/a>\n\t\t\n\t<div class=\"preview-cta\">\n\t\t<a href=\"https:\/\/preprod.henri-vins.ch\/de\/wein\/henri-blanc-de-noir\/\" class=\"btn\">Entdecken<\/a>\n\t<\/div>\n<\/article>\n                    <\/div>\n\n            <\/div>\n<\/section>","protected":false},"excerpt":{"rendered":"","protected":false},"author":14,"featured_media":1617,"parent":0,"menu_order":2,"comment_status":"closed","ping_status":"closed","template":"","meta":{"_acf_changed":false,"inline_featured_image":false,"footnotes":""},"acf":[],"yoast_head":"<!-- This site is optimized with the Yoast SEO plugin v24.5 - https:\/\/yoast.com\/wordpress\/plugins\/seo\/ -->\n<title>Marjorie Bonvin - \u00d6nologin - Weine Henri Badoux<\/title>\n<meta name=\"description\" content=\"Lernen Sie Marjorie Bonvin, die junge \u00d6nologin des Hauses Henri Badoux, kennen. Sie ist es, die mit Leidenschaft die Schweizer Weine der Marke Henri kreiert.\" \/>\n<meta name=\"robots\" content=\"noindex, follow, max-snippet:-1, max-image-preview:large, max-video-preview:-1\" \/>\n<meta property=\"og:locale\" content=\"de_DE\" \/>\n<meta property=\"og:type\" content=\"article\" \/>\n<meta property=\"og:title\" content=\"Marjorie Bonvin - \u00d6nologin - Weine Henri Badoux\" \/>\n<meta property=\"og:description\" content=\"Lernen Sie Marjorie Bonvin, die junge \u00d6nologin des Hauses Henri Badoux, kennen. Sie ist es, die mit Leidenschaft die Schweizer Weine der Marke Henri kreiert.\" \/>\n<meta property=\"og:url\" content=\"https:\/\/preprod.henri-vins.ch\/de\/winemaker-marjorie-bonvin\/\" \/>\n<meta property=\"og:site_name\" content=\"Henri\" \/>\n<meta property=\"article:modified_time\" content=\"2023-12-05T14:28:24+00:00\" \/>\n<meta property=\"og:image\" content=\"https:\/\/preprod.henri-vins.ch\/wp-content\/uploads\/sites\/2\/2023\/11\/marjorie-bonvin-oenologue-vin-henri-badoux-aigle.jpg\" \/>\n\t<meta property=\"og:image:width\" content=\"610\" \/>\n\t<meta property=\"og:image:height\" content=\"610\" \/>\n\t<meta property=\"og:image:type\" content=\"image\/jpeg\" \/>\n<meta name=\"twitter:card\" content=\"summary_large_image\" \/>\n<script type=\"application\/ld+json\" class=\"yoast-schema-graph\">{\"@context\":\"https:\/\/schema.org\",\"@graph\":[{\"@type\":\"WebPage\",\"@id\":\"https:\/\/preprod.henri-vins.ch\/de\/winemaker-marjorie-bonvin\/\",\"url\":\"https:\/\/preprod.henri-vins.ch\/de\/winemaker-marjorie-bonvin\/\",\"name\":\"Marjorie Bonvin - \u00d6nologin - Weine Henri Badoux\",\"isPartOf\":{\"@id\":\"https:\/\/preprod.henri-vins.ch\/de\/#website\"},\"primaryImageOfPage\":{\"@id\":\"https:\/\/preprod.henri-vins.ch\/de\/winemaker-marjorie-bonvin\/#primaryimage\"},\"image\":{\"@id\":\"https:\/\/preprod.henri-vins.ch\/de\/winemaker-marjorie-bonvin\/#primaryimage\"},\"thumbnailUrl\":\"https:\/\/preprod.henri-vins.ch\/wp-content\/uploads\/sites\/2\/2023\/11\/marjorie-bonvin-oenologue-vin-henri-badoux-aigle.jpg\",\"datePublished\":\"2023-11-07T10:30:07+00:00\",\"dateModified\":\"2023-12-05T14:28:24+00:00\",\"description\":\"Lernen Sie Marjorie Bonvin, die junge \u00d6nologin des Hauses Henri Badoux, kennen. Sie ist es, die mit Leidenschaft die Schweizer Weine der Marke Henri kreiert.\",\"breadcrumb\":{\"@id\":\"https:\/\/preprod.henri-vins.ch\/de\/winemaker-marjorie-bonvin\/#breadcrumb\"},\"inLanguage\":\"de\",\"potentialAction\":[{\"@type\":\"ReadAction\",\"target\":[\"https:\/\/preprod.henri-vins.ch\/de\/winemaker-marjorie-bonvin\/\"]}]},{\"@type\":\"ImageObject\",\"inLanguage\":\"de\",\"@id\":\"https:\/\/preprod.henri-vins.ch\/de\/winemaker-marjorie-bonvin\/#primaryimage\",\"url\":\"https:\/\/preprod.henri-vins.ch\/wp-content\/uploads\/sites\/2\/2023\/11\/marjorie-bonvin-oenologue-vin-henri-badoux-aigle.jpg\",\"contentUrl\":\"https:\/\/preprod.henri-vins.ch\/wp-content\/uploads\/sites\/2\/2023\/11\/marjorie-bonvin-oenologue-vin-henri-badoux-aigle.jpg\",\"width\":610,\"height\":610,\"caption\":\"Marjorie Bonvin, Oenologue de la Maison Henri Badoux, au coeur des vignes.\"},{\"@type\":\"BreadcrumbList\",\"@id\":\"https:\/\/preprod.henri-vins.ch\/de\/winemaker-marjorie-bonvin\/#breadcrumb\",\"itemListElement\":[{\"@type\":\"ListItem\",\"position\":1,\"name\":\"Accueil\",\"item\":\"https:\/\/preprod.henri-vins.ch\/de\/\"},{\"@type\":\"ListItem\",\"position\":2,\"name\":\"Winemaker\"}]},{\"@type\":\"WebSite\",\"@id\":\"https:\/\/preprod.henri-vins.ch\/de\/#website\",\"url\":\"https:\/\/preprod.henri-vins.ch\/de\/\",\"name\":\"Henri\",\"description\":\"\",\"publisher\":{\"@id\":\"https:\/\/preprod.henri-vins.ch\/de\/#organization\"},\"potentialAction\":[{\"@type\":\"SearchAction\",\"target\":{\"@type\":\"EntryPoint\",\"urlTemplate\":\"https:\/\/preprod.henri-vins.ch\/de\/?s={search_term_string}\"},\"query-input\":{\"@type\":\"PropertyValueSpecification\",\"valueRequired\":true,\"valueName\":\"search_term_string\"}}],\"inLanguage\":\"de\"},{\"@type\":\"Organization\",\"@id\":\"https:\/\/preprod.henri-vins.ch\/de\/#organization\",\"name\":\"Henri\",\"url\":\"https:\/\/preprod.henri-vins.ch\/de\/\",\"logo\":{\"@type\":\"ImageObject\",\"inLanguage\":\"de\",\"@id\":\"https:\/\/preprod.henri-vins.ch\/de\/#\/schema\/logo\/image\/\",\"url\":\"https:\/\/preprod.henri-vins.ch\/wp-content\/uploads\/sites\/2\/2023\/09\/logo-henri.svg\",\"contentUrl\":\"https:\/\/preprod.henri-vins.ch\/wp-content\/uploads\/sites\/2\/2023\/09\/logo-henri.svg\",\"width\":89,\"height\":20,\"caption\":\"Henri\"},\"image\":{\"@id\":\"https:\/\/preprod.henri-vins.ch\/de\/#\/schema\/logo\/image\/\"}}]}<\/script>\n<!-- \/ Yoast SEO plugin. -->","yoast_head_json":{"title":"Marjorie Bonvin - \u00d6nologin - Weine Henri Badoux","description":"Lernen Sie Marjorie Bonvin, die junge \u00d6nologin des Hauses Henri Badoux, kennen. Sie ist es, die mit Leidenschaft die Schweizer Weine der Marke Henri kreiert.","robots":{"index":"noindex","follow":"follow","max-snippet":"max-snippet:-1","max-image-preview":"max-image-preview:large","max-video-preview":"max-video-preview:-1"},"og_locale":"de_DE","og_type":"article","og_title":"Marjorie Bonvin - \u00d6nologin - Weine Henri Badoux","og_description":"Lernen Sie Marjorie Bonvin, die junge \u00d6nologin des Hauses Henri Badoux, kennen. Sie ist es, die mit Leidenschaft die Schweizer Weine der Marke Henri kreiert.","og_url":"https:\/\/preprod.henri-vins.ch\/de\/winemaker-marjorie-bonvin\/","og_site_name":"Henri","article_modified_time":"2023-12-05T14:28:24+00:00","og_image":[{"width":610,"height":610,"url":"https:\/\/preprod.henri-vins.ch\/wp-content\/uploads\/sites\/2\/2023\/11\/marjorie-bonvin-oenologue-vin-henri-badoux-aigle.jpg","type":"image\/jpeg"}],"twitter_card":"summary_large_image","schema":{"@context":"https:\/\/schema.org","@graph":[{"@type":"WebPage","@id":"https:\/\/preprod.henri-vins.ch\/de\/winemaker-marjorie-bonvin\/","url":"https:\/\/preprod.henri-vins.ch\/de\/winemaker-marjorie-bonvin\/","name":"Marjorie Bonvin - \u00d6nologin - Weine Henri Badoux","isPartOf":{"@id":"https:\/\/preprod.henri-vins.ch\/de\/#website"},"primaryImageOfPage":{"@id":"https:\/\/preprod.henri-vins.ch\/de\/winemaker-marjorie-bonvin\/#primaryimage"},"image":{"@id":"https:\/\/preprod.henri-vins.ch\/de\/winemaker-marjorie-bonvin\/#primaryimage"},"thumbnailUrl":"https:\/\/preprod.henri-vins.ch\/wp-content\/uploads\/sites\/2\/2023\/11\/marjorie-bonvin-oenologue-vin-henri-badoux-aigle.jpg","datePublished":"2023-11-07T10:30:07+00:00","dateModified":"2023-12-05T14:28:24+00:00","description":"Lernen Sie Marjorie Bonvin, die junge \u00d6nologin des Hauses Henri Badoux, kennen. Sie ist es, die mit Leidenschaft die Schweizer Weine der Marke Henri kreiert.","breadcrumb":{"@id":"https:\/\/preprod.henri-vins.ch\/de\/winemaker-marjorie-bonvin\/#breadcrumb"},"inLanguage":"de","potentialAction":[{"@type":"ReadAction","target":["https:\/\/preprod.henri-vins.ch\/de\/winemaker-marjorie-bonvin\/"]}]},{"@type":"ImageObject","inLanguage":"de","@id":"https:\/\/preprod.henri-vins.ch\/de\/winemaker-marjorie-bonvin\/#primaryimage","url":"https:\/\/preprod.henri-vins.ch\/wp-content\/uploads\/sites\/2\/2023\/11\/marjorie-bonvin-oenologue-vin-henri-badoux-aigle.jpg","contentUrl":"https:\/\/preprod.henri-vins.ch\/wp-content\/uploads\/sites\/2\/2023\/11\/marjorie-bonvin-oenologue-vin-henri-badoux-aigle.jpg","width":610,"height":610,"caption":"Marjorie Bonvin, Oenologue de la Maison Henri Badoux, au coeur des vignes."},{"@type":"BreadcrumbList","@id":"https:\/\/preprod.henri-vins.ch\/de\/winemaker-marjorie-bonvin\/#breadcrumb","itemListElement":[{"@type":"ListItem","position":1,"name":"Accueil","item":"https:\/\/preprod.henri-vins.ch\/de\/"},{"@type":"ListItem","position":2,"name":"Winemaker"}]},{"@type":"WebSite","@id":"https:\/\/preprod.henri-vins.ch\/de\/#website","url":"https:\/\/preprod.henri-vins.ch\/de\/","name":"Henri","description":"","publisher":{"@id":"https:\/\/preprod.henri-vins.ch\/de\/#organization"},"potentialAction":[{"@type":"SearchAction","target":{"@type":"EntryPoint","urlTemplate":"https:\/\/preprod.henri-vins.ch\/de\/?s={search_term_string}"},"query-input":{"@type":"PropertyValueSpecification","valueRequired":true,"valueName":"search_term_string"}}],"inLanguage":"de"},{"@type":"Organization","@id":"https:\/\/preprod.henri-vins.ch\/de\/#organization","name":"Henri","url":"https:\/\/preprod.henri-vins.ch\/de\/","logo":{"@type":"ImageObject","inLanguage":"de","@id":"https:\/\/preprod.henri-vins.ch\/de\/#\/schema\/logo\/image\/","url":"https:\/\/preprod.henri-vins.ch\/wp-content\/uploads\/sites\/2\/2023\/09\/logo-henri.svg","contentUrl":"https:\/\/preprod.henri-vins.ch\/wp-content\/uploads\/sites\/2\/2023\/09\/logo-henri.svg","width":89,"height":20,"caption":"Henri"},"image":{"@id":"https:\/\/preprod.henri-vins.ch\/de\/#\/schema\/logo\/image\/"}}]}},"_links":{"self":[{"href":"https:\/\/preprod.henri-vins.ch\/de\/wp-json\/wp\/v2\/pages\/2366"}],"collection":[{"href":"https:\/\/preprod.henri-vins.ch\/de\/wp-json\/wp\/v2\/pages"}],"about":[{"href":"https:\/\/preprod.henri-vins.ch\/de\/wp-json\/wp\/v2\/types\/page"}],"author":[{"embeddable":true,"href":"https:\/\/preprod.henri-vins.ch\/de\/wp-json\/wp\/v2\/users\/14"}],"replies":[{"embeddable":true,"href":"https:\/\/preprod.henri-vins.ch\/de\/wp-json\/wp\/v2\/comments?post=2366"}],"version-history":[{"count":7,"href":"https:\/\/preprod.henri-vins.ch\/de\/wp-json\/wp\/v2\/pages\/2366\/revisions"}],"predecessor-version":[{"id":3070,"href":"https:\/\/preprod.henri-vins.ch\/de\/wp-json\/wp\/v2\/pages\/2366\/revisions\/3070"}],"wp:featuredmedia":[{"embeddable":true,"href":"https:\/\/preprod.henri-vins.ch\/de\/wp-json\/wp\/v2\/media\/1617"}],"wp:attachment":[{"href":"https:\/\/preprod.henri-vins.ch\/de\/wp-json\/wp\/v2\/media?parent=2366"}],"curies":[{"name":"wp","href":"https:\/\/api.w.org\/{rel}","templated":true}]}}