{"id":2391,"date":"2023-09-18T14:40:08","date_gmt":"2023-09-18T12:40:08","guid":{"rendered":"https:\/\/preprod.henri-vins.ch\/wo-henri-weine-verkosten\/experiences-oenotourisme\/"},"modified":"2023-12-05T15:38:55","modified_gmt":"2023-12-05T14:38:55","slug":"weintouristische-erlebnisse","status":"publish","type":"page","link":"https:\/\/preprod.henri-vins.ch\/de\/wo-henri-weine-verkosten\/weintouristische-erlebnisse\/","title":{"rendered":"Weintouristische Erlebnisse"},"content":{"rendered":"\n\n<section class=\"gut-block gut-hero bg-color-none with-bg-img\" >\n            <div class=\"bg-img\">\n            <img loading=\"lazy\" decoding=\"async\" width=\"1920\" height=\"580\" src=\"https:\/\/preprod.henri-vins.ch\/wp-content\/uploads\/sites\/2\/2023\/11\/oenotourisme-badouxtheque-ebike-vin-henri-badoux-aigle.jpg\" class=\"attachment-banner size-banner\" alt=\"\" srcset=\"https:\/\/preprod.henri-vins.ch\/wp-content\/uploads\/sites\/2\/2023\/11\/oenotourisme-badouxtheque-ebike-vin-henri-badoux-aigle.jpg 1920w, https:\/\/preprod.henri-vins.ch\/wp-content\/uploads\/sites\/2\/2023\/11\/oenotourisme-badouxtheque-ebike-vin-henri-badoux-aigle-300x91.jpg 300w, https:\/\/preprod.henri-vins.ch\/wp-content\/uploads\/sites\/2\/2023\/11\/oenotourisme-badouxtheque-ebike-vin-henri-badoux-aigle-1024x309.jpg 1024w, https:\/\/preprod.henri-vins.ch\/wp-content\/uploads\/sites\/2\/2023\/11\/oenotourisme-badouxtheque-ebike-vin-henri-badoux-aigle-768x232.jpg 768w, https:\/\/preprod.henri-vins.ch\/wp-content\/uploads\/sites\/2\/2023\/11\/oenotourisme-badouxtheque-ebike-vin-henri-badoux-aigle-1536x464.jpg 1536w\" sizes=\"(max-width: 1920px) 100vw, 1920px\" \/>        <\/div>\n        \n    <div class=\"wrap\">\n        <ul class=\"breadcrumb\">\n    <li>\n        <a href=\"https:\/\/preprod.henri-vins.ch\/de\/\">Accueil<\/a>\n    <\/li>\n\n            <li>\n            <a href=\"https:\/\/preprod.henri-vins.ch\/de\/wo-henri-weine-verkosten\/\">Ready to Taste<\/a>\n        <\/li>\n    \n    \n    <li>\n        <span class=\"current\">Weintouristische Erlebnisse<\/span>\n    <\/li>\n<\/ul>        \n        <div class=\"content\">\n            <h1 class=\"block-title title-big\">\n                                    Weintouristische Erlebnisse                            <\/h1>\n\n            \n                    <\/div>\n    <\/div>\n\n    <button type=\"button\" class=\"btn cts\">Scroll<\/button>\n<\/section>\n\n\n\n<section class=\"gut-block gut-texte  bg-color-none\" >\n    <div class=\"wrap\">\n        <div class=\"block-texte wysiwyg-content\">\n            <h2 style=\"text-align: center\">Sie m\u00f6chten die Marke Henri\u00a0kennenlernen?<\/h2>\n<p style=\"text-align: center\">Z\u00f6gern Sie nicht! Durchqueren Sie die Henri-Rebanlagen mit dem E-Bike oder zu Fuss, besuchen Sie die Kellerei in Yvorne oder verkosten Sie die vielf\u00e4ltige Weinauswahl inmitten der Weinberge.<\/p>\n<p style=\"text-align: center\"><strong>Ready to discover&nbsp;!<\/strong><\/p>\n        <\/div>\n    <\/div>\n<\/section>\n\n\n\n<section class=\"gut-block gut-contenu-50-50 disposition-left bg-color-jaune\" >\n    <div class=\"wrap\">\n                    <div class=\"img\">\n                <img loading=\"lazy\" decoding=\"async\" width=\"610\" height=\"610\" src=\"https:\/\/preprod.henri-vins.ch\/wp-content\/uploads\/sites\/2\/2023\/10\/experience-oeno-tourisme-vin-henri-badoux-aigle-visite-cave.jpg\" class=\"attachment-banner size-banner\" alt=\"Visite des caves de la Maison Henri Badoux \u00e0 Aigle.\" srcset=\"https:\/\/preprod.henri-vins.ch\/wp-content\/uploads\/sites\/2\/2023\/10\/experience-oeno-tourisme-vin-henri-badoux-aigle-visite-cave.jpg 610w, https:\/\/preprod.henri-vins.ch\/wp-content\/uploads\/sites\/2\/2023\/10\/experience-oeno-tourisme-vin-henri-badoux-aigle-visite-cave-300x300.jpg 300w, https:\/\/preprod.henri-vins.ch\/wp-content\/uploads\/sites\/2\/2023\/10\/experience-oeno-tourisme-vin-henri-badoux-aigle-visite-cave-150x150.jpg 150w\" sizes=\"(max-width: 610px) 100vw, 610px\" \/>            <\/div>\n        \n        <div class=\"content\">\n                            <h3 class=\"block-title title-h2\">\n                    Kellerbesichtigung und Degustation                <\/h3>\n            \n                            <div class=\"block-texte wysiwyg-content light\">\n                    <p>Beim Besuch unserer\u00a0<strong>Kellerei<\/strong> erleben die Liebhaber der Henri-Weine die Entstehung der Crus und treffen unsere Kellermeister und <strong>Winzer<\/strong>, die sich hinter unseren legend\u00e4ren Flaschen verbergen. Zum Abschluss der Besichtigung k\u00f6nnen Sie in der BadouxTh\u00e8que unsere Crus in Verbindung mit lokalen P\u00f6kelspezialit\u00e4ten verkosten.<\/p>\n                <\/div>\n            \n                            <div class=\"cta-container\">\n                    <a href=\"https:\/\/preprod.henri-vins.ch\/de\/kellerbesichtigung-degustation\/\" target=\"_self\" class=\"btn\">Entdecken<\/a>\n                <\/div>\n                    <\/div>\n    <\/div>\n<\/section>\n\n\n\n<section class=\"gut-block gut-contenu-50-50 disposition-right bg-color-none\" >\n    <div class=\"wrap\">\n                    <div class=\"img\">\n                <img loading=\"lazy\" decoding=\"async\" width=\"610\" height=\"610\" src=\"https:\/\/preprod.henri-vins.ch\/wp-content\/uploads\/sites\/2\/2023\/10\/experience-oeno-tourisme-vins-henri-badoux-balde-ebike-vigne.jpg\" class=\"attachment-banner size-banner\" alt=\"Balade en e-bike \u00e0 travers les vignes, face au Ch\u00e2teau d&#039;Aigle pour une d\u00e9gustation de vin.\" srcset=\"https:\/\/preprod.henri-vins.ch\/wp-content\/uploads\/sites\/2\/2023\/10\/experience-oeno-tourisme-vins-henri-badoux-balde-ebike-vigne.jpg 610w, https:\/\/preprod.henri-vins.ch\/wp-content\/uploads\/sites\/2\/2023\/10\/experience-oeno-tourisme-vins-henri-badoux-balde-ebike-vigne-300x300.jpg 300w, https:\/\/preprod.henri-vins.ch\/wp-content\/uploads\/sites\/2\/2023\/10\/experience-oeno-tourisme-vins-henri-badoux-balde-ebike-vigne-150x150.jpg 150w\" sizes=\"(max-width: 610px) 100vw, 610px\" \/>            <\/div>\n        \n        <div class=\"content\">\n                            <h3 class=\"block-title title-h2\">\n                    Per E-Bike durch den Weinberg                <\/h3>\n            \n                            <div class=\"block-texte wysiwyg-content light\">\n                    <p>Das Maison Henri Badoux f\u00fchrt\u00a0<strong>E-Biker<\/strong> mitten ins Herz des Chablais, wo sie die geballte Sch\u00f6nheit der <strong>Weinberge<\/strong> von Aigle hautnah erleben k\u00f6nnen. Mit Blick auf die Reben geniessen Sie die Henri-Weine zusammen mit regionalen Spezialit\u00e4ten.<\/p>\n                <\/div>\n            \n                            <div class=\"cta-container\">\n                    <a href=\"https:\/\/preprod.henri-vins.ch\/de\/ebike-weinberge\/\" target=\"_self\" class=\"btn\">Entdecken<\/a>\n                <\/div>\n                    <\/div>\n    <\/div>\n<\/section>\n\n\n\n<section class=\"gut-block gut-contenu-50-50 disposition-left bg-color-jaune\" >\n    <div class=\"wrap\">\n                    <div class=\"img\">\n                <img loading=\"lazy\" decoding=\"async\" width=\"610\" height=\"610\" src=\"https:\/\/preprod.henri-vins.ch\/wp-content\/uploads\/sites\/2\/2023\/10\/experience-oeno-tourisme-vin-henri-badoux-aigle-balade-vigne.jpg\" class=\"attachment-banner size-banner\" alt=\"Balade dans les vignes de la Maison Henri Badoux \u00e0 Aigle.\" srcset=\"https:\/\/preprod.henri-vins.ch\/wp-content\/uploads\/sites\/2\/2023\/10\/experience-oeno-tourisme-vin-henri-badoux-aigle-balade-vigne.jpg 610w, https:\/\/preprod.henri-vins.ch\/wp-content\/uploads\/sites\/2\/2023\/10\/experience-oeno-tourisme-vin-henri-badoux-aigle-balade-vigne-300x300.jpg 300w, https:\/\/preprod.henri-vins.ch\/wp-content\/uploads\/sites\/2\/2023\/10\/experience-oeno-tourisme-vin-henri-badoux-aigle-balade-vigne-150x150.jpg 150w\" sizes=\"(max-width: 610px) 100vw, 610px\" \/>            <\/div>\n        \n        <div class=\"content\">\n                            <h3 class=\"block-title title-h2\">\n                    Spaziergang zwischen den Weinreben                <\/h3>\n            \n                            <div class=\"block-texte wysiwyg-content light\">\n                    <p>W\u00e4hrend des\u00a0<strong>Spaziergangs<\/strong>\u00a0erfreuen Sie sich an der pr\u00e4chtigen Landschaft und erhalten Informationen zur Arbeit der Winzer im Jahresverlauf. Je nach Jahreszeit k\u00f6nnen Sie die\u00a0<strong>Traube<\/strong>n auch direkt vom Rebstock pfl\u00fccken und kosten.<\/p>\n                <\/div>\n            \n                            <div class=\"cta-container\">\n                    <a href=\"https:\/\/preprod.henri-vins.ch\/de\/randonnee-vignes\/\" target=\"_self\" class=\"btn\">Entdecken<\/a>\n                <\/div>\n                    <\/div>\n    <\/div>\n<\/section>\n\n\n\n<section class=\"gut-block gut-contenu-50-50 disposition-right bg-color-none\" >\n    <div class=\"wrap\">\n                    <div class=\"img\">\n                <img loading=\"lazy\" decoding=\"async\" width=\"1920\" height=\"980\" src=\"https:\/\/preprod.henri-vins.ch\/wp-content\/uploads\/sites\/2\/2023\/09\/Ambiance_Ready_to_meet_1920x980.webp\" class=\"attachment-banner size-banner\" alt=\"\" srcset=\"https:\/\/preprod.henri-vins.ch\/wp-content\/uploads\/sites\/2\/2023\/09\/Ambiance_Ready_to_meet_1920x980.webp 1920w, https:\/\/preprod.henri-vins.ch\/wp-content\/uploads\/sites\/2\/2023\/09\/Ambiance_Ready_to_meet_1920x980-300x153.webp 300w, https:\/\/preprod.henri-vins.ch\/wp-content\/uploads\/sites\/2\/2023\/09\/Ambiance_Ready_to_meet_1920x980-1024x523.webp 1024w, https:\/\/preprod.henri-vins.ch\/wp-content\/uploads\/sites\/2\/2023\/09\/Ambiance_Ready_to_meet_1920x980-768x392.webp 768w, https:\/\/preprod.henri-vins.ch\/wp-content\/uploads\/sites\/2\/2023\/09\/Ambiance_Ready_to_meet_1920x980-1536x784.webp 1536w\" sizes=\"(max-width: 1920px) 100vw, 1920px\" \/>            <\/div>\n        \n        <div class=\"content\">\n                            <h3 class=\"block-title title-h2\">\n                    Einf\u00fchrung in die Degustation                <\/h3>\n            \n                            <div class=\"block-texte wysiwyg-content light\">\n                    <p>Hier weihen Sie unsere Fachleute in s\u00e4mtliche Rituale der\u00a0<strong>Degustation<\/strong>\u00a0ein. Optik, Bouquet, Geschmack \u2026 Lernen Sie, Ihre Sinne zu sensibilisieren und Ihre Empfindungen in Worte zu fassen.<\/p>\n                <\/div>\n            \n                            <div class=\"cta-container\">\n                    <a href=\"https:\/\/preprod.henri-vins.ch\/de\/einfuhrung-degustation\/\" target=\"_self\" class=\"btn\">Entdecken<\/a>\n                <\/div>\n                    <\/div>\n    <\/div>\n<\/section>","protected":false},"excerpt":{"rendered":"","protected":false},"author":2,"featured_media":1516,"parent":2270,"menu_order":3,"comment_status":"closed","ping_status":"closed","template":"","meta":{"_acf_changed":false,"inline_featured_image":false,"footnotes":""},"acf":[],"yoast_head":"<!-- This site is optimized with the Yoast SEO plugin v24.5 - https:\/\/yoast.com\/wordpress\/plugins\/seo\/ -->\n<title>Weintouristische Erlebnisse - Entdecken Sie die Welt der Henri-Weine<\/title>\n<meta name=\"description\" content=\"Buchen Sie ein Weinerlebnis und entdecken Sie die Henri-Weine des Hauses Badoux in Aigle. Kellerbesichtigung, Weinprobe, Fahrt mit dem E-Bike durch die Weinberge.\" \/>\n<meta name=\"robots\" content=\"noindex, follow, max-snippet:-1, max-image-preview:large, max-video-preview:-1\" \/>\n<meta property=\"og:locale\" content=\"de_DE\" \/>\n<meta property=\"og:type\" content=\"article\" \/>\n<meta property=\"og:title\" content=\"Weintouristische Erlebnisse - Entdecken Sie die Welt der Henri-Weine\" \/>\n<meta property=\"og:description\" content=\"Buchen Sie ein Weinerlebnis und entdecken Sie die Henri-Weine des Hauses Badoux in Aigle. Kellerbesichtigung, Weinprobe, Fahrt mit dem E-Bike durch die Weinberge.\" \/>\n<meta property=\"og:url\" content=\"https:\/\/preprod.henri-vins.ch\/de\/wo-henri-weine-verkosten\/weintouristische-erlebnisse\/\" \/>\n<meta property=\"og:site_name\" content=\"Henri\" \/>\n<meta property=\"article:modified_time\" content=\"2023-12-05T14:38:55+00:00\" \/>\n<meta property=\"og:image\" content=\"https:\/\/preprod.henri-vins.ch\/wp-content\/uploads\/sites\/2\/2023\/11\/vins-suisses-henri-badoux-aigle.jpg\" \/>\n\t<meta property=\"og:image:width\" content=\"420\" \/>\n\t<meta property=\"og:image:height\" content=\"420\" \/>\n\t<meta property=\"og:image:type\" content=\"image\/jpeg\" \/>\n<meta name=\"twitter:card\" content=\"summary_large_image\" \/>\n<script type=\"application\/ld+json\" class=\"yoast-schema-graph\">{\"@context\":\"https:\/\/schema.org\",\"@graph\":[{\"@type\":\"WebPage\",\"@id\":\"https:\/\/preprod.henri-vins.ch\/de\/wo-henri-weine-verkosten\/weintouristische-erlebnisse\/\",\"url\":\"https:\/\/preprod.henri-vins.ch\/de\/wo-henri-weine-verkosten\/weintouristische-erlebnisse\/\",\"name\":\"Weintouristische Erlebnisse - Entdecken Sie die Welt der Henri-Weine\",\"isPartOf\":{\"@id\":\"https:\/\/preprod.henri-vins.ch\/de\/#website\"},\"primaryImageOfPage\":{\"@id\":\"https:\/\/preprod.henri-vins.ch\/de\/wo-henri-weine-verkosten\/weintouristische-erlebnisse\/#primaryimage\"},\"image\":{\"@id\":\"https:\/\/preprod.henri-vins.ch\/de\/wo-henri-weine-verkosten\/weintouristische-erlebnisse\/#primaryimage\"},\"thumbnailUrl\":\"https:\/\/preprod.henri-vins.ch\/wp-content\/uploads\/sites\/2\/2023\/11\/vins-suisses-henri-badoux-aigle.jpg\",\"datePublished\":\"2023-09-18T12:40:08+00:00\",\"dateModified\":\"2023-12-05T14:38:55+00:00\",\"description\":\"Buchen Sie ein Weinerlebnis und entdecken Sie die Henri-Weine des Hauses Badoux in Aigle. Kellerbesichtigung, Weinprobe, Fahrt mit dem E-Bike durch die Weinberge.\",\"breadcrumb\":{\"@id\":\"https:\/\/preprod.henri-vins.ch\/de\/wo-henri-weine-verkosten\/weintouristische-erlebnisse\/#breadcrumb\"},\"inLanguage\":\"de\",\"potentialAction\":[{\"@type\":\"ReadAction\",\"target\":[\"https:\/\/preprod.henri-vins.ch\/de\/wo-henri-weine-verkosten\/weintouristische-erlebnisse\/\"]}]},{\"@type\":\"ImageObject\",\"inLanguage\":\"de\",\"@id\":\"https:\/\/preprod.henri-vins.ch\/de\/wo-henri-weine-verkosten\/weintouristische-erlebnisse\/#primaryimage\",\"url\":\"https:\/\/preprod.henri-vins.ch\/wp-content\/uploads\/sites\/2\/2023\/11\/vins-suisses-henri-badoux-aigle.jpg\",\"contentUrl\":\"https:\/\/preprod.henri-vins.ch\/wp-content\/uploads\/sites\/2\/2023\/11\/vins-suisses-henri-badoux-aigle.jpg\",\"width\":420,\"height\":420,\"caption\":\"Bouteilles de vins suisses de la Maison Henri Badoux \u00e0 Aigle.\"},{\"@type\":\"BreadcrumbList\",\"@id\":\"https:\/\/preprod.henri-vins.ch\/de\/wo-henri-weine-verkosten\/weintouristische-erlebnisse\/#breadcrumb\",\"itemListElement\":[{\"@type\":\"ListItem\",\"position\":1,\"name\":\"Accueil\",\"item\":\"https:\/\/preprod.henri-vins.ch\/de\/\"},{\"@type\":\"ListItem\",\"position\":2,\"name\":\"Ready to Taste\",\"item\":\"https:\/\/preprod.henri-vins.ch\/de\/wo-henri-weine-verkosten\/\"},{\"@type\":\"ListItem\",\"position\":3,\"name\":\"Weintouristische Erlebnisse\"}]},{\"@type\":\"WebSite\",\"@id\":\"https:\/\/preprod.henri-vins.ch\/de\/#website\",\"url\":\"https:\/\/preprod.henri-vins.ch\/de\/\",\"name\":\"Henri\",\"description\":\"\",\"publisher\":{\"@id\":\"https:\/\/preprod.henri-vins.ch\/de\/#organization\"},\"potentialAction\":[{\"@type\":\"SearchAction\",\"target\":{\"@type\":\"EntryPoint\",\"urlTemplate\":\"https:\/\/preprod.henri-vins.ch\/de\/?s={search_term_string}\"},\"query-input\":{\"@type\":\"PropertyValueSpecification\",\"valueRequired\":true,\"valueName\":\"search_term_string\"}}],\"inLanguage\":\"de\"},{\"@type\":\"Organization\",\"@id\":\"https:\/\/preprod.henri-vins.ch\/de\/#organization\",\"name\":\"Henri\",\"url\":\"https:\/\/preprod.henri-vins.ch\/de\/\",\"logo\":{\"@type\":\"ImageObject\",\"inLanguage\":\"de\",\"@id\":\"https:\/\/preprod.henri-vins.ch\/de\/#\/schema\/logo\/image\/\",\"url\":\"https:\/\/preprod.henri-vins.ch\/wp-content\/uploads\/sites\/2\/2023\/09\/logo-henri.svg\",\"contentUrl\":\"https:\/\/preprod.henri-vins.ch\/wp-content\/uploads\/sites\/2\/2023\/09\/logo-henri.svg\",\"width\":89,\"height\":20,\"caption\":\"Henri\"},\"image\":{\"@id\":\"https:\/\/preprod.henri-vins.ch\/de\/#\/schema\/logo\/image\/\"}}]}<\/script>\n<!-- \/ Yoast SEO plugin. -->","yoast_head_json":{"title":"Weintouristische Erlebnisse - Entdecken Sie die Welt der Henri-Weine","description":"Buchen Sie ein Weinerlebnis und entdecken Sie die Henri-Weine des Hauses Badoux in Aigle. Kellerbesichtigung, Weinprobe, Fahrt mit dem E-Bike durch die Weinberge.","robots":{"index":"noindex","follow":"follow","max-snippet":"max-snippet:-1","max-image-preview":"max-image-preview:large","max-video-preview":"max-video-preview:-1"},"og_locale":"de_DE","og_type":"article","og_title":"Weintouristische Erlebnisse - Entdecken Sie die Welt der Henri-Weine","og_description":"Buchen Sie ein Weinerlebnis und entdecken Sie die Henri-Weine des Hauses Badoux in Aigle. Kellerbesichtigung, Weinprobe, Fahrt mit dem E-Bike durch die Weinberge.","og_url":"https:\/\/preprod.henri-vins.ch\/de\/wo-henri-weine-verkosten\/weintouristische-erlebnisse\/","og_site_name":"Henri","article_modified_time":"2023-12-05T14:38:55+00:00","og_image":[{"width":420,"height":420,"url":"https:\/\/preprod.henri-vins.ch\/wp-content\/uploads\/sites\/2\/2023\/11\/vins-suisses-henri-badoux-aigle.jpg","type":"image\/jpeg"}],"twitter_card":"summary_large_image","schema":{"@context":"https:\/\/schema.org","@graph":[{"@type":"WebPage","@id":"https:\/\/preprod.henri-vins.ch\/de\/wo-henri-weine-verkosten\/weintouristische-erlebnisse\/","url":"https:\/\/preprod.henri-vins.ch\/de\/wo-henri-weine-verkosten\/weintouristische-erlebnisse\/","name":"Weintouristische Erlebnisse - Entdecken Sie die Welt der Henri-Weine","isPartOf":{"@id":"https:\/\/preprod.henri-vins.ch\/de\/#website"},"primaryImageOfPage":{"@id":"https:\/\/preprod.henri-vins.ch\/de\/wo-henri-weine-verkosten\/weintouristische-erlebnisse\/#primaryimage"},"image":{"@id":"https:\/\/preprod.henri-vins.ch\/de\/wo-henri-weine-verkosten\/weintouristische-erlebnisse\/#primaryimage"},"thumbnailUrl":"https:\/\/preprod.henri-vins.ch\/wp-content\/uploads\/sites\/2\/2023\/11\/vins-suisses-henri-badoux-aigle.jpg","datePublished":"2023-09-18T12:40:08+00:00","dateModified":"2023-12-05T14:38:55+00:00","description":"Buchen Sie ein Weinerlebnis und entdecken Sie die Henri-Weine des Hauses Badoux in Aigle. Kellerbesichtigung, Weinprobe, Fahrt mit dem E-Bike durch die Weinberge.","breadcrumb":{"@id":"https:\/\/preprod.henri-vins.ch\/de\/wo-henri-weine-verkosten\/weintouristische-erlebnisse\/#breadcrumb"},"inLanguage":"de","potentialAction":[{"@type":"ReadAction","target":["https:\/\/preprod.henri-vins.ch\/de\/wo-henri-weine-verkosten\/weintouristische-erlebnisse\/"]}]},{"@type":"ImageObject","inLanguage":"de","@id":"https:\/\/preprod.henri-vins.ch\/de\/wo-henri-weine-verkosten\/weintouristische-erlebnisse\/#primaryimage","url":"https:\/\/preprod.henri-vins.ch\/wp-content\/uploads\/sites\/2\/2023\/11\/vins-suisses-henri-badoux-aigle.jpg","contentUrl":"https:\/\/preprod.henri-vins.ch\/wp-content\/uploads\/sites\/2\/2023\/11\/vins-suisses-henri-badoux-aigle.jpg","width":420,"height":420,"caption":"Bouteilles de vins suisses de la Maison Henri Badoux \u00e0 Aigle."},{"@type":"BreadcrumbList","@id":"https:\/\/preprod.henri-vins.ch\/de\/wo-henri-weine-verkosten\/weintouristische-erlebnisse\/#breadcrumb","itemListElement":[{"@type":"ListItem","position":1,"name":"Accueil","item":"https:\/\/preprod.henri-vins.ch\/de\/"},{"@type":"ListItem","position":2,"name":"Ready to Taste","item":"https:\/\/preprod.henri-vins.ch\/de\/wo-henri-weine-verkosten\/"},{"@type":"ListItem","position":3,"name":"Weintouristische Erlebnisse"}]},{"@type":"WebSite","@id":"https:\/\/preprod.henri-vins.ch\/de\/#website","url":"https:\/\/preprod.henri-vins.ch\/de\/","name":"Henri","description":"","publisher":{"@id":"https:\/\/preprod.henri-vins.ch\/de\/#organization"},"potentialAction":[{"@type":"SearchAction","target":{"@type":"EntryPoint","urlTemplate":"https:\/\/preprod.henri-vins.ch\/de\/?s={search_term_string}"},"query-input":{"@type":"PropertyValueSpecification","valueRequired":true,"valueName":"search_term_string"}}],"inLanguage":"de"},{"@type":"Organization","@id":"https:\/\/preprod.henri-vins.ch\/de\/#organization","name":"Henri","url":"https:\/\/preprod.henri-vins.ch\/de\/","logo":{"@type":"ImageObject","inLanguage":"de","@id":"https:\/\/preprod.henri-vins.ch\/de\/#\/schema\/logo\/image\/","url":"https:\/\/preprod.henri-vins.ch\/wp-content\/uploads\/sites\/2\/2023\/09\/logo-henri.svg","contentUrl":"https:\/\/preprod.henri-vins.ch\/wp-content\/uploads\/sites\/2\/2023\/09\/logo-henri.svg","width":89,"height":20,"caption":"Henri"},"image":{"@id":"https:\/\/preprod.henri-vins.ch\/de\/#\/schema\/logo\/image\/"}}]}},"_links":{"self":[{"href":"https:\/\/preprod.henri-vins.ch\/de\/wp-json\/wp\/v2\/pages\/2391"}],"collection":[{"href":"https:\/\/preprod.henri-vins.ch\/de\/wp-json\/wp\/v2\/pages"}],"about":[{"href":"https:\/\/preprod.henri-vins.ch\/de\/wp-json\/wp\/v2\/types\/page"}],"author":[{"embeddable":true,"href":"https:\/\/preprod.henri-vins.ch\/de\/wp-json\/wp\/v2\/users\/2"}],"replies":[{"embeddable":true,"href":"https:\/\/preprod.henri-vins.ch\/de\/wp-json\/wp\/v2\/comments?post=2391"}],"version-history":[{"count":9,"href":"https:\/\/preprod.henri-vins.ch\/de\/wp-json\/wp\/v2\/pages\/2391\/revisions"}],"predecessor-version":[{"id":3085,"href":"https:\/\/preprod.henri-vins.ch\/de\/wp-json\/wp\/v2\/pages\/2391\/revisions\/3085"}],"up":[{"embeddable":true,"href":"https:\/\/preprod.henri-vins.ch\/de\/wp-json\/wp\/v2\/pages\/2270"}],"wp:featuredmedia":[{"embeddable":true,"href":"https:\/\/preprod.henri-vins.ch\/de\/wp-json\/wp\/v2\/media\/1516"}],"wp:attachment":[{"href":"https:\/\/preprod.henri-vins.ch\/de\/wp-json\/wp\/v2\/media?parent=2391"}],"curies":[{"name":"wp","href":"https:\/\/api.w.org\/{rel}","templated":true}]}}