{"id":2703,"date":"2023-09-06T11:48:16","date_gmt":"2023-09-06T09:48:16","guid":{"rendered":"https:\/\/preprod.henri-vins.ch\/nous-contacter\/"},"modified":"2023-12-05T15:35:08","modified_gmt":"2023-12-05T14:35:08","slug":"kontakt","status":"publish","type":"page","link":"https:\/\/preprod.henri-vins.ch\/de\/kontakt\/","title":{"rendered":"Kontakt"},"content":{"rendered":"\n\n<section class=\"gut-block gut-hero bg-color-none with-bg-img\" >\n            <div class=\"bg-img\">\n            <img loading=\"lazy\" decoding=\"async\" width=\"1920\" height=\"580\" src=\"https:\/\/preprod.henri-vins.ch\/wp-content\/uploads\/sites\/2\/2023\/10\/vin-henri-badoux-aigle-contact-mail.jpg\" class=\"attachment-banner size-banner\" alt=\"Verres de vin, de la Maison Henri Badoux \u00e0 Aigle qui font sant\u00e9\" srcset=\"https:\/\/preprod.henri-vins.ch\/wp-content\/uploads\/sites\/2\/2023\/10\/vin-henri-badoux-aigle-contact-mail.jpg 1920w, https:\/\/preprod.henri-vins.ch\/wp-content\/uploads\/sites\/2\/2023\/10\/vin-henri-badoux-aigle-contact-mail-300x91.jpg 300w, https:\/\/preprod.henri-vins.ch\/wp-content\/uploads\/sites\/2\/2023\/10\/vin-henri-badoux-aigle-contact-mail-1024x309.jpg 1024w, https:\/\/preprod.henri-vins.ch\/wp-content\/uploads\/sites\/2\/2023\/10\/vin-henri-badoux-aigle-contact-mail-768x232.jpg 768w, https:\/\/preprod.henri-vins.ch\/wp-content\/uploads\/sites\/2\/2023\/10\/vin-henri-badoux-aigle-contact-mail-1536x464.jpg 1536w\" sizes=\"(max-width: 1920px) 100vw, 1920px\" \/>        <\/div>\n        \n    <div class=\"wrap\">\n        <ul class=\"breadcrumb\">\n    <li>\n        <a href=\"https:\/\/preprod.henri-vins.ch\/de\/\">Accueil<\/a>\n    <\/li>\n\n    \n    \n    <li>\n        <span class=\"current\">Kontakt<\/span>\n    <\/li>\n<\/ul>        \n        <div class=\"content\">\n            <h1 class=\"block-title title-big\">\n                                    Keep in touch                            <\/h1>\n\n            \n                            <div class=\"cta-container\">\n                    <a href=\"mailto:info@henri-badoux.ch\" target=\"_blank\" class=\"btn\">Kontaktieren Sie uns<\/a>\n                <\/div>\n                    <\/div>\n    <\/div>\n\n    <button type=\"button\" class=\"btn cts\">Scroll<\/button>\n<\/section>\n\n\n\n<section class=\"gut-block gut-texte  bg-color-none\" >\n    <div class=\"wrap\">\n        <div class=\"block-texte wysiwyg-content\">\n            <h2 style=\"text-align: center\">Wir h\u00f6ren Ihnen zu<\/h2>\n<p style=\"text-align: center\">Wenn Sie kompetente Ratschl\u00e4ge zu unseren Weinen, originelle Ideen f\u00fcr Food Pairing oder Angebote f\u00fcr Weintourismuserlebnisse w\u00fcnschen, z\u00f6gern Sie nicht, uns zu kontaktieren.<\/p>\n<p style=\"text-align: center\">Unser gesamtes Team steht zu Ihren Diensten, damit Ihre Erfahrung mit <a href=\"https:\/\/preprod.henri-vins.ch\/de\/weine\/\">Henri-Weinen<\/a> zu einem Erlebnis wird.<\/p>\n        <\/div>\n    <\/div>\n<\/section>\n\n\n\n<section class=\"gut-block gut-informations-cles bg-color-jaune\" >\n    <div class=\"wrap\">\n                \n        <div class=\"container\">\n            \n                <div class=\"item \">\n                    <h3 class=\"item-title\">\n                        Verkaufsb\u00fcro                    <\/h3>\n                    \n                    <div class=\"item-content\">\n                                                    <div class=\"inner\">\n                                                                \n                                                                    <div class=\"item-description wysiwyg-content\">\n                                        <p class=\"p1\"><span class=\"s1\"><strong>Maison Henri Badoux<\/strong><br \/>\nRte d&#8217;Ollon 8<br \/>\n1860 Aigle<\/span><\/p>\n<p class=\"p2\"><span class=\"s2\">+41 (0)24 468 68 88<br \/>\n<a href=\"mailto:info@henri-badoux.ch\"><span class=\"s3\">info@henri-badoux.ch<\/span><\/a><br \/>\n<a href=\"https:\/\/www.henri-badoux.ch\/fr\/\" target=\"_blank\" rel=\"noopener\"><span class=\"s3\">www.henri-badoux.ch\u00a0<\/span><\/a><\/span><\/p>\n<p class=\"p1\"><span class=\"s1\">Montag-Freitag<br \/>\n07.30-12.00 und 13.30-17.00<\/span><\/p>\n                                    <\/div>\n                                                            <\/div>\n                                    \n                                            <\/div>\n                <\/div>\n\n            \n                <div class=\"item \">\n                    <h3 class=\"item-title\">\n                        BadouxTh\u00e8que (Vinothek)                    <\/h3>\n                    \n                    <div class=\"item-content\">\n                                                    <div class=\"inner\">\n                                                                \n                                                                    <div class=\"item-description wysiwyg-content\">\n                                        <p><strong>La BadouxTh\u00e8que<\/strong><br \/>\nRte de Lausanne 28<br \/>\n1853 Yvorne<\/p>\n<p>+41 (0)24 468 00 40<br \/>\n<a href=\"mailto:info@badouxtheque.ch\" target=\"_blank\" rel=\"noopener\">info@badouxtheque.ch<\/a><br \/>\n<a href=\"https:\/\/www.group-events.ch\/la-badouxtheque\/\" target=\"_blank\" rel=\"noopener\">www.badouxtheque.ch<\/a><\/p>\n<p>Montag &#8211; Samstag<br \/>\n08.30 &#8211; 22.00<\/p>\n                                    <\/div>\n                                                            <\/div>\n                                    \n                                            <\/div>\n                <\/div>\n\n                    <\/div>\n    <\/div>\n<\/section>","protected":false},"excerpt":{"rendered":"","protected":false},"author":1,"featured_media":531,"parent":0,"menu_order":0,"comment_status":"closed","ping_status":"closed","template":"","meta":{"_acf_changed":false,"inline_featured_image":false,"footnotes":""},"acf":[],"yoast_head":"<!-- This site is optimized with the Yoast SEO plugin v24.5 - https:\/\/yoast.com\/wordpress\/plugins\/seo\/ -->\n<title>Kontakt - Henri<\/title>\n<meta name=\"description\" content=\"Tipps zur Weinverkostung, Abstimmung von Speisen und Weinen, Weinkauf, Das gesamte Team des Maison Henri Badoux steht Ihnen telefonisch und per E-Mail zur Verf\u00fcgung.\" \/>\n<meta name=\"robots\" content=\"noindex, follow, max-snippet:-1, max-image-preview:large, max-video-preview:-1\" \/>\n<meta property=\"og:locale\" content=\"de_DE\" \/>\n<meta property=\"og:type\" content=\"article\" \/>\n<meta property=\"og:title\" content=\"Kontakt - Henri\" \/>\n<meta property=\"og:description\" content=\"Tipps zur Weinverkostung, Abstimmung von Speisen und Weinen, Weinkauf, Das gesamte Team des Maison Henri Badoux steht Ihnen telefonisch und per E-Mail zur Verf\u00fcgung.\" \/>\n<meta property=\"og:url\" content=\"https:\/\/preprod.henri-vins.ch\/de\/kontakt\/\" \/>\n<meta property=\"og:site_name\" content=\"Henri\" \/>\n<meta property=\"article:modified_time\" content=\"2023-12-05T14:35:08+00:00\" \/>\n<meta property=\"og:image\" content=\"https:\/\/preprod.henri-vins.ch\/wp-content\/uploads\/sites\/2\/2023\/09\/Ambiance_Ready_to_innovate1_945x980.webp\" \/>\n\t<meta property=\"og:image:width\" content=\"945\" \/>\n\t<meta property=\"og:image:height\" content=\"980\" \/>\n\t<meta property=\"og:image:type\" content=\"image\/webp\" \/>\n<meta name=\"twitter:card\" content=\"summary_large_image\" \/>\n<script type=\"application\/ld+json\" class=\"yoast-schema-graph\">{\"@context\":\"https:\/\/schema.org\",\"@graph\":[{\"@type\":\"WebPage\",\"@id\":\"https:\/\/preprod.henri-vins.ch\/de\/kontakt\/\",\"url\":\"https:\/\/preprod.henri-vins.ch\/de\/kontakt\/\",\"name\":\"Kontakt - Henri\",\"isPartOf\":{\"@id\":\"https:\/\/preprod.henri-vins.ch\/de\/#website\"},\"primaryImageOfPage\":{\"@id\":\"https:\/\/preprod.henri-vins.ch\/de\/kontakt\/#primaryimage\"},\"image\":{\"@id\":\"https:\/\/preprod.henri-vins.ch\/de\/kontakt\/#primaryimage\"},\"thumbnailUrl\":\"https:\/\/preprod.henri-vins.ch\/wp-content\/uploads\/sites\/2\/2023\/09\/Ambiance_Ready_to_innovate1_945x980.webp\",\"datePublished\":\"2023-09-06T09:48:16+00:00\",\"dateModified\":\"2023-12-05T14:35:08+00:00\",\"description\":\"Tipps zur Weinverkostung, Abstimmung von Speisen und Weinen, Weinkauf, Das gesamte Team des Maison Henri Badoux steht Ihnen telefonisch und per E-Mail zur Verf\u00fcgung.\",\"breadcrumb\":{\"@id\":\"https:\/\/preprod.henri-vins.ch\/de\/kontakt\/#breadcrumb\"},\"inLanguage\":\"de\",\"potentialAction\":[{\"@type\":\"ReadAction\",\"target\":[\"https:\/\/preprod.henri-vins.ch\/de\/kontakt\/\"]}]},{\"@type\":\"ImageObject\",\"inLanguage\":\"de\",\"@id\":\"https:\/\/preprod.henri-vins.ch\/de\/kontakt\/#primaryimage\",\"url\":\"https:\/\/preprod.henri-vins.ch\/wp-content\/uploads\/sites\/2\/2023\/09\/Ambiance_Ready_to_innovate1_945x980.webp\",\"contentUrl\":\"https:\/\/preprod.henri-vins.ch\/wp-content\/uploads\/sites\/2\/2023\/09\/Ambiance_Ready_to_innovate1_945x980.webp\",\"width\":945,\"height\":980,\"caption\":\"Bouteilles de vins Henri Badoux, Aigle.\"},{\"@type\":\"BreadcrumbList\",\"@id\":\"https:\/\/preprod.henri-vins.ch\/de\/kontakt\/#breadcrumb\",\"itemListElement\":[{\"@type\":\"ListItem\",\"position\":1,\"name\":\"Accueil\",\"item\":\"https:\/\/preprod.henri-vins.ch\/de\/\"},{\"@type\":\"ListItem\",\"position\":2,\"name\":\"Kontakt\"}]},{\"@type\":\"WebSite\",\"@id\":\"https:\/\/preprod.henri-vins.ch\/de\/#website\",\"url\":\"https:\/\/preprod.henri-vins.ch\/de\/\",\"name\":\"Henri\",\"description\":\"\",\"publisher\":{\"@id\":\"https:\/\/preprod.henri-vins.ch\/de\/#organization\"},\"potentialAction\":[{\"@type\":\"SearchAction\",\"target\":{\"@type\":\"EntryPoint\",\"urlTemplate\":\"https:\/\/preprod.henri-vins.ch\/de\/?s={search_term_string}\"},\"query-input\":{\"@type\":\"PropertyValueSpecification\",\"valueRequired\":true,\"valueName\":\"search_term_string\"}}],\"inLanguage\":\"de\"},{\"@type\":\"Organization\",\"@id\":\"https:\/\/preprod.henri-vins.ch\/de\/#organization\",\"name\":\"Henri\",\"url\":\"https:\/\/preprod.henri-vins.ch\/de\/\",\"logo\":{\"@type\":\"ImageObject\",\"inLanguage\":\"de\",\"@id\":\"https:\/\/preprod.henri-vins.ch\/de\/#\/schema\/logo\/image\/\",\"url\":\"https:\/\/preprod.henri-vins.ch\/wp-content\/uploads\/sites\/2\/2023\/09\/logo-henri.svg\",\"contentUrl\":\"https:\/\/preprod.henri-vins.ch\/wp-content\/uploads\/sites\/2\/2023\/09\/logo-henri.svg\",\"width\":89,\"height\":20,\"caption\":\"Henri\"},\"image\":{\"@id\":\"https:\/\/preprod.henri-vins.ch\/de\/#\/schema\/logo\/image\/\"}}]}<\/script>\n<!-- \/ Yoast SEO plugin. -->","yoast_head_json":{"title":"Kontakt - Henri","description":"Tipps zur Weinverkostung, Abstimmung von Speisen und Weinen, Weinkauf, Das gesamte Team des Maison Henri Badoux steht Ihnen telefonisch und per E-Mail zur Verf\u00fcgung.","robots":{"index":"noindex","follow":"follow","max-snippet":"max-snippet:-1","max-image-preview":"max-image-preview:large","max-video-preview":"max-video-preview:-1"},"og_locale":"de_DE","og_type":"article","og_title":"Kontakt - Henri","og_description":"Tipps zur Weinverkostung, Abstimmung von Speisen und Weinen, Weinkauf, Das gesamte Team des Maison Henri Badoux steht Ihnen telefonisch und per E-Mail zur Verf\u00fcgung.","og_url":"https:\/\/preprod.henri-vins.ch\/de\/kontakt\/","og_site_name":"Henri","article_modified_time":"2023-12-05T14:35:08+00:00","og_image":[{"width":945,"height":980,"url":"https:\/\/preprod.henri-vins.ch\/wp-content\/uploads\/sites\/2\/2023\/09\/Ambiance_Ready_to_innovate1_945x980.webp","type":"image\/webp"}],"twitter_card":"summary_large_image","schema":{"@context":"https:\/\/schema.org","@graph":[{"@type":"WebPage","@id":"https:\/\/preprod.henri-vins.ch\/de\/kontakt\/","url":"https:\/\/preprod.henri-vins.ch\/de\/kontakt\/","name":"Kontakt - Henri","isPartOf":{"@id":"https:\/\/preprod.henri-vins.ch\/de\/#website"},"primaryImageOfPage":{"@id":"https:\/\/preprod.henri-vins.ch\/de\/kontakt\/#primaryimage"},"image":{"@id":"https:\/\/preprod.henri-vins.ch\/de\/kontakt\/#primaryimage"},"thumbnailUrl":"https:\/\/preprod.henri-vins.ch\/wp-content\/uploads\/sites\/2\/2023\/09\/Ambiance_Ready_to_innovate1_945x980.webp","datePublished":"2023-09-06T09:48:16+00:00","dateModified":"2023-12-05T14:35:08+00:00","description":"Tipps zur Weinverkostung, Abstimmung von Speisen und Weinen, Weinkauf, Das gesamte Team des Maison Henri Badoux steht Ihnen telefonisch und per E-Mail zur Verf\u00fcgung.","breadcrumb":{"@id":"https:\/\/preprod.henri-vins.ch\/de\/kontakt\/#breadcrumb"},"inLanguage":"de","potentialAction":[{"@type":"ReadAction","target":["https:\/\/preprod.henri-vins.ch\/de\/kontakt\/"]}]},{"@type":"ImageObject","inLanguage":"de","@id":"https:\/\/preprod.henri-vins.ch\/de\/kontakt\/#primaryimage","url":"https:\/\/preprod.henri-vins.ch\/wp-content\/uploads\/sites\/2\/2023\/09\/Ambiance_Ready_to_innovate1_945x980.webp","contentUrl":"https:\/\/preprod.henri-vins.ch\/wp-content\/uploads\/sites\/2\/2023\/09\/Ambiance_Ready_to_innovate1_945x980.webp","width":945,"height":980,"caption":"Bouteilles de vins Henri Badoux, Aigle."},{"@type":"BreadcrumbList","@id":"https:\/\/preprod.henri-vins.ch\/de\/kontakt\/#breadcrumb","itemListElement":[{"@type":"ListItem","position":1,"name":"Accueil","item":"https:\/\/preprod.henri-vins.ch\/de\/"},{"@type":"ListItem","position":2,"name":"Kontakt"}]},{"@type":"WebSite","@id":"https:\/\/preprod.henri-vins.ch\/de\/#website","url":"https:\/\/preprod.henri-vins.ch\/de\/","name":"Henri","description":"","publisher":{"@id":"https:\/\/preprod.henri-vins.ch\/de\/#organization"},"potentialAction":[{"@type":"SearchAction","target":{"@type":"EntryPoint","urlTemplate":"https:\/\/preprod.henri-vins.ch\/de\/?s={search_term_string}"},"query-input":{"@type":"PropertyValueSpecification","valueRequired":true,"valueName":"search_term_string"}}],"inLanguage":"de"},{"@type":"Organization","@id":"https:\/\/preprod.henri-vins.ch\/de\/#organization","name":"Henri","url":"https:\/\/preprod.henri-vins.ch\/de\/","logo":{"@type":"ImageObject","inLanguage":"de","@id":"https:\/\/preprod.henri-vins.ch\/de\/#\/schema\/logo\/image\/","url":"https:\/\/preprod.henri-vins.ch\/wp-content\/uploads\/sites\/2\/2023\/09\/logo-henri.svg","contentUrl":"https:\/\/preprod.henri-vins.ch\/wp-content\/uploads\/sites\/2\/2023\/09\/logo-henri.svg","width":89,"height":20,"caption":"Henri"},"image":{"@id":"https:\/\/preprod.henri-vins.ch\/de\/#\/schema\/logo\/image\/"}}]}},"_links":{"self":[{"href":"https:\/\/preprod.henri-vins.ch\/de\/wp-json\/wp\/v2\/pages\/2703"}],"collection":[{"href":"https:\/\/preprod.henri-vins.ch\/de\/wp-json\/wp\/v2\/pages"}],"about":[{"href":"https:\/\/preprod.henri-vins.ch\/de\/wp-json\/wp\/v2\/types\/page"}],"author":[{"embeddable":true,"href":"https:\/\/preprod.henri-vins.ch\/de\/wp-json\/wp\/v2\/users\/1"}],"replies":[{"embeddable":true,"href":"https:\/\/preprod.henri-vins.ch\/de\/wp-json\/wp\/v2\/comments?post=2703"}],"version-history":[{"count":7,"href":"https:\/\/preprod.henri-vins.ch\/de\/wp-json\/wp\/v2\/pages\/2703\/revisions"}],"predecessor-version":[{"id":3080,"href":"https:\/\/preprod.henri-vins.ch\/de\/wp-json\/wp\/v2\/pages\/2703\/revisions\/3080"}],"wp:featuredmedia":[{"embeddable":true,"href":"https:\/\/preprod.henri-vins.ch\/de\/wp-json\/wp\/v2\/media\/531"}],"wp:attachment":[{"href":"https:\/\/preprod.henri-vins.ch\/de\/wp-json\/wp\/v2\/media?parent=2703"}],"curies":[{"name":"wp","href":"https:\/\/api.w.org\/{rel}","templated":true}]}}