{"id":2705,"date":"2023-09-06T11:48:40","date_gmt":"2023-09-06T09:48:40","guid":{"rendered":"https:\/\/preprod.henri-vins.ch\/politique-de-confidentialite\/"},"modified":"2023-12-05T15:34:28","modified_gmt":"2023-12-05T14:34:28","slug":"richtline-zum-schutzpersoenlicher-daten","status":"publish","type":"page","link":"https:\/\/preprod.henri-vins.ch\/de\/richtline-zum-schutzpersonlicher-daten\/","title":{"rendered":"Richtlinien zum Schutz pers\u00f6nlicher Daten"},"content":{"rendered":"\n\n<section class=\"gut-block gut-hero bg-color-none \" >\n        \n    <div class=\"wrap\">\n        <ul class=\"breadcrumb\">\n    <li>\n        <a href=\"https:\/\/preprod.henri-vins.ch\/de\/\">Accueil<\/a>\n    <\/li>\n\n    \n    \n    <li>\n        <span class=\"current\">Richtlinien zum Schutz pers\u00f6nlicher Daten<\/span>\n    <\/li>\n<\/ul>        \n        <div class=\"content\">\n            <h1 class=\"block-title title-big\">\n                                    Riichtlinien zum Schutz pers\u00f6nlicher Daten                            <\/h1>\n\n            \n                    <\/div>\n    <\/div>\n\n    <button type=\"button\" class=\"btn cts\">Scroll<\/button>\n<\/section>\n\n\n\n<section class=\"gut-block gut-texte  bg-color-none\" >\n    <div class=\"wrap\">\n        <div class=\"block-texte wysiwyg-content\">\n            <p><strong>Henri Badoux SA (Eigent\u00fcmerin der Marke Henri) misst dem Schutz der Privatsph\u00e4re eine grosse Bedeutung bei, insbesondere in Bezug auf den Datenschutz. Folglich bem\u00fcht sich Henri Badoux SA, alle erfassten Daten mit der gr\u00f6ssten Sorgfalt zu behandeln, und h\u00e4lt die Schweizer Rechtsvorschriften in Sachen des Schutzes von pers\u00f6nlichen Daten ein.<\/strong><\/p>\n<p>Diese Angaben informieren Sie auch \u00fcber Ihre Rechte in Bezug auf den Schutz personenbezogener Daten, die Sie in Bezug auf die von Henri Badoux SA durchgef\u00fchrten Verarbeitungen haben.<\/p>\n<p>Die Benutzerdaten werden anl\u00e4sslich von Besuchen der Nutzer auf unserer Website und ihrer m\u00f6glichen Interaktionen mit den Diensten und Funktionalit\u00e4ten, die wir anbieten, gesammelt.<\/p>\n<p>Diese Erkl\u00e4rung wurde gem\u00e4ss den Bestimmungen des Bundesgesetzes \u00fcber den Schutz personenbezogener Daten (\u00abLPD\u00bb) verfasst und orientiert sich als gute Praxis an den Grunds\u00e4tzen, die in der Allgemeinen Datenschutz-Grundverordnung (UE) 2016\/679 (\u00abRGPD\u00bb) verankert sind.<\/p>\n<p style=\"text-align: center\"><strong>Verantwortlicher f\u00fcr Datenverarbeitung<br \/>\n<\/strong>Die Verantwortung f\u00fcr die Datenverarbeitung liegt bei Henri Badoux SA, Rte d\u2019Ollon 8, 1860 Aigle.<br \/>\n<strong>Host<br \/>\n<\/strong>Der Host dieser Webseite ist Infomaniak Network SA, Rue Eug\u00e8ne Marziano 25, 1227 Les Acacias, Suisse.<\/p>\n<h2><strong>1. Erfassung Ihrer pers\u00f6nlichen Daten<\/strong><\/h2>\n<p>Wir erfassen Ihre pers\u00f6nlichen Daten, welche Sie uns liefern, indem Sie auf der Webseite www.henri-vins.ch surfen und Produkte nachschlagen.<\/p>\n<p><u>Die Daten, die Sie uns liefern\u00a0:<\/u><\/p>\n<ul>\n<li>Erstellung eines Kundenkontos: Vorname, Nachname, E-Mail, Telefon, Adresse. Ein Asterisk (Sternchen) zeigt Ihnen bei der Dateneingabe an, dass diese Information zwingend einzugeben ist.<\/li>\n<\/ul>\n<p><u>Die von Dritten stammende Informationen, insbesondere Informationen bez\u00fcglich Ihrer Nutzung von www.henri-vins.ch:<\/u><\/p>\n<ul>\n<li>Wir erheben die pers\u00f6nlichen Basisinformationen hinsichtlich Ihrer Verbindung auf unsere Webseite, die Sie uns liefern, indem Sie insbesondere: ein Benutzerkonto einrichten, ein Produkt auf der Webseite kaufen, auf der Webseite surfen, Produkte nachschlagen.<\/li>\n<li>Es handelt sich dabei um die IP-Adresse, die Art und den Typ des Ger\u00e4ts, den Typ des Browsers, das Datum und die Uhrzeit der Verbindung, aber auch um Informationen bez\u00fcglich des Verhaltens des Besuchers (besuchte Seiten, Dauer).<\/li>\n<li>Wir nutzen Google Analytics, um diese Informationen zu erfassen, diese Angaben werden aber nur in einer Weise verarbeitet, die keine pers\u00f6nliche Identifizierung von Einzelpersonen zul\u00e4sss<\/li>\n<\/ul>\n<h2><strong>2.Verwendung Ihrer pers\u00f6nlichen Daten<\/strong><\/h2>\n<p>Die von Henri Badoux SA erfassten pers\u00f6nlichen Daten werden f\u00fcr die ordnungsgem\u00e4sse Abwicklung der gesch\u00e4ftlichen Vorg\u00e4nge sowie zu Marketingzwecken erfasst und werden streng vertraulich behandelt. Wir verarbeiten Ihre personenbezogenen Daten zu folgenden Zwecken:<\/p>\n<p><u>Wenn wir Ihre Zustimmung haben:<\/u><\/p>\n<ul>\n<li>Henri Badoux SA kann Ihre pers\u00f6nlichen Daten zu Marketingzwecken verwenden, um Ihnen ein E-Mail, eine SMS oder MMS zu senden, Werbeinformationen zukommen zu lassen, Informationen betreffend unserer Produkte sowie Informationen \u00fcber das Leben des Unternehmens Henri Badoux SA.<\/li>\n<li>Wir verwenden Cookies oder andere Tracker gem\u00e4ss unserer Politik zur Benutzung von Cookies.<\/li>\n<li>Manchmal und mit Ihrer Zustimmung verwenden wir Ihre pers\u00f6nlichen Informationen f\u00fcr die zum Zeitpunkt der Erhebung beschriebenen Zwecke.<\/li>\n<\/ul>\n<p><u>Wenn die Verarbeitung der Daten f\u00fcr die Erf\u00fcllung einer rechtlichen Verpflichtung erforderlich ist\u00a0:<\/u><\/p>\n<ul>\n<li>Dazu geh\u00f6rt die Offenlegung von Informationen gegen\u00fcber Vollzugsbeh\u00f6rden, im Rahmen der Aus\u00fcbung von Rechten vor Gericht oder zu regulatorischen Zwecken.<\/li>\n<\/ul>\n<p><u>Wenn dies f\u00fcr die legitimen Interessen von Henri Badoux SA erforderlich ist und wenn seine Interessen Ihre Datenschutzrechte \u00fcberwiegen\u00a0:<\/u><\/p>\n<ul>\n<li>Wir \u00fcberwachen Benutzerkonten, um Betrug, Sicherheitsvorf\u00e4lle oder jegliche kriminelle Handlungen gem\u00e4ss geltendem Recht zu verhindern, zu untersuchen und\/oder zu melden.<\/li>\n<li>Wir benutzen Informationen, die Sie liefern, um Beschwerden oder Reklamationen zu untersuchen, die Sie in Bezug auf www.henri-vins.ch oder bez\u00fcglich unserer Produkte \/ Dienstleistungen an uns richten.<\/li>\n<li>Wir analysieren die Nutzung von www.henri-vins.ch und verwenden Ihre Informationen, die uns dabei helfen k\u00f6nnen, unsere Inhalte, Produkte und Dienstleistungen zu verbessern, zu analysieren und zu sch\u00fctzen.<\/li>\n<li>Wir benutzen die von Ihnen gelieferte Informationen um die Produkte \/ die Dienstleistungen, die wir auf der Plattform anbieten, zu personalisieren.<\/li>\n<li>Wir sch\u00fctzen die Rechte von Henri Badoux SA. Dies umfasst insbesondere die Nutzung zur Durchsetzung von Rechtsanspr\u00fcchen, zur Einhaltung von Vorschriften, zu Pr\u00fcfungszwecken, f\u00fcr Untersuchungen und regulatorische Zwecke (einschliesslich der Offenlegung der genannten Daten im Rahmen von Gerichts- oder Streitverfahren).<\/li>\n<\/ul>\n<h2><strong>\u00a03. <\/strong><strong>Weitergabe Ihrer Daten \/ Aufbewahrungsdauer<\/strong><\/h2>\n<p>Im Prinzip werden Ihre pers\u00f6nlichen Daten nicht an Dritte weitergegeben, ausser wenn eine gesetzliche Verpflichtung dies auferlegt.<\/p>\n<p>Henri Badoux SA und die m\u00f6glichen\u00a0<a href=\"https:\/\/murailles.ch\/de\/liste-sous-traitant\/\">Subunternehmer<\/a>, die Ihre personenbezogenen Daten verarbeiten oder auf sie zugreifen, tun dies haupts\u00e4chlich aus der Schweiz oder den EWR-Mitgliedstaaten. F\u00fcr den Fall, dass Daten au\u00dferhalb der Schweiz oder des EWR verarbeitet werden, wird die Obrist AG in \u00dcbereinstimmung mit dem DSG, der DSGVO sowie der EU-Verordnung 2018\/1725 zuvor sicherstellen, dass ein angemessenes Schutzniveau f\u00fcr das Grundrecht des Einzelnen auf Datenschutz gew\u00e4hrleistet ist, insbesondere durch die \u00dcbernahme der Standardvertragsklauseln der Europ\u00e4ischen Kommission.<\/p>\n<p>Wir k\u00f6nnen Ihre personenbezogenen Informationen mit anderen Mitgliedern der in der Schweiz ans\u00e4ssigen SCHENK Gruppe zu Zwecken der Auftrags- und Kundenverwaltung teilen.<\/p>\n<p>Die Daten werden so lange aufbewahrt, wie es f\u00fcr die Erf\u00fcllung der Zwecke, f\u00fcr die sie erhoben wurden, erforderlich ist und h\u00f6chstens drei Jahre nach der letzten Bestellung, sofern wir nicht gesetzlich zu einer l\u00e4ngeren Aufbewahrungsfrist verpflichtet sind. Anschliessend werden die Daten vernichtet oder anonymisiert.<\/p>\n<h2><strong>4. Sicherheit der Daten<\/strong><\/h2>\n<p>Wir ergreifen angemessene Sicherheitsma\u00dfnahmen (sowohl organisatorischer als auch technologischer Art), um Ihre Daten vor unbefugtem Zugriff, \u00c4nderung, Offenlegung oder Zerst\u00f6rung zu sch\u00fctzen.<\/p>\n<h2><strong>5. Berichtigung Ihrer pers\u00f6nlichen Daten<\/strong><\/h2>\n<p>Wir legen einen grossen Wert auf die Genauigkeit der Sie betreffenden Daten, \u00fcber die wir verf\u00fcgen.<\/p>\n<ul>\n<li>Sie k\u00f6nnen die Verarbeitung Ihrer personenbezogenen Daten auch begrenzen<\/li>\n<li>Wenn wir Sie zu einem bestimmten Zeitpunkt um Ihre Zustimmung gebeten haben, k\u00f6nnen Sie diese jederzeit widerrufen.<\/li>\n<li>Sie k\u00f6nnen danach verlangen, Ihre personenbezogenen Daten in einem strukturierten, maschinenlesbaren Format zu erhalten (Portabilit\u00e4t).<\/li>\n<li>Sie k\u00f6nnen sich der Verarbeitung von Daten in bestimmten Situationen widersetzen<\/li>\n<\/ul>\n<p>In jedem Fall k\u00f6nnen Sie uns Ihren Antrag auch per E-Mail an die Adresse dpo@schenk-wine.ch oder per Briefpost an die folgende Adresse: Schenk Suisse SA, zu Hd. von Data Protection Officer, Place de la Gare 7, 1180 Rolle, Schweiz, zukommen lassen.<\/p>\n<p>Diese Rechte k\u00f6nnen jedoch in einigen Situationen begrenzt werden. In solch einem Fall wird Ihnen der Grund f\u00fcr die Ausnahme in revDSG, DSV oder DSGVO mitgeteilt. Dies ist insbesondere der Fall, wenn wir nachweisen k\u00f6nnen, dass wir rechtlich verpflichtet sind, Ihre Daten zu verarbeiten, oder wenn diese Daten die Rechte eines Dritten, einschliesslich unserer Rechte verletzen, oder wenn Sie uns auffordern, Daten zu l\u00f6schen, zu deren Aufbewahrung wir rechtlich verpflichtet sind, oder wenn die Aufbewahrung der Daten in unseren berechtigten Interessen liegt.<\/p>\n<h2><strong>6. Verwendung von Cookies <a href=\"https:\/\/murailles.ch\/de\/politique-de-gestion-des-cookies\/\">(cf.siehe Cookie-Richtlinie)<\/a><\/strong><\/h2>\n<p>Um den Zugang zu obrist.ch bequemer zu gestalten und Ihnen die bestm\u00f6gliche Erfahrung zu bieten, verwenden wir Cookies.<\/p>\n<p><strong>Was ist ein Cookie?<\/strong><\/p>\n<p>Ein Cookie ist eine kleine Datei, die von einem Server im Endger\u00e4t (Computer, Telefon usw.) eines Nutzers gespeichert wird und mit einer Webdomain (d. h. in den meisten F\u00e4llen mit allen Seiten einer Website) verkn\u00fcpft ist. Diese Datei wird bei weiteren Kontakten mit derselben Domain automatisch zur\u00fcckgegeben. Diese Dateien haben die Funktion, Sie bei Ihrem n\u00e4chsten Besuch schneller zu identifizieren und bestimmte Aspekte der Website, wie z. B. die Sprache, anzupassen, um Ihre Nutzererfahrung zu verbessern. Auf der Website obrist.ch, verwendet die Obrist AG verschiedene Kategorien von Cookies, um die Interaktivit\u00e4t der Website und ihrer Dienstleistungen zu verbessern. Diese Cookies k\u00f6nnen sowohl von der Obrist AG als auch von technischen Drittanbietern eingesetzt werden, um Ihre Benutzererfahrung zu optimieren und erweiterte Funktionen anzubieten.<\/p>\n<p><strong>Welche Cookies und \u00e4hnliche Technologien setzen wir ein?<\/strong><\/p>\n<ul>\n<li>Unbedingt erforderliche Cookies: Unbedingt erforderliche Cookies sind f\u00fcr die Nutzung der Website und ihrer Funktionen unerl\u00e4sslich. Sie werden daher ohne Ihre Zustimmung abgelegt. Diese Cookies stellen z. B. sicher, dass Sie von Seite zu Seite navigieren k\u00f6nnen, ohne dass die in ein Formular eingegebenen Informationen oder die in einen Warenkorb gelegten Produkte verschwinden.<\/li>\n<li>Pr\u00e4ferenz-Cookies: Mithilfe von Pr\u00e4ferenz-Cookies kann sich eine Website Informationen merken, die die Art und Weise, wie sich die Website verh\u00e4lt oder angezeigt wird, ver\u00e4ndern, z. B. Ihre bevorzugte Sprache oder die Region, in der Sie sich befinden.<\/li>\n<li>Statistische Cookies: Statistische Cookies helfen Website-Besitzern durch das Sammeln und Weitergeben von Informationen in anonymer Form dabei, zu verstehen, wie Besucher mit Websites interagieren.<\/li>\n<li>Marketing-Cookies: Marketing-Cookies werden verwendet, um die Besucher \u00fcber die Websites hinweg zu verfolgen. Ziel ist es, Werbung anzuzeigen, die f\u00fcr den einzelnen Nutzer relevant und interessant ist und somit f\u00fcr Drittverleger und Werbetreibende wertvoller ist.<\/li>\n<\/ul>\n<p>F\u00fcr weitere Einzelheiten empfehlen wir Ihnen, die von uns erstellten Cookie-Richtlinien zu lesen, die ein wesentlicher Bestandteil unserer Datenschutzrichtlinie f\u00fcr die Website sind und unser Engagement f\u00fcr den Schutz Ihrer pers\u00f6nlichen Daten demonstriert.<\/p>\n<h2><strong>7. Data Protection Officer<\/strong><\/h2>\n<p>Die SCHENK Gruppe, zu der Henri Badoux SA geh\u00f6rt, hat einen Data Protection Officer ernannt, und hat dies dem Eidgen\u00f6ssischen Datenschutzbeauftragten gem\u00e4ss Art. 10, al.3,let. d DSG deklariert. Sein E-Mail: dpo@schenk-wine.ch<\/p>\n<h2><strong>8. Recht, eine Beschwerde einzureichen<\/strong><\/h2>\n<p>Sie haben auch das Recht, dem Eidgen\u00f6ssischen Datenschutz- und \u00d6ffentlichkeitsbeauftragten (ED\u00d6B) \u2013 Feldeggweg 1 \u2013 CH-3003 Bern Beschwerden zu melden, die sich auf die Art und Weise beziehen, wie die Henri Badoux SA Ihre Daten sammelt und verarbeitet.<\/p>\n<h2><strong>9. \u00c4nderungen<\/strong><\/h2>\n<p>Die vorliegende Datenschutzerkl\u00e4rung kann jederzeit von Henri Badoux SAge\u00e4ndert werden. Konsultieren Sie sie regelm\u00e4ssig.<\/p>\n<p>Die deutsche Fassung ist eine \u00dcbersetzung. Nur die franz\u00f6sische Originalfassung ist verbindlich.<\/p>\n<p>&nbsp;<\/p>\n        <\/div>\n    <\/div>\n<\/section>","protected":false},"excerpt":{"rendered":"","protected":false},"author":1,"featured_media":0,"parent":0,"menu_order":0,"comment_status":"closed","ping_status":"closed","template":"","meta":{"_acf_changed":false,"inline_featured_image":false,"footnotes":""},"acf":[],"yoast_head":"<!-- This site is optimized with the Yoast SEO plugin v24.5 - https:\/\/yoast.com\/wordpress\/plugins\/seo\/ -->\n<title>Richtlinien zum Schutz pers\u00f6nlicher Daten<\/title>\n<meta name=\"description\" content=\"Das Haus Henri Badoux, Eigent\u00fcmer der Marke Henri, verpflichtet sich zum Schutz personenbezogener Daten.\" \/>\n<meta name=\"robots\" content=\"noindex, follow, max-snippet:-1, max-image-preview:large, max-video-preview:-1\" \/>\n<meta property=\"og:locale\" content=\"de_DE\" \/>\n<meta property=\"og:type\" content=\"article\" \/>\n<meta property=\"og:title\" content=\"Richtlinien zum Schutz pers\u00f6nlicher Daten\" \/>\n<meta property=\"og:description\" content=\"Das Haus Henri Badoux, Eigent\u00fcmer der Marke Henri, verpflichtet sich zum Schutz personenbezogener Daten.\" \/>\n<meta property=\"og:url\" content=\"https:\/\/preprod.henri-vins.ch\/de\/richtline-zum-schutzpersonlicher-daten\/\" \/>\n<meta property=\"og:site_name\" content=\"Henri\" \/>\n<meta property=\"article:modified_time\" content=\"2023-12-05T14:34:28+00:00\" \/>\n<meta name=\"twitter:card\" content=\"summary_large_image\" \/>\n<script type=\"application\/ld+json\" class=\"yoast-schema-graph\">{\"@context\":\"https:\/\/schema.org\",\"@graph\":[{\"@type\":\"WebPage\",\"@id\":\"https:\/\/preprod.henri-vins.ch\/de\/richtline-zum-schutzpersonlicher-daten\/\",\"url\":\"https:\/\/preprod.henri-vins.ch\/de\/richtline-zum-schutzpersonlicher-daten\/\",\"name\":\"Richtlinien zum Schutz pers\u00f6nlicher Daten\",\"isPartOf\":{\"@id\":\"https:\/\/preprod.henri-vins.ch\/de\/#website\"},\"datePublished\":\"2023-09-06T09:48:40+00:00\",\"dateModified\":\"2023-12-05T14:34:28+00:00\",\"description\":\"Das Haus Henri Badoux, Eigent\u00fcmer der Marke Henri, verpflichtet sich zum Schutz personenbezogener Daten.\",\"breadcrumb\":{\"@id\":\"https:\/\/preprod.henri-vins.ch\/de\/richtline-zum-schutzpersonlicher-daten\/#breadcrumb\"},\"inLanguage\":\"de\",\"potentialAction\":[{\"@type\":\"ReadAction\",\"target\":[\"https:\/\/preprod.henri-vins.ch\/de\/richtline-zum-schutzpersonlicher-daten\/\"]}]},{\"@type\":\"BreadcrumbList\",\"@id\":\"https:\/\/preprod.henri-vins.ch\/de\/richtline-zum-schutzpersonlicher-daten\/#breadcrumb\",\"itemListElement\":[{\"@type\":\"ListItem\",\"position\":1,\"name\":\"Accueil\",\"item\":\"https:\/\/preprod.henri-vins.ch\/de\/\"},{\"@type\":\"ListItem\",\"position\":2,\"name\":\"Richtlinien zum Schutz pers\u00f6nlicher Daten\"}]},{\"@type\":\"WebSite\",\"@id\":\"https:\/\/preprod.henri-vins.ch\/de\/#website\",\"url\":\"https:\/\/preprod.henri-vins.ch\/de\/\",\"name\":\"Henri\",\"description\":\"\",\"publisher\":{\"@id\":\"https:\/\/preprod.henri-vins.ch\/de\/#organization\"},\"potentialAction\":[{\"@type\":\"SearchAction\",\"target\":{\"@type\":\"EntryPoint\",\"urlTemplate\":\"https:\/\/preprod.henri-vins.ch\/de\/?s={search_term_string}\"},\"query-input\":{\"@type\":\"PropertyValueSpecification\",\"valueRequired\":true,\"valueName\":\"search_term_string\"}}],\"inLanguage\":\"de\"},{\"@type\":\"Organization\",\"@id\":\"https:\/\/preprod.henri-vins.ch\/de\/#organization\",\"name\":\"Henri\",\"url\":\"https:\/\/preprod.henri-vins.ch\/de\/\",\"logo\":{\"@type\":\"ImageObject\",\"inLanguage\":\"de\",\"@id\":\"https:\/\/preprod.henri-vins.ch\/de\/#\/schema\/logo\/image\/\",\"url\":\"https:\/\/preprod.henri-vins.ch\/wp-content\/uploads\/sites\/2\/2023\/09\/logo-henri.svg\",\"contentUrl\":\"https:\/\/preprod.henri-vins.ch\/wp-content\/uploads\/sites\/2\/2023\/09\/logo-henri.svg\",\"width\":89,\"height\":20,\"caption\":\"Henri\"},\"image\":{\"@id\":\"https:\/\/preprod.henri-vins.ch\/de\/#\/schema\/logo\/image\/\"}}]}<\/script>\n<!-- \/ Yoast SEO plugin. -->","yoast_head_json":{"title":"Richtlinien zum Schutz pers\u00f6nlicher Daten","description":"Das Haus Henri Badoux, Eigent\u00fcmer der Marke Henri, verpflichtet sich zum Schutz personenbezogener Daten.","robots":{"index":"noindex","follow":"follow","max-snippet":"max-snippet:-1","max-image-preview":"max-image-preview:large","max-video-preview":"max-video-preview:-1"},"og_locale":"de_DE","og_type":"article","og_title":"Richtlinien zum Schutz pers\u00f6nlicher Daten","og_description":"Das Haus Henri Badoux, Eigent\u00fcmer der Marke Henri, verpflichtet sich zum Schutz personenbezogener Daten.","og_url":"https:\/\/preprod.henri-vins.ch\/de\/richtline-zum-schutzpersonlicher-daten\/","og_site_name":"Henri","article_modified_time":"2023-12-05T14:34:28+00:00","twitter_card":"summary_large_image","schema":{"@context":"https:\/\/schema.org","@graph":[{"@type":"WebPage","@id":"https:\/\/preprod.henri-vins.ch\/de\/richtline-zum-schutzpersonlicher-daten\/","url":"https:\/\/preprod.henri-vins.ch\/de\/richtline-zum-schutzpersonlicher-daten\/","name":"Richtlinien zum Schutz pers\u00f6nlicher Daten","isPartOf":{"@id":"https:\/\/preprod.henri-vins.ch\/de\/#website"},"datePublished":"2023-09-06T09:48:40+00:00","dateModified":"2023-12-05T14:34:28+00:00","description":"Das Haus Henri Badoux, Eigent\u00fcmer der Marke Henri, verpflichtet sich zum Schutz personenbezogener Daten.","breadcrumb":{"@id":"https:\/\/preprod.henri-vins.ch\/de\/richtline-zum-schutzpersonlicher-daten\/#breadcrumb"},"inLanguage":"de","potentialAction":[{"@type":"ReadAction","target":["https:\/\/preprod.henri-vins.ch\/de\/richtline-zum-schutzpersonlicher-daten\/"]}]},{"@type":"BreadcrumbList","@id":"https:\/\/preprod.henri-vins.ch\/de\/richtline-zum-schutzpersonlicher-daten\/#breadcrumb","itemListElement":[{"@type":"ListItem","position":1,"name":"Accueil","item":"https:\/\/preprod.henri-vins.ch\/de\/"},{"@type":"ListItem","position":2,"name":"Richtlinien zum Schutz pers\u00f6nlicher Daten"}]},{"@type":"WebSite","@id":"https:\/\/preprod.henri-vins.ch\/de\/#website","url":"https:\/\/preprod.henri-vins.ch\/de\/","name":"Henri","description":"","publisher":{"@id":"https:\/\/preprod.henri-vins.ch\/de\/#organization"},"potentialAction":[{"@type":"SearchAction","target":{"@type":"EntryPoint","urlTemplate":"https:\/\/preprod.henri-vins.ch\/de\/?s={search_term_string}"},"query-input":{"@type":"PropertyValueSpecification","valueRequired":true,"valueName":"search_term_string"}}],"inLanguage":"de"},{"@type":"Organization","@id":"https:\/\/preprod.henri-vins.ch\/de\/#organization","name":"Henri","url":"https:\/\/preprod.henri-vins.ch\/de\/","logo":{"@type":"ImageObject","inLanguage":"de","@id":"https:\/\/preprod.henri-vins.ch\/de\/#\/schema\/logo\/image\/","url":"https:\/\/preprod.henri-vins.ch\/wp-content\/uploads\/sites\/2\/2023\/09\/logo-henri.svg","contentUrl":"https:\/\/preprod.henri-vins.ch\/wp-content\/uploads\/sites\/2\/2023\/09\/logo-henri.svg","width":89,"height":20,"caption":"Henri"},"image":{"@id":"https:\/\/preprod.henri-vins.ch\/de\/#\/schema\/logo\/image\/"}}]}},"_links":{"self":[{"href":"https:\/\/preprod.henri-vins.ch\/de\/wp-json\/wp\/v2\/pages\/2705"}],"collection":[{"href":"https:\/\/preprod.henri-vins.ch\/de\/wp-json\/wp\/v2\/pages"}],"about":[{"href":"https:\/\/preprod.henri-vins.ch\/de\/wp-json\/wp\/v2\/types\/page"}],"author":[{"embeddable":true,"href":"https:\/\/preprod.henri-vins.ch\/de\/wp-json\/wp\/v2\/users\/1"}],"replies":[{"embeddable":true,"href":"https:\/\/preprod.henri-vins.ch\/de\/wp-json\/wp\/v2\/comments?post=2705"}],"version-history":[{"count":16,"href":"https:\/\/preprod.henri-vins.ch\/de\/wp-json\/wp\/v2\/pages\/2705\/revisions"}],"predecessor-version":[{"id":3078,"href":"https:\/\/preprod.henri-vins.ch\/de\/wp-json\/wp\/v2\/pages\/2705\/revisions\/3078"}],"wp:attachment":[{"href":"https:\/\/preprod.henri-vins.ch\/de\/wp-json\/wp\/v2\/media?parent=2705"}],"curies":[{"name":"wp","href":"https:\/\/api.w.org\/{rel}","templated":true}]}}