{"id":2728,"date":"2023-11-28T11:14:46","date_gmt":"2023-11-28T10:14:46","guid":{"rendered":"https:\/\/preprod.henri-vins.ch\/?page_id=2728"},"modified":"2023-11-28T11:36:10","modified_gmt":"2023-11-28T10:36:10","slug":"cookie-richlinie","status":"publish","type":"page","link":"https:\/\/preprod.henri-vins.ch\/de\/cookie-richlinie\/","title":{"rendered":"Cookie-Richlinie"},"content":{"rendered":"\n\n<section class=\"gut-block gut-hero bg-color-none \" >\n        \n    <div class=\"wrap\">\n        <ul class=\"breadcrumb\">\n    <li>\n        <a href=\"https:\/\/preprod.henri-vins.ch\/de\/\">Accueil<\/a>\n    <\/li>\n\n    \n    \n    <li>\n        <span class=\"current\">Cookie-Richlinie<\/span>\n    <\/li>\n<\/ul>        \n        <div class=\"content\">\n            <h1 class=\"block-title title-big\">\n                                    Cookie-Richlinie                            <\/h1>\n\n            \n                    <\/div>\n    <\/div>\n\n    <button type=\"button\" class=\"btn cts\">Scroll<\/button>\n<\/section>\n\n\n\n<section class=\"gut-block gut-texte  bg-color-none\" >\n    <div class=\"wrap\">\n        <div class=\"block-texte wysiwyg-content\">\n            <p><em>Die deutsche Fassung ist eine \u00dcbersetzung. Nur die franz\u00f6sische Originalfassung ist verbindlich.<\/em><\/p>\n<p><strong>Diese Cookie-Richtlinie ist ein wesentlicher Bestandteil der unserer Datenschutzrichtlinie f\u00fcr die Website und demonstriert damit unsere Engagement f\u00fcr den Schutz Ihrer pers\u00f6nlichen Daten.<\/strong><\/p>\n<p>Um den Zugang zu murailles.ch bequemer zu gestalten und um Ihnen die bestm\u00f6gliche Erfahrung zu bieten, verwenden wir Cookies.<\/p>\n<p>Ein Cookie ist eine kleine Datei, die von einem Server im Endger\u00e4t (Computer, Telefon usw.) eines Nutzers gespeichert wird und mit einer Domain Web (d. h. in den meisten F\u00e4llen mit allen Seiten einer bestimmten Website) zugeordnet ist. Diese Datei wird bei weiteren Kontakten automatisch zur\u00fcckgegeben. mit derselben Domain.<\/p>\n<p>Diese Dateien haben die Funktion, Sie schneller zu identifizieren bei Ihrem n\u00e4chsten Besuch und um bestimmte Aspekte der Website anzupassen, wie z. B. die Sprache, um Ihre Nutzererfahrung zu verbessern.<\/p>\n<p>Der webseite murailles.ch verwendet verschiedene Kategorien von Cookies, um um die Interaktivit\u00e4t der Website und ihrer Dienstleistungen zu verbessern. Diese Cookies k\u00f6nnen sowohl von Henri Badoux AG als auch von technischen Dienstleistern eingesetzt werden. Drittanbietern eingesetzt werden, um Ihre Nutzererfahrung zu optimieren und Henri Badoux zu unterst\u00fctzen. Erweiterte Funktionen.<\/p>\n<h2><b><strong>Welche Cookies und \u00e4hnliche Technologien setzen wir ein?<\/strong><\/b><\/h2>\n<p>Unbedingt erforderliche Cookies sind f\u00fcr die Nutzung der Website und ihrer Funktionen unerl\u00e4sslich. Sie werden daher ohne Ihre Zustimmung abgelegt. Diese Cookies stellen z. B. sicher, dass Sie von Seite zu Seite navigieren k\u00f6nnen, ohne dass die in ein Formular eingegebenen Informationen oder die in einen Warenkorb gelegten Produkte verschwinden.<\/p>\n<h3><b><strong>Pr\u00e4ferenz-Cookies<\/strong><\/b><\/h3>\n<p>Mithilfe von Pr\u00e4ferenz-Cookies kann sich eine Website Informationen merken, die die Art und Weise, wie sich die Website verh\u00e4lt oder angezeigt wird, ver\u00e4ndern, z. B. Ihre bevorzugte Sprache oder die Region, in der Sie sich befinden.<\/p>\n<h3><b><strong>Statistische Cookies<\/strong><\/b><\/h3>\n<p>Statistische Cookies helfen Website-Besitzern durch das Sammeln und Weitergeben von Informationen in anonymer Form dabei, zu verstehen, wie Besucher mit Websites interagieren.<\/p>\n<h3><b><strong>Marketing-Cookies<\/strong><\/b><\/h3>\n<p>Marketing-Cookies werden verwendet, um die Besucher \u00fcber die Websites hinweg zu verfolgen. Ziel ist es, Werbung anzuzeigen, die f\u00fcr den einzelnen Nutzer relevant und interessant ist und somit f\u00fcr Drittverleger und Werbetreibende wertvoller ist.<\/p>\n<h3><strong>Verwaltung von Cookies<\/strong><\/h3>\n<p>Sie haben jederzeit die M\u00f6glichkeit, Ihre Cookie-Einstellungen zu verwalten. Cookies zu \u00e4ndern, indem Sie auf \u201eCookies verwalten\u201c klicken. Dies erm\u00f6glicht Ihnen Sie k\u00f6nnen Cookies akzeptieren, ablehnen oder Ihre Cookie-Auswahl nach Ihren W\u00fcnschen \u00e4ndern. Einstellungen anpassen. Wenn Sie Cookies ablehnen, kann es sein, dass einige Aspekte der Website nicht funktionieren. auf Ihrem Ger\u00e4t und Sie k\u00f6nnen m\u00f6glicherweise nicht auf bestimmte Bereiche der Website zugreifen. Website zugreifen k\u00f6nnen. Aus diesem Grund empfehlen wir Ihnen, Cookies zu akzeptieren. Cookies zu akzeptieren.<\/p>\n<h2><strong>Etwas mehr \u00fcber unsere Cookies<\/strong><\/h2>\n<h3><b><strong>Liste der notwendigen Cookies<\/strong><\/b><\/h3>\n<table>\n<tbody>\n<tr>\n<td width=\"143\"><strong>Tag \/ Solution<\/strong><\/td>\n<td width=\"138\"><strong>Zweck des Cookies<\/strong><\/td>\n<td width=\"184\"><strong>Name des Cookies<\/strong><\/td>\n<td width=\"138\"><strong>Dauer der Lebensdauer, nachdem es auf dem Endger\u00e4t abgelegt wurde<\/strong><\/td>\n<\/tr>\n<tr>\n<td width=\"143\"><\/td>\n<td width=\"138\"><\/td>\n<td width=\"184\"><\/td>\n<td width=\"138\"><\/td>\n<\/tr>\n<tr>\n<td width=\"143\"><\/td>\n<td width=\"138\"><\/td>\n<td width=\"184\"><\/td>\n<td width=\"138\"><\/td>\n<\/tr>\n<tr>\n<td width=\"143\">Axeptio<\/td>\n<td width=\"138\">Registriere die Erlaubnis zur Verwendung von Cookies f\u00fcr die aktuelle Domain durch des Nutzers<\/td>\n<td width=\"184\">CookieConsent<\/td>\n<td width=\"138\">1 Jahr<\/td>\n<\/tr>\n<tr>\n<td width=\"143\">murailles.ch<\/td>\n<td width=\"138\">Gew\u00e4hrleistet sichert das Surfen der Besucher, indem es verhindert, dass falsche Angaben \u00fcber die Anfragen zwischen Websites. Dieses Cookie ist entscheidend f\u00fcr die Sicherheit der Website und des Besuchers.<\/td>\n<td width=\"184\">form_key<\/td>\n<td width=\"138\">1 Tag<\/td>\n<\/tr>\n<tr>\n<td width=\"143\"><\/td>\n<td width=\"138\"><\/td>\n<td width=\"184\"><\/td>\n<td width=\"138\"><\/td>\n<\/tr>\n<tr>\n<td width=\"143\"><\/td>\n<td width=\"138\"><\/td>\n<td width=\"184\"><\/td>\n<td width=\"138\"><\/td>\n<\/tr>\n<tr>\n<td width=\"143\"><\/td>\n<td width=\"138\"><\/td>\n<td width=\"184\"><\/td>\n<td width=\"138\"><\/td>\n<\/tr>\n<tr>\n<td width=\"143\">murailles.ch<\/td>\n<td width=\"138\">Beh\u00e4lt die Konfiguration der Benutzereinstellungen \u00fcber die Anfragen von Seite.<\/td>\n<td width=\"184\">PHPSESSID<\/td>\n<td width=\"138\">1 Tag<\/td>\n<\/tr>\n<tr>\n<td width=\"143\"><\/td>\n<td width=\"138\"><\/td>\n<td width=\"184\"><\/td>\n<td width=\"138\"><\/td>\n<\/tr>\n<tr>\n<td width=\"143\"><\/td>\n<td width=\"138\"><\/td>\n<td width=\"184\"><\/td>\n<td width=\"138\"><\/td>\n<\/tr>\n<tr>\n<td width=\"143\">\n<table width=\"100%\">\n<tbody>\n<tr>\n<td><\/td>\n<td>gstatic.com<\/td>\n<\/tr>\n<\/tbody>\n<\/table>\n<p>&nbsp;<\/td>\n<td width=\"138\">Dieser Cookie wird verwendet, um zwischen Menschen und Robotern zu unterscheiden. Dies ist vorteilhaft f\u00fcr die Website, um g\u00fcltige Berichte \u00fcber die Nutzung ihrer Website zu erstellen.<\/td>\n<td width=\"184\"><\/td>\n<td width=\"138\"><\/td>\n<\/tr>\n<tr>\n<td width=\"143\">\n<table width=\"100%\">\n<tbody>\n<tr>\n<td><\/td>\n<td>gstatic.com<\/td>\n<\/tr>\n<\/tbody>\n<\/table>\n<p>&nbsp;<\/td>\n<td width=\"138\">Dieser Cookie wird verwendet, um zwischen Menschen und Robotern zu unterscheiden.<\/td>\n<td width=\"184\">rc::c<\/td>\n<td width=\"138\">Session<\/td>\n<\/tr>\n<tr>\n<td width=\"143\">\n<table width=\"100%\">\n<tbody>\n<tr>\n<td><\/td>\n<td>doubleclick.net<\/p>\n<p>&nbsp;<\/td>\n<\/tr>\n<\/tbody>\n<\/table>\n<p>&nbsp;<\/td>\n<td width=\"138\">Wird verwendet um zu \u00fcberpr\u00fcfen, ob der Browser des Nutzers Cookies akzeptiert.<\/td>\n<td width=\"184\">test_cookie<\/td>\n<td width=\"138\">1 Tag<\/td>\n<\/tr>\n<\/tbody>\n<\/table>\n<h3><\/h3>\n<h3><b><strong>Liste statistische Cookies<\/strong><\/b><\/h3>\n<table>\n<tbody>\n<tr>\n<td width=\"117\"><strong>Tag \/ L\u00f6sung<\/strong><\/td>\n<td width=\"123\"><strong>Zweck des Cookies<\/strong><\/td>\n<td width=\"262\"><strong>Name des Cookies<\/strong><\/td>\n<td width=\"102\"><strong>Dauer der Lebensdauer, nachdem es auf dem Endger\u00e4t abgelegt wurde<\/strong><\/td>\n<\/tr>\n<tr>\n<td width=\"117\">murailles.ch<\/td>\n<td width=\"123\">Speichert eine eindeutige Kennung, die verwendet wird um statistische Daten dar\u00fcber zu erstellen, wie der Besucher die die Seite besucht.<\/td>\n<td width=\"262\">_ga<\/td>\n<td width=\"102\">2 Jahren<\/td>\n<\/tr>\n<tr>\n<td width=\"117\">murailles.ch<\/td>\n<td width=\"123\">Wird von Google Analytics verwendet, um Daten dar\u00fcber zu sammeln, wie oft ein Nutzer die Website sowie das Datum des ersten und des letzten Besuchs.<\/td>\n<td width=\"262\">_ga_#<\/td>\n<td width=\"102\">2 Jahren<\/td>\n<\/tr>\n<tr>\n<td width=\"117\">murailles.ch<\/td>\n<td width=\"123\">Speichert statistische Daten \u00fcber das Verhalten der Internetnutzer auf der Website. Wird f\u00fcr interne Analysen durch dem Betreiber der Website.<\/td>\n<td width=\"262\">ln_or<\/td>\n<td width=\"102\">1 Tag<\/td>\n<\/tr>\n<tr>\n<td width=\"117\"><\/td>\n<td width=\"123\"><\/td>\n<td width=\"262\"><\/td>\n<td width=\"102\"><\/td>\n<\/tr>\n<tr>\n<td width=\"117\"><\/td>\n<td width=\"123\"><\/td>\n<td width=\"262\"><\/td>\n<td width=\"102\"><\/td>\n<\/tr>\n<tr>\n<td width=\"117\"><\/td>\n<td width=\"123\"><\/td>\n<td width=\"262\"><\/td>\n<td width=\"102\"><\/td>\n<\/tr>\n<tr>\n<td width=\"117\"><\/td>\n<td width=\"123\"><\/td>\n<td width=\"262\"><\/td>\n<td width=\"102\"><\/td>\n<\/tr>\n<tr>\n<td width=\"117\">murailles.ch<\/td>\n<td width=\"123\">Registriert, ob der Nutzer angemeldet ist. Dadurch kann der Besitzer der Website bestimmte Teile der Website unzug\u00e4nglich zu machen, je nach dem Anmeldestatus des Nutzers.<\/td>\n<td width=\"262\">wp_ga4_customerGroup<\/td>\n<td width=\"102\">1 Jahr<\/td>\n<\/tr>\n<tr>\n<td width=\"117\">Google Tag Manager<\/td>\n<td width=\"123\">Speichert statistische Daten \u00fcber das Verhalten von Internetnutzern auf der Website. Wird f\u00fcr Analysen verwendet. Intern durch den Betreiber der Website.<\/td>\n<td width=\"262\">td<\/td>\n<td width=\"102\">Session<\/td>\n<\/tr>\n<\/tbody>\n<\/table>\n<h3><b><strong>Liste Marketing Cookies<\/strong><\/b><\/h3>\n<table>\n<tbody>\n<tr>\n<td width=\"112\"><\/td>\n<td width=\"126\"><\/td>\n<td width=\"262\"><\/td>\n<td width=\"104\"><\/td>\n<\/tr>\n<tr>\n<td width=\"112\"><\/td>\n<td width=\"126\"><\/td>\n<td width=\"262\"><\/td>\n<td width=\"104\"><\/td>\n<\/tr>\n<tr>\n<td width=\"112\"><\/td>\n<td width=\"126\"><\/td>\n<td width=\"262\"><\/td>\n<td width=\"104\"><\/td>\n<\/tr>\n<tr>\n<td width=\"112\"><\/td>\n<td width=\"126\"><\/td>\n<td width=\"262\"><\/td>\n<td width=\"104\"><\/td>\n<\/tr>\n<tr>\n<td width=\"112\"><\/td>\n<td width=\"126\"><\/td>\n<td width=\"262\"><\/td>\n<td width=\"104\"><\/td>\n<\/tr>\n<tr>\n<td width=\"112\"><\/td>\n<td width=\"126\"><\/td>\n<td width=\"262\"><\/td>\n<td width=\"104\"><\/td>\n<\/tr>\n<tr>\n<td width=\"112\"><\/td>\n<td width=\"126\"><\/td>\n<td width=\"262\"><\/td>\n<td width=\"104\"><\/td>\n<\/tr>\n<tr>\n<td width=\"112\"><\/td>\n<td width=\"126\"><\/td>\n<td width=\"262\"><\/td>\n<td width=\"104\"><\/td>\n<\/tr>\n<tr>\n<td width=\"112\"><\/td>\n<td width=\"126\"><\/td>\n<td width=\"262\"><\/td>\n<td width=\"104\"><\/td>\n<\/tr>\n<tr>\n<td width=\"112\"><\/td>\n<td width=\"126\"><\/td>\n<td width=\"262\"><\/td>\n<td width=\"104\"><\/td>\n<\/tr>\n<tr>\n<td width=\"112\"><\/td>\n<td width=\"126\"><\/td>\n<td width=\"262\"><\/td>\n<td width=\"104\"><\/td>\n<\/tr>\n<tr>\n<td width=\"112\"><\/td>\n<td width=\"126\"><\/td>\n<td width=\"262\"><\/td>\n<td width=\"104\"><\/td>\n<\/tr>\n<tr>\n<td width=\"112\"><\/td>\n<td width=\"126\"><\/td>\n<td width=\"262\"><\/td>\n<td width=\"104\"><\/td>\n<\/tr>\n<tr>\n<td width=\"112\"><strong>Tag \/ L\u00f6sung<\/strong><\/td>\n<td width=\"126\"><strong>Zweck des Cookies<\/strong><\/td>\n<td width=\"262\"><strong>Name des Cookies<\/strong><\/td>\n<td width=\"104\">&nbsp;<\/p>\n<p><strong>Dauer der Lebensdauer, nachdem es auf dem Endger\u00e4t abgelegt wurde<\/strong><\/td>\n<\/tr>\n<tr>\n<td width=\"112\">Brevo<\/td>\n<td width=\"126\">Sammelt Informationen \u00fcber das Surfen und Vorlieben der Nutzer auf der Website \u2013 Dies wird verwendet, um einen m\u00f6glichen Newsletter auf der Grundlage dieser Informationen gezielt zu gestalten.<\/td>\n<td width=\"262\">sib_cuid<\/td>\n<td width=\"104\">6 Monate<\/td>\n<\/tr>\n<tr>\n<td width=\"112\">Brevo<\/td>\n<td width=\"126\">Dieses Cookie wird verwendet, um die Relevanz von Werbeanzeigen, indem Daten des Besuchers von verschiedenen mehreren Websites gesammelt werden. Dieser Austausch von Besucherdaten wird normalerweise von ein Anzeigenaustauschdienst oder ein Datenzentrum eines Drittanbieters.<\/td>\n<td width=\"262\">uuid<\/td>\n<td width=\"104\">6 Monate<\/td>\n<\/tr>\n<\/tbody>\n<\/table>\n<h2><strong>Deaktivierung von Cookies \u00fcber Ihren Browser<\/strong><\/h2>\n<p>Sie haben auch die M\u00f6glichkeit die M\u00f6glichkeit, Cookies jederzeit zu deaktivieren, indem Sie die Einstellungen Ihres Browsers anpassen. Bitte beachten Sie jedoch, dass die Deaktivierung von Cookies die Bedingungen f\u00fcr den Zugriff auf unsere Dienste, die die Verwendung von Cookies erfordern, \u00e4ndern kann.<\/p>\n<p>Die meisten Browser akzeptieren Cookies standardm\u00e4\u00dfig, aber Sie haben die M\u00f6glichkeit, sie zu blockieren, indem Sie die Funktion \u201ePrivates Surfen\u201c aktivieren oder Ihren Browser so einstellen so einstellen, dass er Sie benachrichtigt, wenn eine Website versucht, ein Cookie auf Ihrem Ger\u00e4t zu platzieren.<\/p>\n<p>Um die Einstellungen f\u00fcr die Verwaltung von Cookies in Ihrem Browser k\u00f6nnen Sie in den Optionen zur Datenschutz in den Einstellungen desselben. Dadurch k\u00f6nnen Sie die Cookie-Einstellungen an Ihre W\u00fcnsche anpassen.<\/p>\n<p>Die Konfiguration der Einstellungen jedes Browsers ist spezifisch. Sie k\u00f6nnen das Hilfemen\u00fc Ihres Ihres Browsers finden Sie detaillierte Anweisungen dazu, wie Sie Ihre Cookie-Einstellungen \u00e4ndern k\u00f6nnen. Sie k\u00f6nnen auch finden spezifische Anweisungen, wie Sie die Speicherung von Cookies in Ihrem Browser deaktivieren k\u00f6nnen. Ihrer Browsersoftware unter den folgenden Adressen:<\/p>\n<ul>\n<li><a href=\"https:\/\/support.google.com\/chrome\/answer\/95647?hl=de&amp;hlrm=en\" target=\"_blank\" rel=\"noopener\">F\u00fcr Chrome<\/a><\/li>\n<li><a href=\"https:\/\/support.microsoft.com\/de-de\/windows\/l%C3%B6schen-und-verwalten-von-cookies-168dab11-0753-043d-7c16-ede5947fc64d\" target=\"_blank\" rel=\"noopener\">F\u00fcr Edge<\/a><\/li>\n<li><a href=\"https:\/\/support.mozilla.org\/de\/kb\/cookies-informationen-websites-auf-ihrem-computer\" target=\"_blank\" rel=\"noopener\">F\u00fcr Firefox<\/a><\/li>\n<li><a href=\"http:\/\/help.opera.com\/Windows\/10.20\/fr\/cookies.html\" target=\"_blank\" rel=\"noopener\">Pour Opera<\/a><\/li>\n<li><a href=\"https:\/\/www.apple.com\/legal\/privacy\/de-ww\/cookies\/#:~:text=Si%20vous%20souhaitez%20d%C3%A9sactiver%20les,puis%20dans%20la%20section%20Cookies.\" target=\"_blank\" rel=\"noopener\">F\u00fcr Apple<\/a><\/li>\n<\/ul>\n<h2><strong>Aktualisierung dieser Richtlinie<\/strong><\/h2>\n<p>Wir behalten uns das Recht vor diese Cookie-Richtlinie zu aktualisieren. Alle \u00c4nderungen an dieser Richtlinie tritt mit ihrer Ver\u00f6ffentlichung auf der Website in Kraft. Wir empfehlen Ihnen Wir empfehlen Ihnen, diese Seite regelm\u00e4\u00dfig zu besuchen, um sich auf dem Laufenden zu halten. \u00fcber die neuesten Informationen zu den auf der Website verwendeten Cookies zu informieren.<\/p>\n<h2><strong>Kontact<\/strong><\/h2>\n<p>Die SCHENK-Gruppe, zu der die Henri Badoux AG geh\u00f6rt, hat einen Datenschutzbeauftragten ernannt und dies dem Eidgen\u00f6ssischen Datenschutzbeauftragten gem\u00e4ss Art. 10, Abs. 3, lit. d DSG<\/p>\n<p>Seine E-Mail\u00a0:\u00a0<u><a href=\"mailto:dpo@schenk-wine.ch\">dpo@schenk-wine.ch<\/a><\/u><\/p>\n        <\/div>\n    <\/div>\n<\/section>","protected":false},"excerpt":{"rendered":"","protected":false},"author":14,"featured_media":0,"parent":0,"menu_order":0,"comment_status":"closed","ping_status":"closed","template":"","meta":{"_acf_changed":false,"inline_featured_image":false,"footnotes":""},"acf":[],"yoast_head":"<!-- This site is optimized with the Yoast SEO plugin v24.5 - https:\/\/yoast.com\/wordpress\/plugins\/seo\/ -->\n<title>Cookie-Richlinie<\/title>\n<meta name=\"description\" content=\"Das Haus Henri Badoux, Eigent\u00fcmer der Marke Henri, verpflichtet sich zum Schutz personenbezogener Daten.\" \/>\n<meta name=\"robots\" content=\"noindex, follow, max-snippet:-1, max-image-preview:large, max-video-preview:-1\" \/>\n<meta property=\"og:locale\" content=\"de_DE\" \/>\n<meta property=\"og:type\" content=\"article\" \/>\n<meta property=\"og:title\" content=\"Cookie-Richlinie\" \/>\n<meta property=\"og:description\" content=\"Das Haus Henri Badoux, Eigent\u00fcmer der Marke Henri, verpflichtet sich zum Schutz personenbezogener Daten.\" \/>\n<meta property=\"og:url\" content=\"https:\/\/preprod.henri-vins.ch\/de\/cookie-richlinie\/\" \/>\n<meta property=\"og:site_name\" content=\"Henri\" \/>\n<meta property=\"article:modified_time\" content=\"2023-11-28T10:36:10+00:00\" \/>\n<meta name=\"twitter:card\" content=\"summary_large_image\" \/>\n<script type=\"application\/ld+json\" class=\"yoast-schema-graph\">{\"@context\":\"https:\/\/schema.org\",\"@graph\":[{\"@type\":\"WebPage\",\"@id\":\"https:\/\/preprod.henri-vins.ch\/de\/cookie-richlinie\/\",\"url\":\"https:\/\/preprod.henri-vins.ch\/de\/cookie-richlinie\/\",\"name\":\"Cookie-Richlinie\",\"isPartOf\":{\"@id\":\"https:\/\/preprod.henri-vins.ch\/de\/#website\"},\"datePublished\":\"2023-11-28T10:14:46+00:00\",\"dateModified\":\"2023-11-28T10:36:10+00:00\",\"description\":\"Das Haus Henri Badoux, Eigent\u00fcmer der Marke Henri, verpflichtet sich zum Schutz personenbezogener Daten.\",\"breadcrumb\":{\"@id\":\"https:\/\/preprod.henri-vins.ch\/de\/cookie-richlinie\/#breadcrumb\"},\"inLanguage\":\"de\",\"potentialAction\":[{\"@type\":\"ReadAction\",\"target\":[\"https:\/\/preprod.henri-vins.ch\/de\/cookie-richlinie\/\"]}]},{\"@type\":\"BreadcrumbList\",\"@id\":\"https:\/\/preprod.henri-vins.ch\/de\/cookie-richlinie\/#breadcrumb\",\"itemListElement\":[{\"@type\":\"ListItem\",\"position\":1,\"name\":\"Accueil\",\"item\":\"https:\/\/preprod.henri-vins.ch\/de\/\"},{\"@type\":\"ListItem\",\"position\":2,\"name\":\"Cookie-Richlinie\"}]},{\"@type\":\"WebSite\",\"@id\":\"https:\/\/preprod.henri-vins.ch\/de\/#website\",\"url\":\"https:\/\/preprod.henri-vins.ch\/de\/\",\"name\":\"Henri\",\"description\":\"\",\"publisher\":{\"@id\":\"https:\/\/preprod.henri-vins.ch\/de\/#organization\"},\"potentialAction\":[{\"@type\":\"SearchAction\",\"target\":{\"@type\":\"EntryPoint\",\"urlTemplate\":\"https:\/\/preprod.henri-vins.ch\/de\/?s={search_term_string}\"},\"query-input\":{\"@type\":\"PropertyValueSpecification\",\"valueRequired\":true,\"valueName\":\"search_term_string\"}}],\"inLanguage\":\"de\"},{\"@type\":\"Organization\",\"@id\":\"https:\/\/preprod.henri-vins.ch\/de\/#organization\",\"name\":\"Henri\",\"url\":\"https:\/\/preprod.henri-vins.ch\/de\/\",\"logo\":{\"@type\":\"ImageObject\",\"inLanguage\":\"de\",\"@id\":\"https:\/\/preprod.henri-vins.ch\/de\/#\/schema\/logo\/image\/\",\"url\":\"https:\/\/preprod.henri-vins.ch\/wp-content\/uploads\/sites\/2\/2023\/09\/logo-henri.svg\",\"contentUrl\":\"https:\/\/preprod.henri-vins.ch\/wp-content\/uploads\/sites\/2\/2023\/09\/logo-henri.svg\",\"width\":89,\"height\":20,\"caption\":\"Henri\"},\"image\":{\"@id\":\"https:\/\/preprod.henri-vins.ch\/de\/#\/schema\/logo\/image\/\"}}]}<\/script>\n<!-- \/ Yoast SEO plugin. -->","yoast_head_json":{"title":"Cookie-Richlinie","description":"Das Haus Henri Badoux, Eigent\u00fcmer der Marke Henri, verpflichtet sich zum Schutz personenbezogener Daten.","robots":{"index":"noindex","follow":"follow","max-snippet":"max-snippet:-1","max-image-preview":"max-image-preview:large","max-video-preview":"max-video-preview:-1"},"og_locale":"de_DE","og_type":"article","og_title":"Cookie-Richlinie","og_description":"Das Haus Henri Badoux, Eigent\u00fcmer der Marke Henri, verpflichtet sich zum Schutz personenbezogener Daten.","og_url":"https:\/\/preprod.henri-vins.ch\/de\/cookie-richlinie\/","og_site_name":"Henri","article_modified_time":"2023-11-28T10:36:10+00:00","twitter_card":"summary_large_image","schema":{"@context":"https:\/\/schema.org","@graph":[{"@type":"WebPage","@id":"https:\/\/preprod.henri-vins.ch\/de\/cookie-richlinie\/","url":"https:\/\/preprod.henri-vins.ch\/de\/cookie-richlinie\/","name":"Cookie-Richlinie","isPartOf":{"@id":"https:\/\/preprod.henri-vins.ch\/de\/#website"},"datePublished":"2023-11-28T10:14:46+00:00","dateModified":"2023-11-28T10:36:10+00:00","description":"Das Haus Henri Badoux, Eigent\u00fcmer der Marke Henri, verpflichtet sich zum Schutz personenbezogener Daten.","breadcrumb":{"@id":"https:\/\/preprod.henri-vins.ch\/de\/cookie-richlinie\/#breadcrumb"},"inLanguage":"de","potentialAction":[{"@type":"ReadAction","target":["https:\/\/preprod.henri-vins.ch\/de\/cookie-richlinie\/"]}]},{"@type":"BreadcrumbList","@id":"https:\/\/preprod.henri-vins.ch\/de\/cookie-richlinie\/#breadcrumb","itemListElement":[{"@type":"ListItem","position":1,"name":"Accueil","item":"https:\/\/preprod.henri-vins.ch\/de\/"},{"@type":"ListItem","position":2,"name":"Cookie-Richlinie"}]},{"@type":"WebSite","@id":"https:\/\/preprod.henri-vins.ch\/de\/#website","url":"https:\/\/preprod.henri-vins.ch\/de\/","name":"Henri","description":"","publisher":{"@id":"https:\/\/preprod.henri-vins.ch\/de\/#organization"},"potentialAction":[{"@type":"SearchAction","target":{"@type":"EntryPoint","urlTemplate":"https:\/\/preprod.henri-vins.ch\/de\/?s={search_term_string}"},"query-input":{"@type":"PropertyValueSpecification","valueRequired":true,"valueName":"search_term_string"}}],"inLanguage":"de"},{"@type":"Organization","@id":"https:\/\/preprod.henri-vins.ch\/de\/#organization","name":"Henri","url":"https:\/\/preprod.henri-vins.ch\/de\/","logo":{"@type":"ImageObject","inLanguage":"de","@id":"https:\/\/preprod.henri-vins.ch\/de\/#\/schema\/logo\/image\/","url":"https:\/\/preprod.henri-vins.ch\/wp-content\/uploads\/sites\/2\/2023\/09\/logo-henri.svg","contentUrl":"https:\/\/preprod.henri-vins.ch\/wp-content\/uploads\/sites\/2\/2023\/09\/logo-henri.svg","width":89,"height":20,"caption":"Henri"},"image":{"@id":"https:\/\/preprod.henri-vins.ch\/de\/#\/schema\/logo\/image\/"}}]}},"_links":{"self":[{"href":"https:\/\/preprod.henri-vins.ch\/de\/wp-json\/wp\/v2\/pages\/2728"}],"collection":[{"href":"https:\/\/preprod.henri-vins.ch\/de\/wp-json\/wp\/v2\/pages"}],"about":[{"href":"https:\/\/preprod.henri-vins.ch\/de\/wp-json\/wp\/v2\/types\/page"}],"author":[{"embeddable":true,"href":"https:\/\/preprod.henri-vins.ch\/de\/wp-json\/wp\/v2\/users\/14"}],"replies":[{"embeddable":true,"href":"https:\/\/preprod.henri-vins.ch\/de\/wp-json\/wp\/v2\/comments?post=2728"}],"version-history":[{"count":3,"href":"https:\/\/preprod.henri-vins.ch\/de\/wp-json\/wp\/v2\/pages\/2728\/revisions"}],"predecessor-version":[{"id":2752,"href":"https:\/\/preprod.henri-vins.ch\/de\/wp-json\/wp\/v2\/pages\/2728\/revisions\/2752"}],"wp:attachment":[{"href":"https:\/\/preprod.henri-vins.ch\/de\/wp-json\/wp\/v2\/media?parent=2728"}],"curies":[{"name":"wp","href":"https:\/\/api.w.org\/{rel}","templated":true}]}}