{"id":2742,"date":"2023-11-28T11:28:21","date_gmt":"2023-11-28T10:28:21","guid":{"rendered":"https:\/\/preprod.henri-vins.ch\/?page_id=2742"},"modified":"2023-11-28T11:39:54","modified_gmt":"2023-11-28T10:39:54","slug":"subunternehmer","status":"publish","type":"page","link":"https:\/\/preprod.henri-vins.ch\/de\/subunternehmer\/","title":{"rendered":"Subunternehmer"},"content":{"rendered":"\n\n<section class=\"gut-block gut-hero bg-color-none \" >\n        \n    <div class=\"wrap\">\n        <ul class=\"breadcrumb\">\n    <li>\n        <a href=\"https:\/\/preprod.henri-vins.ch\/de\/\">Accueil<\/a>\n    <\/li>\n\n    \n    \n    <li>\n        <span class=\"current\">Subunternehmer<\/span>\n    <\/li>\n<\/ul>        \n        <div class=\"content\">\n            <h1 class=\"block-title title-big\">\n                                    Subunternehmer                            <\/h1>\n\n            \n                    <\/div>\n    <\/div>\n\n    <button type=\"button\" class=\"btn cts\">Scroll<\/button>\n<\/section>\n\n\n\n<section class=\"gut-block gut-texte  bg-color-none\" >\n    <div class=\"wrap\">\n        <div class=\"block-texte wysiwyg-content\">\n            <h2><strong>1.\u00a0\u00a0\u00a0<\/strong><strong>HEBERGEMENT<\/strong><\/h2>\n<p>&nbsp;<\/p>\n<table>\n<tbody>\n<tr>\n<td width=\"121\"><strong>Sous-traitant<\/strong><\/td>\n<td width=\"121\"><strong>Type de t\u00e2che effectu\u00e9e<\/strong><\/td>\n<td width=\"121\"><strong>Pays de destination<\/strong><\/td>\n<td width=\"121\"><strong>Information sur la s\u00e9curit\u00e9 et la confidentialit\u00e9<\/strong><\/td>\n<td width=\"121\"><strong>Garanties pour transfert hors de la Suisse<\/strong><\/td>\n<\/tr>\n<tr>\n<td width=\"121\"><strong>Infomaniak<\/strong><\/td>\n<td width=\"121\">H\u00e9bergement du nom de domaine<\/td>\n<td width=\"121\">CH<\/td>\n<td width=\"121\"><a href=\"https:\/\/www.infomaniak.com\/en\/legal\/general-terms-and-conditions\">https:\/\/www.infomaniak.com\/en\/legal\/general-terms-and-conditions<\/a><\/td>\n<td width=\"121\">N\/A<\/td>\n<\/tr>\n<tr>\n<td width=\"121\"><\/td>\n<td width=\"121\"><\/td>\n<td width=\"121\"><\/td>\n<td width=\"121\"><\/td>\n<td width=\"121\"><\/td>\n<\/tr>\n<\/tbody>\n<\/table>\n<p>&nbsp;<\/p>\n<h2><strong>2.\u00a0\u00a0\u00a0<\/strong><strong>ANALYTICS<\/strong><\/h2>\n<p>&nbsp;<\/p>\n<table>\n<tbody>\n<tr>\n<td width=\"121\"><strong>Sous-traitant<\/strong><\/td>\n<td width=\"121\"><strong>Type de t\u00e2che effectu\u00e9e<\/strong><\/td>\n<td width=\"121\"><strong>Pays de destination<\/strong><\/td>\n<td width=\"121\"><strong>Information sur la s\u00e9curit\u00e9 et la confidentialit\u00e9<\/strong><\/td>\n<td width=\"121\"><strong>Garanties pour transfert hors de la Suisse<\/strong><\/td>\n<\/tr>\n<tr>\n<td width=\"121\"><strong>Axeptio<\/strong><\/td>\n<td width=\"121\">Gestionnaire de consentement<\/td>\n<td width=\"121\">UE<\/td>\n<td width=\"121\"><a href=\"https:\/\/client.axept.io\/content\/624d5e22e4776e1f019014e2\/contracts\/635fcc3ee67894a8d892f2b1\/0.1.2.pdf\">https:\/\/client.axept.io\/content\/624d5e22e4776e1f019014e2\/contracts\/635fcc3ee67894a8d892f2b1\/0.1.2.pdf<\/a><\/td>\n<td width=\"121\">DPA, pays ad\u00e9quat<\/td>\n<\/tr>\n<tr>\n<td width=\"121\"><strong>Google Analytics<\/strong><\/td>\n<td width=\"121\">Plateforme Analytique<\/td>\n<td width=\"121\">Mondial<\/td>\n<td width=\"121\"><a href=\"https:\/\/policies.google.com\/privacy\/frameworks\">https:\/\/policies.google.com\/privacy\/frameworks<\/a><\/td>\n<td width=\"121\">Clauses contractuelles types<\/td>\n<\/tr>\n<tr>\n<td width=\"121\"><strong>Double Click<\/strong><\/td>\n<td width=\"121\">Plateforme Analytique<\/td>\n<td width=\"121\">Mondial<\/td>\n<td width=\"121\">&nbsp;<\/p>\n<p><a href=\"https:\/\/policies.google.com\/privacy?hl=fr\">https:\/\/policies.google.com\/privacy?hl=fr<\/a><\/td>\n<td width=\"121\">Clauses contractuelles types<\/td>\n<\/tr>\n<tr>\n<td width=\"121\"><strong>Google Tag Manager<\/strong><\/td>\n<td width=\"121\">Outil de gestion de balises<\/td>\n<td width=\"121\">Mondial<\/td>\n<td width=\"121\"><a href=\"https:\/\/policies.google.com\/privacy?hl=fr\">https:\/\/policies.google.com\/privacy?hl=fr<\/a><\/td>\n<td width=\"121\">Clauses contractuelles types<\/td>\n<\/tr>\n<tr>\n<td width=\"121\"><strong>Splio<\/strong><\/td>\n<td width=\"121\">Marketing Automation<\/td>\n<td width=\"121\">UE<\/td>\n<td width=\"121\"><a href=\"https:\/\/splio.com\/donnees-personnelles\/\">https:\/\/splio.com\/donnees-personnelles\/<\/a><\/td>\n<td width=\"121\">DPA, pays ad\u00e9quat<\/td>\n<\/tr>\n<tr>\n<td width=\"121\"><strong>Facebook<\/strong><\/td>\n<td width=\"121\">R\u00e9seau social<\/td>\n<td width=\"121\">Mondial<\/td>\n<td width=\"121\"><a href=\"https:\/\/www.facebook.com\/privacy\/policy\/?entry_point=data_policy_redirect&amp;entry=0\">https:\/\/www.facebook.com\/privacy\/policy\/?entry_point=data_policy_redirect&amp;entry=0<\/a><\/td>\n<td width=\"121\">Clauses contractuelles types<\/td>\n<\/tr>\n<\/tbody>\n<\/table>\n<p>&nbsp;<\/p>\n<p>&nbsp;<\/p>\n<p>&nbsp;<\/p>\n<h2><strong>3.\u00a0\u00a0\u00a0<\/strong><strong>Commercial \/ Support<\/strong><\/h2>\n<p>&nbsp;<\/p>\n<table>\n<tbody>\n<tr>\n<td width=\"121\"><strong>Sous-traitant<\/strong><\/td>\n<td width=\"121\"><strong>Type de t\u00e2che effectu\u00e9e<\/strong><\/td>\n<td width=\"121\"><strong>Pays de destination<\/strong><\/td>\n<td width=\"129\"><strong>Information sur la s\u00e9curit\u00e9 et la confidentialit\u00e9<\/strong><\/td>\n<td width=\"113\"><strong>Garanties pour transfert hors de la Suisse<\/strong><\/td>\n<\/tr>\n<tr>\n<td width=\"121\"><strong>Schenk Suisse SA<\/strong><\/td>\n<td width=\"121\">Administration commerciale\/marketing\/traitement informatique<\/td>\n<td width=\"121\">CH<\/td>\n<td width=\"129\"><\/td>\n<td width=\"113\">N\/A<\/td>\n<\/tr>\n<tr>\n<td width=\"121\"><strong>Brevo<\/strong><\/td>\n<td width=\"121\">E-mailing<\/td>\n<td width=\"121\">UE<\/td>\n<td width=\"129\"><a href=\"https:\/\/www.brevo.com\/fr\/legal\/privacypolicy\/\">https:\/\/www.brevo.com\/fr\/legal\/privacypolicy\/<\/a><\/td>\n<td width=\"113\">DPA, pays ad\u00e9quat<\/td>\n<\/tr>\n<tr>\n<td width=\"121\"><strong>reCAPTCHA<\/strong><\/td>\n<td width=\"121\">Utilis\u00e9 pour la pr\u00e9vention du spam<\/td>\n<td width=\"121\">Mondial<\/td>\n<td width=\"129\">https:\/\/policies.go ogle.com\/privacy https:\/\/policies.go ogle.com\/terms<\/td>\n<td width=\"113\">Clauses contractuelles types<\/td>\n<\/tr>\n<\/tbody>\n<\/table>\n<p>&nbsp;<\/p>\n        <\/div>\n    <\/div>\n<\/section>","protected":false},"excerpt":{"rendered":"","protected":false},"author":14,"featured_media":0,"parent":0,"menu_order":0,"comment_status":"closed","ping_status":"closed","template":"","meta":{"_acf_changed":false,"inline_featured_image":false,"footnotes":""},"acf":[],"yoast_head":"<!-- This site is optimized with the Yoast SEO plugin v24.5 - https:\/\/yoast.com\/wordpress\/plugins\/seo\/ -->\n<title>Subunternehmer<\/title>\n<meta name=\"description\" content=\"Das Haus Henri Badoux, Eigent\u00fcmer der Marke Henri, verpflichtet sich zum Schutz personenbezogener Daten.\" \/>\n<meta name=\"robots\" content=\"noindex, follow, max-snippet:-1, max-image-preview:large, max-video-preview:-1\" \/>\n<meta property=\"og:locale\" content=\"de_DE\" \/>\n<meta property=\"og:type\" content=\"article\" \/>\n<meta property=\"og:title\" content=\"Subunternehmer\" \/>\n<meta property=\"og:description\" content=\"Das Haus Henri Badoux, Eigent\u00fcmer der Marke Henri, verpflichtet sich zum Schutz personenbezogener Daten.\" \/>\n<meta property=\"og:url\" content=\"https:\/\/preprod.henri-vins.ch\/de\/subunternehmer\/\" \/>\n<meta property=\"og:site_name\" content=\"Henri\" \/>\n<meta property=\"article:modified_time\" content=\"2023-11-28T10:39:54+00:00\" \/>\n<meta name=\"twitter:card\" content=\"summary_large_image\" \/>\n<script type=\"application\/ld+json\" class=\"yoast-schema-graph\">{\"@context\":\"https:\/\/schema.org\",\"@graph\":[{\"@type\":\"WebPage\",\"@id\":\"https:\/\/preprod.henri-vins.ch\/de\/subunternehmer\/\",\"url\":\"https:\/\/preprod.henri-vins.ch\/de\/subunternehmer\/\",\"name\":\"Subunternehmer\",\"isPartOf\":{\"@id\":\"https:\/\/preprod.henri-vins.ch\/de\/#website\"},\"datePublished\":\"2023-11-28T10:28:21+00:00\",\"dateModified\":\"2023-11-28T10:39:54+00:00\",\"description\":\"Das Haus Henri Badoux, Eigent\u00fcmer der Marke Henri, verpflichtet sich zum Schutz personenbezogener Daten.\",\"breadcrumb\":{\"@id\":\"https:\/\/preprod.henri-vins.ch\/de\/subunternehmer\/#breadcrumb\"},\"inLanguage\":\"de\",\"potentialAction\":[{\"@type\":\"ReadAction\",\"target\":[\"https:\/\/preprod.henri-vins.ch\/de\/subunternehmer\/\"]}]},{\"@type\":\"BreadcrumbList\",\"@id\":\"https:\/\/preprod.henri-vins.ch\/de\/subunternehmer\/#breadcrumb\",\"itemListElement\":[{\"@type\":\"ListItem\",\"position\":1,\"name\":\"Accueil\",\"item\":\"https:\/\/preprod.henri-vins.ch\/de\/\"},{\"@type\":\"ListItem\",\"position\":2,\"name\":\"Subunternehmer\"}]},{\"@type\":\"WebSite\",\"@id\":\"https:\/\/preprod.henri-vins.ch\/de\/#website\",\"url\":\"https:\/\/preprod.henri-vins.ch\/de\/\",\"name\":\"Henri\",\"description\":\"\",\"publisher\":{\"@id\":\"https:\/\/preprod.henri-vins.ch\/de\/#organization\"},\"potentialAction\":[{\"@type\":\"SearchAction\",\"target\":{\"@type\":\"EntryPoint\",\"urlTemplate\":\"https:\/\/preprod.henri-vins.ch\/de\/?s={search_term_string}\"},\"query-input\":{\"@type\":\"PropertyValueSpecification\",\"valueRequired\":true,\"valueName\":\"search_term_string\"}}],\"inLanguage\":\"de\"},{\"@type\":\"Organization\",\"@id\":\"https:\/\/preprod.henri-vins.ch\/de\/#organization\",\"name\":\"Henri\",\"url\":\"https:\/\/preprod.henri-vins.ch\/de\/\",\"logo\":{\"@type\":\"ImageObject\",\"inLanguage\":\"de\",\"@id\":\"https:\/\/preprod.henri-vins.ch\/de\/#\/schema\/logo\/image\/\",\"url\":\"https:\/\/preprod.henri-vins.ch\/wp-content\/uploads\/sites\/2\/2023\/09\/logo-henri.svg\",\"contentUrl\":\"https:\/\/preprod.henri-vins.ch\/wp-content\/uploads\/sites\/2\/2023\/09\/logo-henri.svg\",\"width\":89,\"height\":20,\"caption\":\"Henri\"},\"image\":{\"@id\":\"https:\/\/preprod.henri-vins.ch\/de\/#\/schema\/logo\/image\/\"}}]}<\/script>\n<!-- \/ Yoast SEO plugin. -->","yoast_head_json":{"title":"Subunternehmer","description":"Das Haus Henri Badoux, Eigent\u00fcmer der Marke Henri, verpflichtet sich zum Schutz personenbezogener Daten.","robots":{"index":"noindex","follow":"follow","max-snippet":"max-snippet:-1","max-image-preview":"max-image-preview:large","max-video-preview":"max-video-preview:-1"},"og_locale":"de_DE","og_type":"article","og_title":"Subunternehmer","og_description":"Das Haus Henri Badoux, Eigent\u00fcmer der Marke Henri, verpflichtet sich zum Schutz personenbezogener Daten.","og_url":"https:\/\/preprod.henri-vins.ch\/de\/subunternehmer\/","og_site_name":"Henri","article_modified_time":"2023-11-28T10:39:54+00:00","twitter_card":"summary_large_image","schema":{"@context":"https:\/\/schema.org","@graph":[{"@type":"WebPage","@id":"https:\/\/preprod.henri-vins.ch\/de\/subunternehmer\/","url":"https:\/\/preprod.henri-vins.ch\/de\/subunternehmer\/","name":"Subunternehmer","isPartOf":{"@id":"https:\/\/preprod.henri-vins.ch\/de\/#website"},"datePublished":"2023-11-28T10:28:21+00:00","dateModified":"2023-11-28T10:39:54+00:00","description":"Das Haus Henri Badoux, Eigent\u00fcmer der Marke Henri, verpflichtet sich zum Schutz personenbezogener Daten.","breadcrumb":{"@id":"https:\/\/preprod.henri-vins.ch\/de\/subunternehmer\/#breadcrumb"},"inLanguage":"de","potentialAction":[{"@type":"ReadAction","target":["https:\/\/preprod.henri-vins.ch\/de\/subunternehmer\/"]}]},{"@type":"BreadcrumbList","@id":"https:\/\/preprod.henri-vins.ch\/de\/subunternehmer\/#breadcrumb","itemListElement":[{"@type":"ListItem","position":1,"name":"Accueil","item":"https:\/\/preprod.henri-vins.ch\/de\/"},{"@type":"ListItem","position":2,"name":"Subunternehmer"}]},{"@type":"WebSite","@id":"https:\/\/preprod.henri-vins.ch\/de\/#website","url":"https:\/\/preprod.henri-vins.ch\/de\/","name":"Henri","description":"","publisher":{"@id":"https:\/\/preprod.henri-vins.ch\/de\/#organization"},"potentialAction":[{"@type":"SearchAction","target":{"@type":"EntryPoint","urlTemplate":"https:\/\/preprod.henri-vins.ch\/de\/?s={search_term_string}"},"query-input":{"@type":"PropertyValueSpecification","valueRequired":true,"valueName":"search_term_string"}}],"inLanguage":"de"},{"@type":"Organization","@id":"https:\/\/preprod.henri-vins.ch\/de\/#organization","name":"Henri","url":"https:\/\/preprod.henri-vins.ch\/de\/","logo":{"@type":"ImageObject","inLanguage":"de","@id":"https:\/\/preprod.henri-vins.ch\/de\/#\/schema\/logo\/image\/","url":"https:\/\/preprod.henri-vins.ch\/wp-content\/uploads\/sites\/2\/2023\/09\/logo-henri.svg","contentUrl":"https:\/\/preprod.henri-vins.ch\/wp-content\/uploads\/sites\/2\/2023\/09\/logo-henri.svg","width":89,"height":20,"caption":"Henri"},"image":{"@id":"https:\/\/preprod.henri-vins.ch\/de\/#\/schema\/logo\/image\/"}}]}},"_links":{"self":[{"href":"https:\/\/preprod.henri-vins.ch\/de\/wp-json\/wp\/v2\/pages\/2742"}],"collection":[{"href":"https:\/\/preprod.henri-vins.ch\/de\/wp-json\/wp\/v2\/pages"}],"about":[{"href":"https:\/\/preprod.henri-vins.ch\/de\/wp-json\/wp\/v2\/types\/page"}],"author":[{"embeddable":true,"href":"https:\/\/preprod.henri-vins.ch\/de\/wp-json\/wp\/v2\/users\/14"}],"replies":[{"embeddable":true,"href":"https:\/\/preprod.henri-vins.ch\/de\/wp-json\/wp\/v2\/comments?post=2742"}],"version-history":[{"count":3,"href":"https:\/\/preprod.henri-vins.ch\/de\/wp-json\/wp\/v2\/pages\/2742\/revisions"}],"predecessor-version":[{"id":2755,"href":"https:\/\/preprod.henri-vins.ch\/de\/wp-json\/wp\/v2\/pages\/2742\/revisions\/2755"}],"wp:attachment":[{"href":"https:\/\/preprod.henri-vins.ch\/de\/wp-json\/wp\/v2\/media?parent=2742"}],"curies":[{"name":"wp","href":"https:\/\/api.w.org\/{rel}","templated":true}]}}