{"id":3236,"date":"2023-12-12T11:19:48","date_gmt":"2023-12-12T10:19:48","guid":{"rendered":"https:\/\/preprod.henri-vins.ch\/inscription-newsletters\/"},"modified":"2023-12-14T15:37:52","modified_gmt":"2023-12-14T14:37:52","slug":"newsletters","status":"publish","type":"page","link":"https:\/\/preprod.henri-vins.ch\/de\/newsletters\/","title":{"rendered":"Newsletters"},"content":{"rendered":"\n\n<section class=\"gut-block gut-hero bg-color-none with-bg-img\" >\n            <div class=\"bg-img\">\n            <img loading=\"lazy\" decoding=\"async\" width=\"1920\" height=\"580\" src=\"https:\/\/preprod.henri-vins.ch\/wp-content\/uploads\/sites\/2\/2023\/11\/oenotourisme-degustation-badouxtheque-vins-henri-badoux-aigle.jpg\" class=\"attachment-banner size-banner\" alt=\"D\u00e9gustation des vins Henri au coeur des vignes de la Maison Henri Badoux \u00e0 Aigle.\" srcset=\"https:\/\/preprod.henri-vins.ch\/wp-content\/uploads\/sites\/2\/2023\/11\/oenotourisme-degustation-badouxtheque-vins-henri-badoux-aigle.jpg 1920w, https:\/\/preprod.henri-vins.ch\/wp-content\/uploads\/sites\/2\/2023\/11\/oenotourisme-degustation-badouxtheque-vins-henri-badoux-aigle-300x91.jpg 300w, https:\/\/preprod.henri-vins.ch\/wp-content\/uploads\/sites\/2\/2023\/11\/oenotourisme-degustation-badouxtheque-vins-henri-badoux-aigle-1024x309.jpg 1024w, https:\/\/preprod.henri-vins.ch\/wp-content\/uploads\/sites\/2\/2023\/11\/oenotourisme-degustation-badouxtheque-vins-henri-badoux-aigle-768x232.jpg 768w, https:\/\/preprod.henri-vins.ch\/wp-content\/uploads\/sites\/2\/2023\/11\/oenotourisme-degustation-badouxtheque-vins-henri-badoux-aigle-1536x464.jpg 1536w\" sizes=\"(max-width: 1920px) 100vw, 1920px\" \/>        <\/div>\n        \n    <div class=\"wrap\">\n        <ul class=\"breadcrumb\">\n    <li>\n        <a href=\"https:\/\/preprod.henri-vins.ch\/de\/\">Accueil<\/a>\n    <\/li>\n\n    \n    \n    <li>\n        <span class=\"current\">Newsletters<\/span>\n    <\/li>\n<\/ul>        \n        <div class=\"content\">\n            <h1 class=\"block-title title-big\">\n                                    Abonnieren Sie den Newsletter                            <\/h1>\n\n            \n                    <\/div>\n    <\/div>\n\n    <button type=\"button\" class=\"btn cts\">Scroll<\/button>\n<\/section>\n\n\n\n<section class=\"gut-block gut-texte centered-text bg-color-none\" >\n    <div class=\"wrap\">\n        <div class=\"block-texte wysiwyg-content\">\n            <h2 style=\"text-align: center\">Werden Sie Mitglied unserer Community<\/h2>\n<p style=\"text-align: center\">Einmal im Monat erhalten Sie unseren exklusiven Newsletter.<\/p>\n<p style=\"text-align: center\">Profitieren Sie von speziellen Angeboten, die der Community vorbehalten sind, erhalten Sie Einladungen zu Veranstaltungen, finden Sie unsere originellen Ideen f\u00fcr Speisen- und Weinkombinationen und vieles mehr.<\/p>\n<p>&nbsp;<\/p>\n        <\/div>\n    <\/div>\n<\/section>\n\n\n\n<section class=\"gut-block gut-iframe bg-color-jaune\" >\n    <div class=\"wrap\">\n        <iframe loading=\"lazy\" width=\"540\" height=\"630\" src=\"https:\/\/714ace65.sibforms.com\/serve\/MUIFALA-fhSxugP0S6277uwlH_xnS5LvTY_cTbINfXehNzS79U9G17uWgbRVAnexYCWvU2AdBRAF7MMvT6JNfRV9NAs3QRFPWsZ95pZcIkBzUgCCstggWfhT0bySgTCAuWH5YzMigpaZpVX7HLLW10ow_lypneViQ_5GwjmGTxq2IY068rq3OBvDWwGUmJ-eaCqtI6kZoVEJ_yYP\" frameborder=\"0\" allowfullscreen style=\"display: block;margin-left: auto;margin-right: auto;max-width: 100%\"><\/iframe>    <\/div>\n<\/section>\n\n\n\n<section class=\"gut-block gut-texte centered-text bg-color-none\" >\n    <div class=\"wrap\">\n        <div class=\"block-texte wysiwyg-content\">\n            <p>Ihre Daten werden vertraulich behandelt und nur zum Versand des Newsletters verwendet. Sie k\u00f6nnen sich jederzeit vom Newsletter abmelden, indem Sie auf den Link zum Abmelden am Ende jedes Newsletters klicken oder eine E-Mail an <a href=\"mailto:info@henri-badoux.ch\">info@henri-badoux.ch<\/a>.<\/p>\n        <\/div>\n    <\/div>\n<\/section>","protected":false},"excerpt":{"rendered":"","protected":false},"author":14,"featured_media":0,"parent":0,"menu_order":0,"comment_status":"closed","ping_status":"closed","template":"","meta":{"_acf_changed":false,"inline_featured_image":false,"footnotes":""},"acf":[],"yoast_head":"<!-- This site is optimized with the Yoast SEO plugin v24.5 - https:\/\/yoast.com\/wordpress\/plugins\/seo\/ -->\n<title>Werden Sie Mitglied unserer Henri Community<\/title>\n<meta name=\"description\" content=\"Melden Sie sich f\u00fcr den Newsletter an, um alles \u00fcber die Schweizer Weinmarke Henri aus dem Hause Henri Badoux zu erfahren: Veranstaltungen, Neuigkeiten und Ideen f\u00fcr Kombinationen von Speisen und Weinen.\" \/>\n<meta name=\"robots\" content=\"noindex, follow, max-snippet:-1, max-image-preview:large, max-video-preview:-1\" \/>\n<meta property=\"og:locale\" content=\"de_DE\" \/>\n<meta property=\"og:type\" content=\"article\" \/>\n<meta property=\"og:title\" content=\"Werden Sie Mitglied unserer Henri Community\" \/>\n<meta property=\"og:description\" content=\"Melden Sie sich f\u00fcr den Newsletter an, um alles \u00fcber die Schweizer Weinmarke Henri aus dem Hause Henri Badoux zu erfahren: Veranstaltungen, Neuigkeiten und Ideen f\u00fcr Kombinationen von Speisen und Weinen.\" \/>\n<meta property=\"og:url\" content=\"https:\/\/preprod.henri-vins.ch\/de\/newsletters\/\" \/>\n<meta property=\"og:site_name\" content=\"Henri\" \/>\n<meta property=\"article:modified_time\" content=\"2023-12-14T14:37:52+00:00\" \/>\n<meta name=\"twitter:card\" content=\"summary_large_image\" \/>\n<meta name=\"twitter:label1\" content=\"Gesch\u00e4tzte Lesezeit\" \/>\n\t<meta name=\"twitter:data1\" content=\"1\u00a0Minute\" \/>\n<script type=\"application\/ld+json\" class=\"yoast-schema-graph\">{\"@context\":\"https:\/\/schema.org\",\"@graph\":[{\"@type\":\"WebPage\",\"@id\":\"https:\/\/preprod.henri-vins.ch\/de\/newsletters\/\",\"url\":\"https:\/\/preprod.henri-vins.ch\/de\/newsletters\/\",\"name\":\"Werden Sie Mitglied unserer Henri Community\",\"isPartOf\":{\"@id\":\"https:\/\/preprod.henri-vins.ch\/de\/#website\"},\"datePublished\":\"2023-12-12T10:19:48+00:00\",\"dateModified\":\"2023-12-14T14:37:52+00:00\",\"description\":\"Melden Sie sich f\u00fcr den Newsletter an, um alles \u00fcber die Schweizer Weinmarke Henri aus dem Hause Henri Badoux zu erfahren: Veranstaltungen, Neuigkeiten und Ideen f\u00fcr Kombinationen von Speisen und Weinen.\",\"breadcrumb\":{\"@id\":\"https:\/\/preprod.henri-vins.ch\/de\/newsletters\/#breadcrumb\"},\"inLanguage\":\"de\",\"potentialAction\":[{\"@type\":\"ReadAction\",\"target\":[\"https:\/\/preprod.henri-vins.ch\/de\/newsletters\/\"]}]},{\"@type\":\"BreadcrumbList\",\"@id\":\"https:\/\/preprod.henri-vins.ch\/de\/newsletters\/#breadcrumb\",\"itemListElement\":[{\"@type\":\"ListItem\",\"position\":1,\"name\":\"Accueil\",\"item\":\"https:\/\/preprod.henri-vins.ch\/de\/\"},{\"@type\":\"ListItem\",\"position\":2,\"name\":\"Newsletters\"}]},{\"@type\":\"WebSite\",\"@id\":\"https:\/\/preprod.henri-vins.ch\/de\/#website\",\"url\":\"https:\/\/preprod.henri-vins.ch\/de\/\",\"name\":\"Henri\",\"description\":\"\",\"publisher\":{\"@id\":\"https:\/\/preprod.henri-vins.ch\/de\/#organization\"},\"potentialAction\":[{\"@type\":\"SearchAction\",\"target\":{\"@type\":\"EntryPoint\",\"urlTemplate\":\"https:\/\/preprod.henri-vins.ch\/de\/?s={search_term_string}\"},\"query-input\":{\"@type\":\"PropertyValueSpecification\",\"valueRequired\":true,\"valueName\":\"search_term_string\"}}],\"inLanguage\":\"de\"},{\"@type\":\"Organization\",\"@id\":\"https:\/\/preprod.henri-vins.ch\/de\/#organization\",\"name\":\"Henri\",\"url\":\"https:\/\/preprod.henri-vins.ch\/de\/\",\"logo\":{\"@type\":\"ImageObject\",\"inLanguage\":\"de\",\"@id\":\"https:\/\/preprod.henri-vins.ch\/de\/#\/schema\/logo\/image\/\",\"url\":\"https:\/\/preprod.henri-vins.ch\/wp-content\/uploads\/sites\/2\/2023\/09\/logo-henri.svg\",\"contentUrl\":\"https:\/\/preprod.henri-vins.ch\/wp-content\/uploads\/sites\/2\/2023\/09\/logo-henri.svg\",\"width\":89,\"height\":20,\"caption\":\"Henri\"},\"image\":{\"@id\":\"https:\/\/preprod.henri-vins.ch\/de\/#\/schema\/logo\/image\/\"}}]}<\/script>\n<!-- \/ Yoast SEO plugin. -->","yoast_head_json":{"title":"Werden Sie Mitglied unserer Henri Community","description":"Melden Sie sich f\u00fcr den Newsletter an, um alles \u00fcber die Schweizer Weinmarke Henri aus dem Hause Henri Badoux zu erfahren: Veranstaltungen, Neuigkeiten und Ideen f\u00fcr Kombinationen von Speisen und Weinen.","robots":{"index":"noindex","follow":"follow","max-snippet":"max-snippet:-1","max-image-preview":"max-image-preview:large","max-video-preview":"max-video-preview:-1"},"og_locale":"de_DE","og_type":"article","og_title":"Werden Sie Mitglied unserer Henri Community","og_description":"Melden Sie sich f\u00fcr den Newsletter an, um alles \u00fcber die Schweizer Weinmarke Henri aus dem Hause Henri Badoux zu erfahren: Veranstaltungen, Neuigkeiten und Ideen f\u00fcr Kombinationen von Speisen und Weinen.","og_url":"https:\/\/preprod.henri-vins.ch\/de\/newsletters\/","og_site_name":"Henri","article_modified_time":"2023-12-14T14:37:52+00:00","twitter_card":"summary_large_image","twitter_misc":{"Gesch\u00e4tzte Lesezeit":"1\u00a0Minute"},"schema":{"@context":"https:\/\/schema.org","@graph":[{"@type":"WebPage","@id":"https:\/\/preprod.henri-vins.ch\/de\/newsletters\/","url":"https:\/\/preprod.henri-vins.ch\/de\/newsletters\/","name":"Werden Sie Mitglied unserer Henri Community","isPartOf":{"@id":"https:\/\/preprod.henri-vins.ch\/de\/#website"},"datePublished":"2023-12-12T10:19:48+00:00","dateModified":"2023-12-14T14:37:52+00:00","description":"Melden Sie sich f\u00fcr den Newsletter an, um alles \u00fcber die Schweizer Weinmarke Henri aus dem Hause Henri Badoux zu erfahren: Veranstaltungen, Neuigkeiten und Ideen f\u00fcr Kombinationen von Speisen und Weinen.","breadcrumb":{"@id":"https:\/\/preprod.henri-vins.ch\/de\/newsletters\/#breadcrumb"},"inLanguage":"de","potentialAction":[{"@type":"ReadAction","target":["https:\/\/preprod.henri-vins.ch\/de\/newsletters\/"]}]},{"@type":"BreadcrumbList","@id":"https:\/\/preprod.henri-vins.ch\/de\/newsletters\/#breadcrumb","itemListElement":[{"@type":"ListItem","position":1,"name":"Accueil","item":"https:\/\/preprod.henri-vins.ch\/de\/"},{"@type":"ListItem","position":2,"name":"Newsletters"}]},{"@type":"WebSite","@id":"https:\/\/preprod.henri-vins.ch\/de\/#website","url":"https:\/\/preprod.henri-vins.ch\/de\/","name":"Henri","description":"","publisher":{"@id":"https:\/\/preprod.henri-vins.ch\/de\/#organization"},"potentialAction":[{"@type":"SearchAction","target":{"@type":"EntryPoint","urlTemplate":"https:\/\/preprod.henri-vins.ch\/de\/?s={search_term_string}"},"query-input":{"@type":"PropertyValueSpecification","valueRequired":true,"valueName":"search_term_string"}}],"inLanguage":"de"},{"@type":"Organization","@id":"https:\/\/preprod.henri-vins.ch\/de\/#organization","name":"Henri","url":"https:\/\/preprod.henri-vins.ch\/de\/","logo":{"@type":"ImageObject","inLanguage":"de","@id":"https:\/\/preprod.henri-vins.ch\/de\/#\/schema\/logo\/image\/","url":"https:\/\/preprod.henri-vins.ch\/wp-content\/uploads\/sites\/2\/2023\/09\/logo-henri.svg","contentUrl":"https:\/\/preprod.henri-vins.ch\/wp-content\/uploads\/sites\/2\/2023\/09\/logo-henri.svg","width":89,"height":20,"caption":"Henri"},"image":{"@id":"https:\/\/preprod.henri-vins.ch\/de\/#\/schema\/logo\/image\/"}}]}},"_links":{"self":[{"href":"https:\/\/preprod.henri-vins.ch\/de\/wp-json\/wp\/v2\/pages\/3236"}],"collection":[{"href":"https:\/\/preprod.henri-vins.ch\/de\/wp-json\/wp\/v2\/pages"}],"about":[{"href":"https:\/\/preprod.henri-vins.ch\/de\/wp-json\/wp\/v2\/types\/page"}],"author":[{"embeddable":true,"href":"https:\/\/preprod.henri-vins.ch\/de\/wp-json\/wp\/v2\/users\/14"}],"replies":[{"embeddable":true,"href":"https:\/\/preprod.henri-vins.ch\/de\/wp-json\/wp\/v2\/comments?post=3236"}],"version-history":[{"count":12,"href":"https:\/\/preprod.henri-vins.ch\/de\/wp-json\/wp\/v2\/pages\/3236\/revisions"}],"predecessor-version":[{"id":3297,"href":"https:\/\/preprod.henri-vins.ch\/de\/wp-json\/wp\/v2\/pages\/3236\/revisions\/3297"}],"wp:attachment":[{"href":"https:\/\/preprod.henri-vins.ch\/de\/wp-json\/wp\/v2\/media?parent=3236"}],"curies":[{"name":"wp","href":"https:\/\/api.w.org\/{rel}","templated":true}]}}